{"id":49278,"date":"2022-09-05T18:43:28","date_gmt":"2023-01-18T01:41:05","guid":{"rendered":"https:\/\/diamant-strass-dmc.com\/perles-broderie\/craciun-ring-broderie-diamonda-pictura-de-craciun\/"},"modified":"2023-01-18T02:41:05","modified_gmt":"2023-01-18T01:41:05","slug":"craciun-ring-broderie-diamonda-pictura-de-craciun","status":"publish","type":"product","link":"https:\/\/diamant-strass-dmc.com\/ro\/perles-broderie\/craciun-ring-broderie-diamonda-pictura-de-craciun\/","title":{"rendered":"4 brelocuri de Cr\u0103ciun \u00een broderie de diamante"},"content":{"rendered":"<p><strong>Dimensiunile brelocurilor de chei (f\u0103r\u0103 lan\u021b) \u00een <\/strong><strong>L\u0103\u021bime x \u00een\u0103l\u021bime :<\/strong><br \/>\nBrad: 6 x 6,9 cm<br \/>\nOmul de z\u0103pad\u0103: 7,8 x 5 cm<br \/>\nMufa: 6,9 x 5,1 cm<br \/>\n\u0218osete: 4,7 x 7,3 cm<\/p>\n","protected":false},"excerpt":{"rendered":"<p><strong>Acest set con\u021bine :<\/strong><\/p>\n<ul>\n<li>4 elemente de brodat<\/li>\n<li>1 stilou cu v\u00e2rf<\/li>\n<li>Pungi cu diamante<\/li>\n<li>1 p\u0103trat de lipici<\/li>\n<li>1 tav\u0103 de sortare a diamantelor<\/li>\n<li>4 lan\u021buri + clipsuri<\/li>\n<li>Saci goi pentru depozitarea diamantelor<\/li>\n<\/ul>\n","protected":false},"featured_media":44288,"template":"","meta":{"footnotes":""},"product_brand":[],"product_cat":[7212],"class_list":{"0":"post-49278","1":"product","2":"type-product","3":"status-publish","4":"has-post-thumbnail","6":"product_cat-diamant-broderie-inel-cheie-broderie","8":"first","9":"outofstock","10":"sale","11":"taxable","12":"shipping-taxable","13":"purchasable","14":"product-type-simple"},"aioseo_notices":[],"_links":{"self":[{"href":"https:\/\/diamant-strass-dmc.com\/ro\/wp-json\/wp\/v2\/product\/49278","targetHints":{"allow":["GET"]}}],"collection":[{"href":"https:\/\/diamant-strass-dmc.com\/ro\/wp-json\/wp\/v2\/product"}],"about":[{"href":"https:\/\/diamant-strass-dmc.com\/ro\/wp-json\/wp\/v2\/types\/product"}],"version-history":[{"count":0,"href":"https:\/\/diamant-strass-dmc.com\/ro\/wp-json\/wp\/v2\/product\/49278\/revisions"}],"wp:featuredmedia":[{"embeddable":true,"href":"https:\/\/diamant-strass-dmc.com\/ro\/wp-json\/wp\/v2\/media\/44288"}],"wp:attachment":[{"href":"https:\/\/diamant-strass-dmc.com\/ro\/wp-json\/wp\/v2\/media?parent=49278"}],"wp:term":[{"taxonomy":"product_brand","embeddable":true,"href":"https:\/\/diamant-strass-dmc.com\/ro\/wp-json\/wp\/v2\/product_brand?post=49278"},{"taxonomy":"product_cat","embeddable":true,"href":"https:\/\/diamant-strass-dmc.com\/ro\/wp-json\/wp\/v2\/product_cat?post=49278"}],"curies":[{"name":"wp","href":"https:\/\/api.w.org\/{rel}","templated":true}]}}