{"id":49220,"date":"2022-09-05T19:12:47","date_gmt":"2023-01-18T01:40:46","guid":{"rendered":"https:\/\/diamant-strass-dmc.com\/perles-broderie\/elefant-anel-port-broderie-diamonda-pictura\/"},"modified":"2023-01-18T02:40:46","modified_gmt":"2023-01-18T01:40:46","slug":"elefant-anel-port-broderie-diamonda-pictura","status":"publish","type":"product","link":"https:\/\/diamant-strass-dmc.com\/ro\/perles-broderie\/elefant-anel-port-broderie-diamonda-pictura\/","title":{"rendered":"4 brelocuri de chei elefant \u00een broderie de diamant"},"content":{"rendered":"<p>Dimensiunile brelocurilor (f\u0103r\u0103 lan\u021b): 7 x 7 cm<\/p>\n","protected":false},"excerpt":{"rendered":"<p><strong>Acest set con\u021bine :<\/strong><\/p>\n<ul>\n<li>4 elemente de brodat<\/li>\n<li>1 stilou cu v\u00e2rf<\/li>\n<li>Pungi cu diamante<\/li>\n<li>1 p\u0103trat de lipici<\/li>\n<li>1 tav\u0103 de sortare a diamantelor<\/li>\n<li>4 lan\u021buri + clipsuri<\/li>\n<li>Saci goi pentru depozitarea diamantelor<\/li>\n<\/ul>\n","protected":false},"featured_media":44243,"template":"","meta":{"footnotes":""},"product_brand":[],"product_cat":[7212],"class_list":{"0":"post-49220","1":"product","2":"type-product","3":"status-publish","4":"has-post-thumbnail","6":"product_cat-diamant-broderie-inel-cheie-broderie","8":"first","9":"instock","10":"sale","11":"taxable","12":"shipping-taxable","13":"purchasable","14":"product-type-simple"},"aioseo_notices":[],"_links":{"self":[{"href":"https:\/\/diamant-strass-dmc.com\/ro\/wp-json\/wp\/v2\/product\/49220","targetHints":{"allow":["GET"]}}],"collection":[{"href":"https:\/\/diamant-strass-dmc.com\/ro\/wp-json\/wp\/v2\/product"}],"about":[{"href":"https:\/\/diamant-strass-dmc.com\/ro\/wp-json\/wp\/v2\/types\/product"}],"version-history":[{"count":0,"href":"https:\/\/diamant-strass-dmc.com\/ro\/wp-json\/wp\/v2\/product\/49220\/revisions"}],"wp:featuredmedia":[{"embeddable":true,"href":"https:\/\/diamant-strass-dmc.com\/ro\/wp-json\/wp\/v2\/media\/44243"}],"wp:attachment":[{"href":"https:\/\/diamant-strass-dmc.com\/ro\/wp-json\/wp\/v2\/media?parent=49220"}],"wp:term":[{"taxonomy":"product_brand","embeddable":true,"href":"https:\/\/diamant-strass-dmc.com\/ro\/wp-json\/wp\/v2\/product_brand?post=49220"},{"taxonomy":"product_cat","embeddable":true,"href":"https:\/\/diamant-strass-dmc.com\/ro\/wp-json\/wp\/v2\/product_cat?post=49220"}],"curies":[{"name":"wp","href":"https:\/\/api.w.org\/{rel}","templated":true}]}}