{"id":47740,"date":"2022-11-17T19:12:57","date_gmt":"2022-11-17T18:12:57","guid":{"rendered":"https:\/\/diamant-strass-dmc.com\/perles-broderie\/tava-geant-xxl-broderie-diamant\/"},"modified":"2023-01-18T02:33:02","modified_gmt":"2023-01-18T01:33:02","slug":"tava-geant-xxl-broderie-diamant","status":"publish","type":"product","link":"https:\/\/diamant-strass-dmc.com\/ro\/perles-broderie\/tava-geant-xxl-broderie-diamant\/","title":{"rendered":"Tava gigant pentru broderie cu diamante"},"content":{"rendered":"","protected":false},"excerpt":{"rendered":"<p>Aceast\u0103 tav\u0103 uria\u0219\u0103 cu caneluri m\u0103soar\u0103 <strong>16,5 x 8,5 cm<\/strong>. Laturile sunt deosebit de \u00eenalte (1 cm) \u0219i are un <strong>gur\u0103 de scur<\/strong> gere pentru golirea u\u0219oar\u0103 a diamantelor r\u0103mase.<\/p>\n","protected":false},"featured_media":116117,"template":"","meta":{"footnotes":""},"product_brand":[],"product_cat":[7172],"class_list":{"0":"post-47740","1":"product","2":"type-product","3":"status-publish","4":"has-post-thumbnail","6":"product_cat-accesorii","8":"first","9":"instock","10":"sale","11":"taxable","12":"shipping-taxable","13":"purchasable","14":"product-type-simple"},"aioseo_notices":[],"_links":{"self":[{"href":"https:\/\/diamant-strass-dmc.com\/ro\/wp-json\/wp\/v2\/product\/47740","targetHints":{"allow":["GET"]}}],"collection":[{"href":"https:\/\/diamant-strass-dmc.com\/ro\/wp-json\/wp\/v2\/product"}],"about":[{"href":"https:\/\/diamant-strass-dmc.com\/ro\/wp-json\/wp\/v2\/types\/product"}],"version-history":[{"count":0,"href":"https:\/\/diamant-strass-dmc.com\/ro\/wp-json\/wp\/v2\/product\/47740\/revisions"}],"wp:featuredmedia":[{"embeddable":true,"href":"https:\/\/diamant-strass-dmc.com\/ro\/wp-json\/wp\/v2\/media\/116117"}],"wp:attachment":[{"href":"https:\/\/diamant-strass-dmc.com\/ro\/wp-json\/wp\/v2\/media?parent=47740"}],"wp:term":[{"taxonomy":"product_brand","embeddable":true,"href":"https:\/\/diamant-strass-dmc.com\/ro\/wp-json\/wp\/v2\/product_brand?post=47740"},{"taxonomy":"product_cat","embeddable":true,"href":"https:\/\/diamant-strass-dmc.com\/ro\/wp-json\/wp\/v2\/product_cat?post=47740"}],"curies":[{"name":"wp","href":"https:\/\/api.w.org\/{rel}","templated":true}]}}