{"id":46648,"date":"2022-07-27T03:09:55","date_gmt":"2022-07-27T01:09:55","guid":{"rendered":"https:\/\/diamant-strass-dmc.com\/perles-broderie\/stilou-standard-cu-7-capete-de-diamant\/"},"modified":"2024-10-19T02:30:36","modified_gmt":"2024-10-19T00:30:36","slug":"standard-pen-embroidery-diamond","status":"publish","type":"product","link":"https:\/\/diamant-strass-dmc.com\/ro\/perles-broderie\/standard-pen-embroidery-diamond\/","title":{"rendered":"Kit de 2 stilouri diamantate cu cap \u0219i m\u00e2ner"},"content":{"rendered":"<p><strong>Lungimea stiloului: 12,6 cm.<\/strong><\/p>\n<p>Pixuri standard compatibile cu orice m\u00e2ner sau cap de pix standard.<\/p>\n<p>Capetele multi-diamant sunt utilizate pentru a prinde \u0219i a fixa mai multe m\u0103rgele \u00een acela\u0219i timp. \u00cen acest kit, ve\u021bi g\u0103si un cap pentru fixarea a 3 diamante \u00een acela\u0219i timp \u0219i un altul pentru fixarea a 9 diamante \u00een acela\u0219i timp (pe l\u00e2ng\u0103 cele 2 capete pentru fixarea unuia singur). <\/p>\n<p>Capetele sunt semi-opace, deci las\u0103 s\u0103 treac\u0103 lumina, dar nu sunt nici transparente. Plasticul este alb fumuriu. <\/p>\n","protected":false},"excerpt":{"rendered":"<p style=\"margin-bottom:0;\"><strong>Acest kit include:<\/strong><\/p>\n<ul>\n<li>1 stilou roz + 1 m\u00e2ner ro\u0219u;<\/li>\n<li>1 stilou albastru + 1 m\u00e2ner albastru;<\/li>\n<li>2 capete pentru 1 diamant ;<\/li>\n<li>1 cap pentru 3 diamante ;<\/li>\n<li>1 cap pentru 9 diamante.<\/li>\n<\/ul>\n","protected":false},"featured_media":79389,"template":"","meta":{"footnotes":""},"product_brand":[],"product_cat":[7172,7289],"class_list":{"0":"post-46648","1":"product","2":"type-product","3":"status-publish","4":"has-post-thumbnail","6":"product_cat-accesorii","7":"product_cat-promo-ro","9":"first","10":"instock","11":"sale","12":"taxable","13":"shipping-taxable","14":"purchasable","15":"product-type-simple"},"aioseo_notices":[],"_links":{"self":[{"href":"https:\/\/diamant-strass-dmc.com\/ro\/wp-json\/wp\/v2\/product\/46648","targetHints":{"allow":["GET"]}}],"collection":[{"href":"https:\/\/diamant-strass-dmc.com\/ro\/wp-json\/wp\/v2\/product"}],"about":[{"href":"https:\/\/diamant-strass-dmc.com\/ro\/wp-json\/wp\/v2\/types\/product"}],"version-history":[{"count":1,"href":"https:\/\/diamant-strass-dmc.com\/ro\/wp-json\/wp\/v2\/product\/46648\/revisions"}],"predecessor-version":[{"id":79447,"href":"https:\/\/diamant-strass-dmc.com\/ro\/wp-json\/wp\/v2\/product\/46648\/revisions\/79447"}],"wp:featuredmedia":[{"embeddable":true,"href":"https:\/\/diamant-strass-dmc.com\/ro\/wp-json\/wp\/v2\/media\/79389"}],"wp:attachment":[{"href":"https:\/\/diamant-strass-dmc.com\/ro\/wp-json\/wp\/v2\/media?parent=46648"}],"wp:term":[{"taxonomy":"product_brand","embeddable":true,"href":"https:\/\/diamant-strass-dmc.com\/ro\/wp-json\/wp\/v2\/product_brand?post=46648"},{"taxonomy":"product_cat","embeddable":true,"href":"https:\/\/diamant-strass-dmc.com\/ro\/wp-json\/wp\/v2\/product_cat?post=46648"}],"curies":[{"name":"wp","href":"https:\/\/api.w.org\/{rel}","templated":true}]}}