{"id":46559,"date":"2022-07-28T01:36:54","date_gmt":"2022-10-05T00:02:29","guid":{"rendered":"https:\/\/diamant-strass-dmc.com\/perles-broderie\/diamant-broderie-cap-stilou\/"},"modified":"2024-09-17T17:45:05","modified_gmt":"2024-09-17T15:45:05","slug":"head-stylo-brodery-diamond","status":"publish","type":"product","link":"https:\/\/diamant-strass-dmc.com\/ro\/perles-broderie\/head-stylo-brodery-diamond\/","title":{"rendered":"Capete de stilou pentru pictura cu diamante"},"content":{"rendered":"<p>Fotografia arat\u0103 toate capetele disponibile, dar <strong>pre\u021bul este pentru un singur cap<\/strong> \u0219i nu pentru un lot, cu excep\u021bia cazului \u00een care alege\u021bi <strong><em>Toate capetele, cu excep\u021bia &#8222;A &#8211; Cap corectiv&#8221;.<\/em><\/strong>caz \u00een care ve\u021bi primi toate cele 13 capete multi-diamant plus 1 cap diamant unghiular (14 capete \u00een total).<\/p>\n<p>Se pot monta de la <strong>3 la 15 diamante<\/strong> dintr-o dat\u0103, \u00een func\u021bie de m\u0103rimea capului (figura din fotografie). Aceast\u0103 dimensiune este selectat\u0103 \u00een &#8222;head type&#8221;.<\/p>\n<p>Oferim, de asemenea, un cap care permite plasarea unui singur diamant \u0219i a c\u0103rui caracteristic\u0103 special\u0103 este c\u0103 este <strong>\u00eenclinat<\/strong>, oferind o <strong>mai bun\u0103 ergonomie<\/strong> \u0219i pozi\u021bionare a stiloului.<\/p>\n<p>\u00cen cele din urm\u0103, oferim <strong>&#8222;capul corector<\/strong>&#8222;, care nu permite montarea diamantelor, dar care se introduce \u00eentre r\u00e2nduri pentru ca diamantele s\u0103 fie aliniate corect.<\/p>\n<p>Aceste capete se potrivesc tuturor stilourilor standard de pictur\u0103 cu diamante, inclusiv stiloului roz de baz\u0103 furnizat \u00een majoritatea kiturilor.<\/p>\n<style><!-- .woo-selected-variation-item-name, .woocommerce-product-details__short-description { display:none !important; } li.variable-item { line-height: 1em; } --><\/style>\n","protected":false},"excerpt":{"rendered":"<p>Pictura cu diamante<\/p>\n","protected":false},"featured_media":69631,"template":"","meta":{"footnotes":""},"product_brand":[],"product_cat":[7172],"class_list":{"0":"post-46559","1":"product","2":"type-product","3":"status-publish","4":"has-post-thumbnail","6":"product_cat-accesorii","8":"first","9":"instock","10":"sale","11":"taxable","12":"shipping-taxable","13":"purchasable","14":"product-type-variable","15":"has-default-attributes"},"aioseo_notices":[],"_links":{"self":[{"href":"https:\/\/diamant-strass-dmc.com\/ro\/wp-json\/wp\/v2\/product\/46559","targetHints":{"allow":["GET"]}}],"collection":[{"href":"https:\/\/diamant-strass-dmc.com\/ro\/wp-json\/wp\/v2\/product"}],"about":[{"href":"https:\/\/diamant-strass-dmc.com\/ro\/wp-json\/wp\/v2\/types\/product"}],"version-history":[{"count":8,"href":"https:\/\/diamant-strass-dmc.com\/ro\/wp-json\/wp\/v2\/product\/46559\/revisions"}],"predecessor-version":[{"id":77576,"href":"https:\/\/diamant-strass-dmc.com\/ro\/wp-json\/wp\/v2\/product\/46559\/revisions\/77576"}],"wp:featuredmedia":[{"embeddable":true,"href":"https:\/\/diamant-strass-dmc.com\/ro\/wp-json\/wp\/v2\/media\/69631"}],"wp:attachment":[{"href":"https:\/\/diamant-strass-dmc.com\/ro\/wp-json\/wp\/v2\/media?parent=46559"}],"wp:term":[{"taxonomy":"product_brand","embeddable":true,"href":"https:\/\/diamant-strass-dmc.com\/ro\/wp-json\/wp\/v2\/product_brand?post=46559"},{"taxonomy":"product_cat","embeddable":true,"href":"https:\/\/diamant-strass-dmc.com\/ro\/wp-json\/wp\/v2\/product_cat?post=46559"}],"curies":[{"name":"wp","href":"https:\/\/api.w.org\/{rel}","templated":true}]}}