{"id":46482,"date":"2022-07-27T23:28:44","date_gmt":"2022-07-27T21:28:44","guid":{"rendered":"https:\/\/diamant-strass-dmc.com\/perles-broderie\/stilou-luminos-cu-lupa-si-capete\/"},"modified":"2024-09-17T17:20:40","modified_gmt":"2024-09-17T15:20:40","slug":"iluminate-pen-taietura-taietor-de-dimineata-diamond-broderie","status":"publish","type":"product","link":"https:\/\/diamant-strass-dmc.com\/ro\/perles-broderie\/iluminate-pen-taietura-taietor-de-dimineata-diamond-broderie\/","title":{"rendered":"Stilou iluminat cu lup\u0103 \u0219i capete"},"content":{"rendered":"<p>Acest stilou luminos emite o <strong>lumin\u0103 direc\u021bionat\u0103<\/strong> pentru a facilita ridicarea \u0219i plasarea diamantelor.<\/p>\n<p>Func\u021bioneaz\u0103 cu <strong>2 baterii AAA (nu sunt incluse)<\/strong> \u0219i este prev\u0103zut cu <strong>mai multe capete<\/strong> pentru 1, 3 sau 6 diamante, precum \u0219i cu un &#8222;cap corector&#8221; pentru alinierea diamantelor atunci c\u00e2nd sunt introduse \u00eentre r\u00e2nduri.<\/p>\n<p>Acest stilou vine, de asemenea, cu <strong>o lup\u0103<\/strong> pivotant\u0103 care se prinde pentru a m\u0103ri zona de brodat \u0219i a \u00eembun\u0103t\u0103\u021bi detaliile.<\/p>\n<p>Lumina se aprinde \u0219i se stinge cu ajutorul butonului de la cap\u0103tul stiloului.<\/p>\n","protected":false},"excerpt":{"rendered":"<p><strong>Con\u021binutul pachetului :<\/strong><\/p>\n<ul>\n<li>1 stilou luminos ;<\/li>\n<li>1 lup\u0103 cu cle\u0219te;<\/li>\n<li>1 cap standard 1 diamant ;<\/li>\n<li>1 cap standard cu 3 diamante ;<\/li>\n<li>1 cap 6 diamante ;<\/li>\n<li>1 cap de corec\u021bie ;<\/li>\n<\/ul>\n","protected":false},"featured_media":70702,"template":"","meta":{"footnotes":""},"product_brand":[],"product_cat":[7172,7289],"class_list":{"0":"post-46482","1":"product","2":"type-product","3":"status-publish","4":"has-post-thumbnail","6":"product_cat-accesorii","7":"product_cat-promo-ro","9":"first","10":"instock","11":"sale","12":"taxable","13":"shipping-taxable","14":"purchasable","15":"product-type-variable","16":"has-default-attributes"},"aioseo_notices":[],"_links":{"self":[{"href":"https:\/\/diamant-strass-dmc.com\/ro\/wp-json\/wp\/v2\/product\/46482","targetHints":{"allow":["GET"]}}],"collection":[{"href":"https:\/\/diamant-strass-dmc.com\/ro\/wp-json\/wp\/v2\/product"}],"about":[{"href":"https:\/\/diamant-strass-dmc.com\/ro\/wp-json\/wp\/v2\/types\/product"}],"version-history":[{"count":5,"href":"https:\/\/diamant-strass-dmc.com\/ro\/wp-json\/wp\/v2\/product\/46482\/revisions"}],"predecessor-version":[{"id":77507,"href":"https:\/\/diamant-strass-dmc.com\/ro\/wp-json\/wp\/v2\/product\/46482\/revisions\/77507"}],"wp:featuredmedia":[{"embeddable":true,"href":"https:\/\/diamant-strass-dmc.com\/ro\/wp-json\/wp\/v2\/media\/70702"}],"wp:attachment":[{"href":"https:\/\/diamant-strass-dmc.com\/ro\/wp-json\/wp\/v2\/media?parent=46482"}],"wp:term":[{"taxonomy":"product_brand","embeddable":true,"href":"https:\/\/diamant-strass-dmc.com\/ro\/wp-json\/wp\/v2\/product_brand?post=46482"},{"taxonomy":"product_cat","embeddable":true,"href":"https:\/\/diamant-strass-dmc.com\/ro\/wp-json\/wp\/v2\/product_cat?post=46482"}],"curies":[{"name":"wp","href":"https:\/\/api.w.org\/{rel}","templated":true}]}}