{"id":46344,"date":"2022-09-06T18:03:14","date_gmt":"2022-10-05T00:01:48","guid":{"rendered":"https:\/\/diamant-strass-dmc.com\/perles-broderie\/3-rotile-rola-adeziva\/"},"modified":"2023-01-18T02:36:06","modified_gmt":"2023-01-18T01:36:06","slug":"roulette-broderie-diamond-pictura","status":"publish","type":"product","link":"https:\/\/diamant-strass-dmc.com\/ro\/perles-broderie\/roulette-broderie-diamond-pictura\/","title":{"rendered":"3 rotile + rol\u0103 adeziv\u0103"},"content":{"rendered":"<p>1\/ Ata\u0219a\u021bi <strong>o bucat\u0103 de band\u0103 adeziv\u0103<\/strong> \u00een jurul ro\u021bii;<br \/>\n2\/ Roti\u021bi roata din tav\u0103 pentru a <strong>lua diamantele<\/strong>;<br \/>\n3\/ Rula\u021bi rola pe p\u00e2nz\u0103 pentru a lipi <strong>diamantele<\/strong>.<\/p>\n<p>A\u0219eza\u021bi mai multe diamante cu ajutorul rotilelor furnizate \u00een acest kit, de 3 diametre diferite, \u00een func\u021bie de nevoile dumneavoastr\u0103 (cu c\u00e2t este mai mare roata, cu at\u00e2t mai multe diamante pute\u021bi amplasa).<\/p>\n<p>Rotilele sunt fixate ferm la cap\u0103tul axului lor cu un filet cu \u0219urub \u0219i sunt furnizate 3 axe, astfel \u00eenc\u00e2t s\u0103 v\u0103 pute\u021bi bucura de rotile de diferite dimensiuni f\u0103r\u0103 a fi nevoie s\u0103 le demonta\u021bi de fiecare dat\u0103.<\/p>\n<p>De asemenea, este prev\u0103zut\u0103 o rol\u0103 de band\u0103 adeziv\u0103 cu l\u0103\u021bimea ro\u021bilor.<\/p>\n<p><strong>Roata de rulet\u0103 necesit\u0103 practic\u0103, dar odat\u0103 ce o st\u0103p\u00e2ne\u0219ti, nu vei mai putea s\u0103 te descurci f\u0103r\u0103 ea!<\/strong><\/p>\n","protected":false},"excerpt":{"rendered":"<p><strong>Acest kit con\u021bine :<\/strong><\/p>\n<ul>\n<li><strong>3 ro\u021bi<\/strong> (diametrul 3 cm, 4 cm \u0219i 5 cm) ;<\/li>\n<li><strong>3 tije<\/strong> pentru a le repara;<\/li>\n<li><strong>1 rol\u0103 de band\u0103 adeziv\u0103<\/strong>.<\/li>\n<\/ul>\n","protected":false},"featured_media":44345,"template":"","meta":{"footnotes":""},"product_brand":[],"product_cat":[7172],"class_list":{"0":"post-46344","1":"product","2":"type-product","3":"status-publish","4":"has-post-thumbnail","6":"product_cat-accesorii","8":"first","9":"instock","10":"sale","11":"taxable","12":"shipping-taxable","13":"purchasable","14":"product-type-simple"},"aioseo_notices":[],"_links":{"self":[{"href":"https:\/\/diamant-strass-dmc.com\/ro\/wp-json\/wp\/v2\/product\/46344","targetHints":{"allow":["GET"]}}],"collection":[{"href":"https:\/\/diamant-strass-dmc.com\/ro\/wp-json\/wp\/v2\/product"}],"about":[{"href":"https:\/\/diamant-strass-dmc.com\/ro\/wp-json\/wp\/v2\/types\/product"}],"version-history":[{"count":0,"href":"https:\/\/diamant-strass-dmc.com\/ro\/wp-json\/wp\/v2\/product\/46344\/revisions"}],"wp:featuredmedia":[{"embeddable":true,"href":"https:\/\/diamant-strass-dmc.com\/ro\/wp-json\/wp\/v2\/media\/44345"}],"wp:attachment":[{"href":"https:\/\/diamant-strass-dmc.com\/ro\/wp-json\/wp\/v2\/media?parent=46344"}],"wp:term":[{"taxonomy":"product_brand","embeddable":true,"href":"https:\/\/diamant-strass-dmc.com\/ro\/wp-json\/wp\/v2\/product_brand?post=46344"},{"taxonomy":"product_cat","embeddable":true,"href":"https:\/\/diamant-strass-dmc.com\/ro\/wp-json\/wp\/v2\/product_cat?post=46344"}],"curies":[{"name":"wp","href":"https:\/\/api.w.org\/{rel}","templated":true}]}}