{"id":46325,"date":"2022-09-22T02:40:14","date_gmt":"2022-10-05T00:01:45","guid":{"rendered":"https:\/\/diamant-strass-dmc.com\/perles-broderie\/10-foi-neaderente-de-capac-de-panza\/"},"modified":"2024-09-16T15:33:51","modified_gmt":"2024-09-16T13:33:51","slug":"folii-antiadezive-copera-toaleta","status":"publish","type":"product","link":"https:\/\/diamant-strass-dmc.com\/ro\/perles-broderie\/folii-antiadezive-copera-toaleta\/","title":{"rendered":"Foi antiaderente pentru capace de p\u00e2nz\u0103"},"content":{"rendered":"<p>Poate fi desprins\u0103 \u0219i lipit\u0103 din nou \u0219i <strong>din nou<\/strong>.<br \/>\nEste mult mai eficient \u0219i mai pl\u0103cut, deoarece pute\u021bi lucra \u00een zone mici,<strong> f\u0103r\u0103 a fi \u00eempiedica\u021bi<\/strong> de foaia mare original\u0103, care adesea ajunge s\u0103 nu se lipeasc\u0103. <\/p>\n","protected":false},"excerpt":{"rendered":"<p style=\"display:none;\">ok<\/p>\n","protected":false},"featured_media":45367,"template":"","meta":{"footnotes":""},"product_brand":[],"product_cat":[7172,7289],"class_list":{"0":"post-46325","1":"product","2":"type-product","3":"status-publish","4":"has-post-thumbnail","6":"product_cat-accesorii","7":"product_cat-promo-ro","9":"first","10":"instock","11":"sale","12":"taxable","13":"shipping-taxable","14":"purchasable","15":"product-type-variable","16":"has-default-attributes"},"aioseo_notices":[],"_links":{"self":[{"href":"https:\/\/diamant-strass-dmc.com\/ro\/wp-json\/wp\/v2\/product\/46325","targetHints":{"allow":["GET"]}}],"collection":[{"href":"https:\/\/diamant-strass-dmc.com\/ro\/wp-json\/wp\/v2\/product"}],"about":[{"href":"https:\/\/diamant-strass-dmc.com\/ro\/wp-json\/wp\/v2\/types\/product"}],"version-history":[{"count":1,"href":"https:\/\/diamant-strass-dmc.com\/ro\/wp-json\/wp\/v2\/product\/46325\/revisions"}],"predecessor-version":[{"id":76931,"href":"https:\/\/diamant-strass-dmc.com\/ro\/wp-json\/wp\/v2\/product\/46325\/revisions\/76931"}],"wp:featuredmedia":[{"embeddable":true,"href":"https:\/\/diamant-strass-dmc.com\/ro\/wp-json\/wp\/v2\/media\/45367"}],"wp:attachment":[{"href":"https:\/\/diamant-strass-dmc.com\/ro\/wp-json\/wp\/v2\/media?parent=46325"}],"wp:term":[{"taxonomy":"product_brand","embeddable":true,"href":"https:\/\/diamant-strass-dmc.com\/ro\/wp-json\/wp\/v2\/product_brand?post=46325"},{"taxonomy":"product_cat","embeddable":true,"href":"https:\/\/diamant-strass-dmc.com\/ro\/wp-json\/wp\/v2\/product_cat?post=46325"}],"curies":[{"name":"wp","href":"https:\/\/api.w.org\/{rel}","templated":true}]}}