{"id":46313,"date":"2022-09-06T20:04:44","date_gmt":"2022-10-05T00:01:42","guid":{"rendered":"https:\/\/diamant-strass-dmc.com\/perles-broderie\/spatula-corectiva-pentru-broderie-cu-diamante\/"},"modified":"2023-01-18T02:33:03","modified_gmt":"2023-01-18T01:33:03","slug":"spatula-corector-pentru-diamond-broderie","status":"publish","type":"product","link":"https:\/\/diamant-strass-dmc.com\/ro\/perles-broderie\/spatula-corector-pentru-diamond-broderie\/","title":{"rendered":"Spatul\u0103 de corec\u021bie pentru broderie cu diamante"},"content":{"rendered":"","protected":false},"excerpt":{"rendered":"<p>Introduc\u00e2nd-o <strong>\u00eentre fiecare r\u00e2nd de diamante<\/strong>, aceast\u0103 spatul\u0103 v\u0103 permite s\u0103 le <strong>alinia\u021bi perfect<\/strong>.<\/p>\n<p>\u00cen\u0103l\u021bime: 14 cm<br \/>\nL\u0103\u021bime: 10 cm<\/p>\n","protected":false},"featured_media":44494,"template":"","meta":{"footnotes":""},"product_brand":[],"product_cat":[7172],"class_list":{"0":"post-46313","1":"product","2":"type-product","3":"status-publish","4":"has-post-thumbnail","6":"product_cat-accesorii","8":"first","9":"instock","10":"sale","11":"taxable","12":"shipping-taxable","13":"purchasable","14":"product-type-simple"},"aioseo_notices":[],"_links":{"self":[{"href":"https:\/\/diamant-strass-dmc.com\/ro\/wp-json\/wp\/v2\/product\/46313","targetHints":{"allow":["GET"]}}],"collection":[{"href":"https:\/\/diamant-strass-dmc.com\/ro\/wp-json\/wp\/v2\/product"}],"about":[{"href":"https:\/\/diamant-strass-dmc.com\/ro\/wp-json\/wp\/v2\/types\/product"}],"version-history":[{"count":0,"href":"https:\/\/diamant-strass-dmc.com\/ro\/wp-json\/wp\/v2\/product\/46313\/revisions"}],"wp:featuredmedia":[{"embeddable":true,"href":"https:\/\/diamant-strass-dmc.com\/ro\/wp-json\/wp\/v2\/media\/44494"}],"wp:attachment":[{"href":"https:\/\/diamant-strass-dmc.com\/ro\/wp-json\/wp\/v2\/media?parent=46313"}],"wp:term":[{"taxonomy":"product_brand","embeddable":true,"href":"https:\/\/diamant-strass-dmc.com\/ro\/wp-json\/wp\/v2\/product_brand?post=46313"},{"taxonomy":"product_cat","embeddable":true,"href":"https:\/\/diamant-strass-dmc.com\/ro\/wp-json\/wp\/v2\/product_cat?post=46313"}],"curies":[{"name":"wp","href":"https:\/\/api.w.org\/{rel}","templated":true}]}}