{"id":46216,"date":"2022-08-30T22:19:36","date_gmt":"2022-08-30T20:19:36","guid":{"rendered":"https:\/\/diamant-strass-dmc.com\/perles-broderie\/rigla-de-aliniere-pentru-broderie-cu-diamante\/"},"modified":"2024-09-17T17:41:35","modified_gmt":"2024-09-17T15:41:35","slug":"rigla-aliniere-broderie-diamant","status":"publish","type":"product","link":"https:\/\/diamant-strass-dmc.com\/ro\/perles-broderie\/rigla-aliniere-broderie-diamant\/","title":{"rendered":"Regula de aliniere pentru vopsirea diamantelor"},"content":{"rendered":"<p>Aceast\u0103 regul\u0103 v\u0103 va permite s\u0103 v\u0103 alinia\u021bi perfect diamantele.<\/p>\n<p>Dac\u0103 alege\u021bi &#8222;o rigl\u0103 din fiecare&#8221;, ve\u021bi primi dou\u0103 rigle: una pentru diamante rotunde \u0219i una pentru diamante p\u0103trate.<\/p>\n<p>Rigla este rezistent\u0103, dar \u00een <strong>mod deliberat foarte sub\u021bire<\/strong>, astfel \u00eenc\u00e2t s\u0103 nu se prind\u0103 de diamante atunci c\u00e2nd este ridicat\u0103 de pe p\u00e2nz\u0103.<\/p>\n<p>1\/ Pozi\u021biona\u021bi rigla peste p\u00e2nz\u0103, apoi lipi\u021bi fiecare diamant \u00een spa\u021biul prev\u0103zut.<\/p>\n<p>2\/ Apoi desprinde\u021bi u\u0219or rigla \u00eendoind-o u\u0219or (flexibilitatea ei permite acest lucru).<\/p>\n<div style=\"order: 6; border: 1px solid grey; padding: 10px 10px 0 10px; display: block; font-size: 14px; margin-bottom: 20px;\">\n<p>Rigla cu diamante rotunde are un spa\u021biu pentru fiecare diamant \u00een zona \u00een care va fi plasat, \u00een timp ce rigla cu diamante p\u0103trate nu le dezv\u0103luie pe toate.<\/p>\n<p>Dar <strong>rezultatul alinierii perfecte va fi acela\u0219i<\/strong>, deoarece, odat\u0103 ce diamantele p\u0103trate sunt plasate \u0219i rigla este \u00eendep\u0103rtat\u0103 de pe p\u00e2nz\u0103, va trebui s\u0103 lipi\u021bi diamantele doar \u00een locurile pe care rigla nu le-a dezv\u0103luit.<\/p>\n<p>Iar acestea vor fi neap\u0103rat perfect a\u0219ezate, deoarece vor fi pozi\u021bionate \u00eempotriva diamantelor deja lipite \u0219i bine aliniate.<\/p>\n<p>&nbsp;&nbsp;<\/p>\n<\/div>\n","protected":false},"excerpt":{"rendered":"<ul>\n<li>Rigla pentru diamante rotunde: 11,5 x 3 cm ;<\/li>\n<li>Rigl\u0103 pentru diamante p\u0103trate: 15,5 x 4,5 cm.<\/p>\n<\/li>\n<\/ul>\n","protected":false},"featured_media":70903,"template":"","meta":{"footnotes":""},"product_brand":[],"product_cat":[7172,7289],"class_list":{"0":"post-46216","1":"product","2":"type-product","3":"status-publish","4":"has-post-thumbnail","6":"product_cat-accesorii","7":"product_cat-promo-ro","9":"first","10":"instock","11":"sale","12":"taxable","13":"shipping-taxable","14":"purchasable","15":"product-type-variable","16":"has-default-attributes"},"aioseo_notices":[],"_links":{"self":[{"href":"https:\/\/diamant-strass-dmc.com\/ro\/wp-json\/wp\/v2\/product\/46216","targetHints":{"allow":["GET"]}}],"collection":[{"href":"https:\/\/diamant-strass-dmc.com\/ro\/wp-json\/wp\/v2\/product"}],"about":[{"href":"https:\/\/diamant-strass-dmc.com\/ro\/wp-json\/wp\/v2\/types\/product"}],"version-history":[{"count":8,"href":"https:\/\/diamant-strass-dmc.com\/ro\/wp-json\/wp\/v2\/product\/46216\/revisions"}],"predecessor-version":[{"id":77570,"href":"https:\/\/diamant-strass-dmc.com\/ro\/wp-json\/wp\/v2\/product\/46216\/revisions\/77570"}],"wp:featuredmedia":[{"embeddable":true,"href":"https:\/\/diamant-strass-dmc.com\/ro\/wp-json\/wp\/v2\/media\/70903"}],"wp:attachment":[{"href":"https:\/\/diamant-strass-dmc.com\/ro\/wp-json\/wp\/v2\/media?parent=46216"}],"wp:term":[{"taxonomy":"product_brand","embeddable":true,"href":"https:\/\/diamant-strass-dmc.com\/ro\/wp-json\/wp\/v2\/product_brand?post=46216"},{"taxonomy":"product_cat","embeddable":true,"href":"https:\/\/diamant-strass-dmc.com\/ro\/wp-json\/wp\/v2\/product_cat?post=46216"}],"curies":[{"name":"wp","href":"https:\/\/api.w.org\/{rel}","templated":true}]}}