{"id":150661,"date":"2026-05-12T18:02:32","date_gmt":"2026-05-12T16:02:32","guid":{"rendered":"https:\/\/diamant-strass-dmc.com\/perles-broderie\/palnie-baloane-diamond-pictura-2\/"},"modified":"2026-05-13T02:24:41","modified_gmt":"2026-05-13T00:24:41","slug":"palnie-baloane-diamond-pictura-2","status":"publish","type":"product","link":"https:\/\/diamant-strass-dmc.com\/ro\/perles-broderie\/palnie-baloane-diamond-pictura-2\/","title":{"rendered":"P\u00e2lnie pentru m\u0103rgele de pictur\u0103 cu diamante"},"content":{"rendered":"","protected":false},"excerpt":{"rendered":"<p>P\u00e2lnie pentru margele de pictura diamant :<\/p>\n<ul>\n<li><strong>Retractabil<\/strong>, ocup\u0103 pu\u021bin spa\u021biu atunci c\u00e2nd este pliat;<\/li>\n<li>Compatibil cu<strong> borcanele<\/strong> standard cu<strong> perle<\/strong> (v\u00e2ndute pe site-ul nostru);<\/li>\n<li>Fabricat din silicon;<\/li>\n<li>Culoare: albastru ;<\/li>\n<li>Dimensiuni: <strong>7 x 5,7 cm<\/strong>.<\/li>\n<\/ul>\n","protected":false},"featured_media":150670,"template":"","meta":{"footnotes":""},"product_brand":[],"product_cat":[7172],"class_list":{"0":"post-150661","1":"product","2":"type-product","3":"status-publish","4":"has-post-thumbnail","6":"product_cat-accesorii","8":"first","9":"instock","10":"sale","11":"taxable","12":"shipping-taxable","13":"purchasable","14":"product-type-simple"},"aioseo_notices":[],"_links":{"self":[{"href":"https:\/\/diamant-strass-dmc.com\/ro\/wp-json\/wp\/v2\/product\/150661","targetHints":{"allow":["GET"]}}],"collection":[{"href":"https:\/\/diamant-strass-dmc.com\/ro\/wp-json\/wp\/v2\/product"}],"about":[{"href":"https:\/\/diamant-strass-dmc.com\/ro\/wp-json\/wp\/v2\/types\/product"}],"version-history":[{"count":0,"href":"https:\/\/diamant-strass-dmc.com\/ro\/wp-json\/wp\/v2\/product\/150661\/revisions"}],"wp:featuredmedia":[{"embeddable":true,"href":"https:\/\/diamant-strass-dmc.com\/ro\/wp-json\/wp\/v2\/media\/150670"}],"wp:attachment":[{"href":"https:\/\/diamant-strass-dmc.com\/ro\/wp-json\/wp\/v2\/media?parent=150661"}],"wp:term":[{"taxonomy":"product_brand","embeddable":true,"href":"https:\/\/diamant-strass-dmc.com\/ro\/wp-json\/wp\/v2\/product_brand?post=150661"},{"taxonomy":"product_cat","embeddable":true,"href":"https:\/\/diamant-strass-dmc.com\/ro\/wp-json\/wp\/v2\/product_cat?post=150661"}],"curies":[{"name":"wp","href":"https:\/\/api.w.org\/{rel}","templated":true}]}}