{"id":114997,"date":"2024-05-16T01:27:58","date_gmt":"2024-05-15T23:27:58","guid":{"rendered":"https:\/\/diamant-strass-dmc.com\/perles-broderie\/toile-vierge-pour-diamond-painting-gabarit-modele-en-pdf\/"},"modified":"2025-11-22T04:22:13","modified_gmt":"2025-11-22T03:22:13","slug":"toile-vierge-pour-diamond-painting-gabarit-modele-en-pdf","status":"publish","type":"product","link":"https:\/\/diamant-strass-dmc.com\/ro\/perles-broderie\/toile-vierge-pour-diamond-painting-gabarit-modele-en-pdf\/","title":{"rendered":"P\u00e2nz\u0103 alb\u0103 pentru pictarea diamantelor (\u0219ablon \u00een PDF)"},"content":{"rendered":"<p>Les symboles de carr\u00e9s ou de ronds dans les cases repr\u00e9sentent les endroits o\u00f9 poser les perles, mais <u>les perles couvrent bien toute la case contenant le symbole (et non juste le symbole)<\/u>. Elles sont donc parfaitement coll\u00e9es les unes aux autres.<\/p>\n<p>Au format PDF, ce gabarit mod\u00e8le de diamond painting vous permettra d&#8217;imprimer vous-m\u00eame votre toile vierge afin d&#8217;y coller vos strass.<\/p>\n<p>Aucun r\u00e9glage \u00e0 faire pour obtenir la taille parfaite des emplacements pour perles : imprimez, c&#8217;est pr\u00eat !<\/p>\n<p>Le document est \u00e0 imprimer sur une feuille A4, et garantit une impression parfaite dont les emplacements pour perles correspondent rigoureusement \u00e0 la taille des perles rondes pour diamond painting.<\/p>\n<p>Si vous souhaitez r\u00e9aliser un diamond painting de plus grande taille, vous pouvez imprimer plusieurs fois le document, d\u00e9couper des zones et les coller jusqu&#8217;\u00e0 obtenir la taille souhait\u00e9e.<\/p>\n<style><!-- ul { margin-bottom:0; } .premier, .dayz { display:none; } --><\/style>\n","protected":false},"excerpt":{"rendered":"<p>Les symboles de carr\u00e9s ou de ronds dans les cases repr\u00e9sentent les endroits o\u00f9 poser les perles, mais les perles couvrent bien toute la case contenant le symbole (et non juste le symbole). Elles sont donc parfaitement coll\u00e9es les unes aux autres. Au format PDF, ce gabarit mod\u00e8le de diamond painting vous permettra d&#8217;imprimer vous-m\u00eame [&hellip;]<\/p>\n","protected":false},"featured_media":73368,"template":"","meta":{"footnotes":""},"product_brand":[],"product_cat":[7240],"class_list":{"0":"post-114997","1":"product","2":"type-product","3":"status-publish","4":"has-post-thumbnail","6":"product_cat-fisiere-de-descarcat","8":"first","9":"instock","10":"sale","11":"sold-individually","12":"taxable","13":"shipping-taxable","14":"purchasable","15":"product-type-variable","16":"has-default-attributes"},"aioseo_notices":[],"_links":{"self":[{"href":"https:\/\/diamant-strass-dmc.com\/ro\/wp-json\/wp\/v2\/product\/114997","targetHints":{"allow":["GET"]}}],"collection":[{"href":"https:\/\/diamant-strass-dmc.com\/ro\/wp-json\/wp\/v2\/product"}],"about":[{"href":"https:\/\/diamant-strass-dmc.com\/ro\/wp-json\/wp\/v2\/types\/product"}],"version-history":[{"count":0,"href":"https:\/\/diamant-strass-dmc.com\/ro\/wp-json\/wp\/v2\/product\/114997\/revisions"}],"wp:featuredmedia":[{"embeddable":true,"href":"https:\/\/diamant-strass-dmc.com\/ro\/wp-json\/wp\/v2\/media\/73368"}],"wp:attachment":[{"href":"https:\/\/diamant-strass-dmc.com\/ro\/wp-json\/wp\/v2\/media?parent=114997"}],"wp:term":[{"taxonomy":"product_brand","embeddable":true,"href":"https:\/\/diamant-strass-dmc.com\/ro\/wp-json\/wp\/v2\/product_brand?post=114997"},{"taxonomy":"product_cat","embeddable":true,"href":"https:\/\/diamant-strass-dmc.com\/ro\/wp-json\/wp\/v2\/product_cat?post=114997"}],"curies":[{"name":"wp","href":"https:\/\/api.w.org\/{rel}","templated":true}]}}