{"id":64930,"date":"2023-11-14T22:43:01","date_gmt":"2023-11-14T21:43:01","guid":{"rendered":"https:\/\/diamant-strass-dmc.com\/diamante-vopsire-culori-dmc-aproape-inlocuire\/"},"modified":"2023-11-14T22:43:01","modified_gmt":"2023-11-14T21:43:01","slug":"diamante-vopsire-culori-dmc-aproape-inlocuire","status":"publish","type":"page","link":"https:\/\/diamant-strass-dmc.com\/ro\/diamante-vopsire-culori-dmc-aproape-inlocuire\/","title":{"rendered":"Pictura cu diamante: cele mai apropiate culori DMC pentru \u00eenlocuire"},"content":{"rendered":"<p>\ud83d\udc41\ufe0f Pentru a <strong>vedea<\/strong> cele mai apropiate culori de <strong>\u00eenlocuire<\/strong>, <span style=\"font-weight:bold;color:green;\">face\u021bi clic pe numele culorii<\/span>.<\/p>\n<p>\u2b07\ufe0f Pentru a <strong>sorta lista de culori \u00een func\u021bie de num\u0103r<\/strong>, face\u021bi clic pe &#8222;Floss&#8221; (numele coloanei cu num\u0103rul DMC).<\/p>\n<p>\ud83d\udd0e Pentru a <strong>g\u0103si o anumit\u0103 culoare<\/strong>, introduce\u021bi num\u0103rul s\u0103u DMC \u00een c\u00e2mpul de deasupra listei.<\/p>\n<p>\ud83d\udd19 Pentru a <strong>reveni la<\/strong> lista <strong>ini\u021bial\u0103<\/strong>, face\u021bi clic pe butonul &#8222;Clear&#8221; (\u0218terge) din partea de jos a listei de culori \u00eenchise.<\/p>\n<p><iframe style=\"width:100%;height:500px;border:1px solid #01578B;\" id=\"dmc\" src=\"https:\/\/threadcolors.com\/\"><\/iframe><\/p>\n","protected":false},"excerpt":{"rendered":"<p>\ud83d\udc41\ufe0f Pentru a vedea cele mai apropiate culori de \u00eenlocuire, face\u021bi clic pe numele culorii. \u2b07\ufe0f Pentru a sorta lista de culori \u00een func\u021bie de num\u0103r, face\u021bi clic pe &#8222;Floss&#8221; (numele coloanei cu num\u0103rul DMC). \ud83d\udd0e Pentru a g\u0103si o anumit\u0103 culoare, introduce\u021bi num\u0103rul s\u0103u DMC \u00een c\u00e2mpul de deasupra listei. \ud83d\udd19 Pentru a reveni [&hellip;]<\/p>\n","protected":false},"author":1,"featured_media":0,"parent":0,"menu_order":0,"comment_status":"closed","ping_status":"closed","template":"","meta":{"footnotes":""},"class_list":["post-64930","page","type-page","status-publish","hentry"],"blocksy_meta":[],"aioseo_notices":[],"_links":{"self":[{"href":"https:\/\/diamant-strass-dmc.com\/ro\/wp-json\/wp\/v2\/pages\/64930","targetHints":{"allow":["GET"]}}],"collection":[{"href":"https:\/\/diamant-strass-dmc.com\/ro\/wp-json\/wp\/v2\/pages"}],"about":[{"href":"https:\/\/diamant-strass-dmc.com\/ro\/wp-json\/wp\/v2\/types\/page"}],"author":[{"embeddable":true,"href":"https:\/\/diamant-strass-dmc.com\/ro\/wp-json\/wp\/v2\/users\/1"}],"replies":[{"embeddable":true,"href":"https:\/\/diamant-strass-dmc.com\/ro\/wp-json\/wp\/v2\/comments?post=64930"}],"version-history":[{"count":0,"href":"https:\/\/diamant-strass-dmc.com\/ro\/wp-json\/wp\/v2\/pages\/64930\/revisions"}],"wp:attachment":[{"href":"https:\/\/diamant-strass-dmc.com\/ro\/wp-json\/wp\/v2\/media?parent=64930"}],"curies":[{"name":"wp","href":"https:\/\/api.w.org\/{rel}","templated":true}]}}