{"id":63110,"date":"2023-10-27T23:25:45","date_gmt":"2023-10-27T21:25:45","guid":{"rendered":"https:\/\/diamant-strass-dmc.com\/livrare-retur-schimb\/"},"modified":"2026-01-04T02:43:39","modified_gmt":"2026-01-04T01:43:39","slug":"livrare-retur-schimb","status":"publish","type":"page","link":"https:\/\/diamant-strass-dmc.com\/ro\/livrare-retur-schimb\/","title":{"rendered":"Livrare, retururi \u0219i schimburi"},"content":{"rendered":"<p>Produsele oferite pe site-ul Diamant-Strass-DMC.com sunt stocate \u00een depozitul s\u0103u din Fran\u021ba.<\/p>\n<h2 style=\"margin-top: 50px;\">Transport \u0219i livrare<\/h2>\n<p>Comenzile sunt expediate \u00een termen de 24 de ore de la plasarea comenzii.<\/p>\n<p>Acestea sunt trimise prin scrisoare simpl\u0103, scrisoare urm\u0103rit\u0103 sau Colissimo (serviciile La Poste \u00een Fran\u021ba) sau prin Mondial Relay, \u00een func\u021bie de num\u0103rul \u0219i greutatea articolelor.<\/p>\n<p>Termenul de livrare este de 3 zile lucr\u0103toare pentru Fran\u021ba \u0219i de 4 p\u00e2n\u0103 la 10 zile lucr\u0103toare pentru alte \u021b\u0103ri, cu excep\u021bia oric\u0103ror \u00eent\u00e2rzieri din partea La Poste sau Mondial Relay, independente de controlul Diamant-Strass-DMC.com. Acest termen de livrare este calculat pe fiecare fi\u0219\u0103 de produs \u00een func\u021bie de \u021bara de conectare a clientului, apoi este indicat pe pagina de confirmare a comenzii \u00een func\u021bie de \u021bara introdus\u0103 ca adres\u0103 de livrare.<\/p>\n<p>Doar comenzile cu o valoare minim\u0103 sunt trimise cu urm\u0103rire. Aceast\u0103 valoare este de 15 \u20ac pentru un transport c\u0103tre Fran\u021ba \u0219i de 20 \u20ac pentru un transport c\u0103tre o alt\u0103 \u021bar\u0103. Num\u0103rul de urm\u0103rire este furnizat cump\u0103r\u0103torului \u00een e-mailul de confirmare a expedierii. \u00cen cazul \u00een care comanda a fost pl\u0103tit\u0103 \u00eentr-o alt\u0103 moned\u0103 dec\u00e2t euro, cursul de schimb al acestei monede din ziua comenzii este luat \u00een considerare pentru conversia \u00eentr-o sum\u0103 de 15\u20ac sau 20\u20ac.<\/p>\n<h2 style=\"margin-top: 50px;\">\u00cent\u00e2rzieri \u0219i daune<\/h2>\n<p>Dac\u0103 \u00eent\u00e2rzierea serviciilor po\u0219tale dep\u0103\u0219e\u0219te 3 zile lucr\u0103toare pentru Fran\u021ba sau 5 zile lucr\u0103toare pentru celelalte \u021b\u0103ri, Diamant-Strass-DMC.com se angajeaz\u0103 s\u0103 expedieze din nou comanda cu un num\u0103r de urm\u0103rire comunicat cump\u0103r\u0103torului.<\/p>\n<p>\u00cen cazul \u00een care termenul de livrare dep\u0103\u0219e\u0219te 20 de zile de la data comenzii, contractul de v\u00e2nzare poate fi anulat, iar clientul rambursat integral. De asemenea, este posibil s\u0103 solicita\u021bi Diamant-Strass-DMC.com s\u0103 reexpedia\u021bi imediat comanda \u00eent\u00e2rziat\u0103 sau pierdut\u0103.<\/p>\n<p>\u00cen caz de deteriorare \u00een timpul transportului, trebuie depus\u0103 o reclama\u021bie justificat\u0103 la Diamant-Strass-DMC.com \u00een termen de 3 zile de la livrare, \u00eenso\u021bit\u0103 de o fotografie, la adresa contact@diamant-strass-dmc.com.<\/p>\n<h2 style=\"margin-top: 50px;\">Zona de livrare<\/h2>\n<p>Diamant-Strass-DMC.com livreaz\u0103 \u00een \u00eentreaga lume (f\u0103r\u0103 restric\u021bii de \u021bar\u0103), dar anumite accesorii voluminoase pot fi expediate numai \u00een \u021b\u0103rile Uniunii Europene. Dac\u0103 un accesoriu voluminos este ad\u0103ugat \u00een co\u0219 pentru o \u021bar\u0103 din afara Uniunii Europene, comanda este tehnic imposibil\u0103 (un mesaj de eroare va indica acest lucru cump\u0103r\u0103torului).<\/p>\n<h2 style=\"margin-top: 50px;\">Ratele de livrare<\/h2>\n<p>Taxele de livrare sunt indicate explicit pe pagina co\u0219ului \u0219i pe pagina de confirmare a comenzii. Acestea depind de o serie de factori, cum ar fi greutatea tuturor articolelor.<\/p>\n<h2 style=\"margin-top: 50px;\">Feedback \u0219i discu\u021bii<\/h2>\n<p>Produsele achizi\u021bionate de pe site-ul Diamant-Strass-DMC.com pot fi returnate \u00een termen de 30 de zile de la data achizi\u021biei pentru o rambursare integral\u0103 sau pentru un schimb cu un articol de valoare similar\u0103. Costurile de transport pentru articolele returnate la Diamant-Strass-DMC.com sunt pe cheltuiala clientului.<\/p>\n<p>Cererile trebuie trimise la adresa contact@diamant-strass-dmc.com, men\u021bion\u00e2nd num\u0103rul comenzii.<\/p>\n<p>Adresa de retur este urm\u0103toarea<\/p>\n<p>DIAMANT STRASS DMC<br \/>\n570 RUE DE SOLESMES<br \/>\n59213 VENDEGIES SUR ECAILLON<br \/>\nFRANCE<\/p>\n<p>Articolele returnate dup\u0103 aceast\u0103 perioad\u0103 de 30 de zile nu vor fi rambursate sau schimbate.<\/p>\n<p>Produsele trebuie s\u0103 fie returnate curate \u0219i nedeteriorate. \u00cen cazul pungilor sigilate de diamante, de exemplu, acestea nu trebuie s\u0103 fi fost deschise.<\/p>\n","protected":false},"excerpt":{"rendered":"<p>Produsele oferite pe site-ul Diamant-Strass-DMC.com sunt stocate \u00een depozitul s\u0103u din Fran\u021ba. Transport \u0219i livrare Comenzile sunt expediate \u00een termen de 24 de ore de la plasarea comenzii. Acestea sunt trimise prin scrisoare simpl\u0103, scrisoare urm\u0103rit\u0103 sau Colissimo (serviciile La Poste \u00een Fran\u021ba) sau prin Mondial Relay, \u00een func\u021bie de num\u0103rul \u0219i greutatea articolelor. Termenul [&hellip;]<\/p>\n","protected":false},"author":1,"featured_media":0,"parent":0,"menu_order":0,"comment_status":"closed","ping_status":"closed","template":"","meta":{"footnotes":""},"class_list":["post-63110","page","type-page","status-publish","hentry"],"blocksy_meta":[],"aioseo_notices":[],"_links":{"self":[{"href":"https:\/\/diamant-strass-dmc.com\/ro\/wp-json\/wp\/v2\/pages\/63110","targetHints":{"allow":["GET"]}}],"collection":[{"href":"https:\/\/diamant-strass-dmc.com\/ro\/wp-json\/wp\/v2\/pages"}],"about":[{"href":"https:\/\/diamant-strass-dmc.com\/ro\/wp-json\/wp\/v2\/types\/page"}],"author":[{"embeddable":true,"href":"https:\/\/diamant-strass-dmc.com\/ro\/wp-json\/wp\/v2\/users\/1"}],"replies":[{"embeddable":true,"href":"https:\/\/diamant-strass-dmc.com\/ro\/wp-json\/wp\/v2\/comments?post=63110"}],"version-history":[{"count":6,"href":"https:\/\/diamant-strass-dmc.com\/ro\/wp-json\/wp\/v2\/pages\/63110\/revisions"}],"predecessor-version":[{"id":125173,"href":"https:\/\/diamant-strass-dmc.com\/ro\/wp-json\/wp\/v2\/pages\/63110\/revisions\/125173"}],"wp:attachment":[{"href":"https:\/\/diamant-strass-dmc.com\/ro\/wp-json\/wp\/v2\/media?parent=63110"}],"curies":[{"name":"wp","href":"https:\/\/api.w.org\/{rel}","templated":true}]}}