{"id":26479,"date":"2021-04-09T09:53:15","date_gmt":"2021-04-09T07:53:15","guid":{"rendered":"https:\/\/diamant-strass-dmc.com\/politica-de-confidentialitate-2\/"},"modified":"2024-09-08T03:40:14","modified_gmt":"2024-09-08T01:40:14","slug":"politica-de-confidentialitate","status":"publish","type":"page","link":"https:\/\/diamant-strass-dmc.com\/ro\/politica-de-confidentialitate\/","title":{"rendered":"Politica de confiden\u021bialitate"},"content":{"rendered":"<p>Diamant-Strass-DMC.com acord\u0103 o importan\u021b\u0103 deosebit\u0103 protec\u021biei \u0219i securit\u0103\u021bii datelor personale \u0219i bancare ale utilizatorilor s\u0103i.  <\/p>\n<h2 style=\"margin-top:50px;\">Gestionarea datelor bancare<\/h2>\n<p>  Diamant-Strass-DMC.com nu stocheaz\u0103 \u0219i nu colecteaz\u0103 niciun num\u0103r de card de credit introdus de utilizator \u0219i nu poate accesa aceste informa\u021bii.<br \/>\nAceste informa\u021bii sunt transmise \u00een siguran\u021b\u0103 \u0219i criptate de c\u0103tre prestatorii de servicii de plat\u0103 desemna\u021bi de Diamant-Strass-DMC.com: <em>Stripe<\/em> dac\u0103 cump\u0103r\u0103torul a ales op\u021biunea &#8222;Plat\u0103 prin card de credit&#8221; \u0219i <em>PayPal <\/em>dac\u0103 cump\u0103r\u0103torul a ales op\u021biunea &#8222;Plat\u0103 prin PayPal&#8221;.<br \/>\nAlte platforme de plat\u0103 sunt indicate explicit pe pagina de confirmare a comenzii.   Odat\u0103 ce tranzac\u021bia este finalizat\u0103, ace\u0219ti furnizori de pl\u0103\u021bi informeaz\u0103 Diamant-Strass-DMC.com despre succesul sau e\u0219ecul pl\u0103\u021bii \u0219i nu dezv\u0103luie alte informa\u021bii. Aceste platforme sunt cele mai utilizate de c\u0103tre site-urile comerciale \u0219i garanteaz\u0103 securitatea tranzac\u021biilor, precum \u0219i imposibilitatea ca cineva s\u0103 acceseze datele bancare \u00een cazul \u00een care site-ul Diamant-Strass-DMC.com ar fi piratat, deoarece nu stocheaz\u0103 nicio informa\u021bie bancar\u0103.  <\/p>\n<h2 style=\"margin-top:50px;\">Gestionarea altor date cu caracter personal<\/h2>\n<p>  Nicio informa\u021bie personal\u0103 a utilizatorului site-ului Diamant-Strass-DMC.com nu este publicat\u0103 f\u0103r\u0103 \u0219tirea utilizatorului, schimbat\u0103, transferat\u0103, cedat\u0103 sau v\u00e2ndut\u0103 pe niciun suport ter\u021bilor. Numai asumarea achizi\u021bion\u0103rii site-ului Diamant-Strass-DMC.com \u0219i a drepturilor sale autorizeaz\u0103 DLP Web, editorul site-ului Diamant-Strass-DMC.com, s\u0103 transmit\u0103 informa\u021biile respective eventualului cump\u0103r\u0103tor care, la r\u00e2ndul s\u0103u, ar fi supus aceleia\u0219i obliga\u021bii de conservare \u0219i modificare a datelor fa\u021b\u0103 de utilizatorul site-ului Diamant-Strass-DMC.com. \u00cen Fran\u021ba, datele cu caracter personal sunt protejate \u00een special prin Legea francez\u0103 nr. 78-87 din 6 ianuarie 1978, Legea francez\u0103 nr. 2004-801 din 6 august 2004, articolul L. 226-13 din Codul penal \u0219i Directiva european\u0103 din 24 octombrie 1995.<br \/>\nPe site-ul Diamant-Strass-DMC.com, \u00een conformitate cu articolul 4 din legea francez\u0103 nr. 78-17 din 6 ianuarie 1978, datele referitoare la utilizator sunt colectate numai \u00een scopul serviciului oferit de site, \u0219i anume prelucrarea comenzilor.  Utilizatorul furnizeaz\u0103 aceste informa\u021bii \u00een deplin\u0103 cuno\u0219tin\u021b\u0103 de cauz\u0103, \u00een special atunci c\u00e2nd le introduce el \u00eensu\u0219i. Utilizatorul site-ului Diamant-Strass-DMC.com este apoi informat dac\u0103 este sau nu obligat s\u0103 furnizeze aceste informa\u021bii. \u00cen conformitate cu dispozi\u021biile articolelor 38 \u0219i urm\u0103toarele din Legea francez\u0103 privind protec\u021bia datelor 78-17 din 6 ianuarie 1978, to\u021bi utilizatorii au dreptul de acces, rectificare, \u0219tergere \u0219i opozi\u021bie la orice date cu caracter personal care \u00eei privesc.<br \/>\nPentru a v\u0103 exercita acest drept, trimite\u021bi cererea dumneavoastr\u0103 c\u0103tre Diamant-Strass-DMC.com prin e-mail la adresa contact@diamant-strass-dmc.com.<br \/>\nBazele de date sunt protejate de dispozi\u021biile legii din 1 iulie 1998 de transpunere a directivei franceze 96\/9 din 11 martie 1996 privind protec\u021bia juridic\u0103 a bazelor de date.    <\/p>\n<style><!-- br { content: \" \";display: block;font-size: 100%;height: 2em; } --><\/style>\n","protected":false},"excerpt":{"rendered":"<p>Diamant-Strass-DMC.com acord\u0103 o importan\u021b\u0103 deosebit\u0103 protec\u021biei \u0219i securit\u0103\u021bii datelor personale \u0219i bancare ale utilizatorilor s\u0103i. Gestionarea datelor bancare Diamant-Strass-DMC.com nu stocheaz\u0103 \u0219i nu colecteaz\u0103 niciun num\u0103r de card de credit introdus de utilizator \u0219i nu poate accesa aceste informa\u021bii. Aceste informa\u021bii sunt transmise \u00een siguran\u021b\u0103 \u0219i criptate de c\u0103tre prestatorii de servicii de plat\u0103 desemna\u021bi [&hellip;]<\/p>\n","protected":false},"author":1,"featured_media":0,"parent":0,"menu_order":0,"comment_status":"closed","ping_status":"closed","template":"template-fullwidth.php","meta":{"footnotes":""},"class_list":["post-26479","page","type-page","status-publish","hentry"],"blocksy_meta":[],"aioseo_notices":[],"_links":{"self":[{"href":"https:\/\/diamant-strass-dmc.com\/ro\/wp-json\/wp\/v2\/pages\/26479","targetHints":{"allow":["GET"]}}],"collection":[{"href":"https:\/\/diamant-strass-dmc.com\/ro\/wp-json\/wp\/v2\/pages"}],"about":[{"href":"https:\/\/diamant-strass-dmc.com\/ro\/wp-json\/wp\/v2\/types\/page"}],"author":[{"embeddable":true,"href":"https:\/\/diamant-strass-dmc.com\/ro\/wp-json\/wp\/v2\/users\/1"}],"replies":[{"embeddable":true,"href":"https:\/\/diamant-strass-dmc.com\/ro\/wp-json\/wp\/v2\/comments?post=26479"}],"version-history":[{"count":2,"href":"https:\/\/diamant-strass-dmc.com\/ro\/wp-json\/wp\/v2\/pages\/26479\/revisions"}],"predecessor-version":[{"id":76168,"href":"https:\/\/diamant-strass-dmc.com\/ro\/wp-json\/wp\/v2\/pages\/26479\/revisions\/76168"}],"wp:attachment":[{"href":"https:\/\/diamant-strass-dmc.com\/ro\/wp-json\/wp\/v2\/media?parent=26479"}],"curies":[{"name":"wp","href":"https:\/\/api.w.org\/{rel}","templated":true}]}}