{"id":26346,"date":"2021-04-08T10:40:08","date_gmt":"2021-04-08T08:40:08","guid":{"rendered":"https:\/\/diamant-strass-dmc.com\/termeni-si-conditii-de-vanzare\/"},"modified":"2025-03-02T02:55:00","modified_gmt":"2025-03-02T01:55:00","slug":"cgv","status":"publish","type":"page","link":"https:\/\/diamant-strass-dmc.com\/ro\/cgv\/","title":{"rendered":"Termeni \u0219i condi\u021bii generale de v\u00e2nzare"},"content":{"rendered":"<p>Prezentele condi\u021bii de utilizare sunt \u00eencheiate de orice persoan\u0103 fizic\u0103 sau juridic\u0103 care dore\u0219te s\u0103 fac\u0103 o achizi\u021bie de pe site-ul Diamant-Strass-DMC.com, denumit\u0103 \u00een continuare &#8222;cump\u0103r\u0103torul&#8221;. Iar pe de alt\u0103 parte de c\u0103tre Diamant-Strass-DMC.com, publicat de DPL Web, cu sediul social la 570 rue de Solesmes 59213 Vendegies-sur-\u00c9caillon (Fran\u021ba) \u0219i \u00eenregistrat sub num\u0103rul SIRET <strong>50778378500052<\/strong> \u0219i RCS <strong>Douai A 507 783 785<\/strong>, denumit \u00een continuare Diamant-Strass-DMC.com.<\/p>\n<h2 style=\"margin-top: 50px;\">Scopul acestor condi\u021bii<\/h2>\n<p>Scopul prezentelor condi\u021bii de v\u00e2nzare este de a defini rela\u021biile contractuale dintre cump\u0103r\u0103tor \u0219i Diamant-Strass-DMC.com, precum \u0219i condi\u021biile aplicabile oric\u0103rei achizi\u021bii efectuate prin intermediul site-ului de comer\u021b electronic al Diamant-Strass-DMC.com, indiferent dac\u0103 cump\u0103r\u0103torul este un profesionist sau o persoan\u0103 fizic\u0103. Achizi\u021bionarea unui bun sau serviciu prin intermediul site-ului Diamant-Strass-DMC.com este condi\u021bionat\u0103 de acceptarea f\u0103r\u0103 rezerve de c\u0103tre cump\u0103r\u0103tor a prezentelor condi\u021bii generale de v\u00e2nzare.<\/p>\n<p>Ace\u0219ti termeni \u0219i condi\u021bii generale de v\u00e2nzare prevaleaz\u0103 asupra oric\u0103ror al\u021bi termeni \u0219i condi\u021bii generale sau specifice care nu au fost accepta\u021bi \u00een mod expres de Diamant-Strass-DMC.com. \u00cen plus, Diamant-Strass-DMC.com \u00ee\u0219i rezerv\u0103 dreptul de a modifica condi\u021biile de v\u00e2nzare \u00een orice moment. \u00cen acest caz, condi\u021biile aplicabile vor fi cele \u00een vigoare la data comenzii plasate de c\u0103tre cump\u0103r\u0103tor.<\/p>\n<h2 style=\"margin-top: 50px;\">Caracteristici ale produselor oferite de Diamant-Strass-DMC.com<\/h2>\n<p>Produsele oferite sunt cele prezentate pe site-ul Diamant-Strass-DMC.com. Aceste produse sunt disponibile \u00een limita stocului disponibil. <\/p>\n<h2 style=\"margin-top: 50px;\">Pre\u021burile practicate<\/h2>\n<p>Pre\u021burile afi\u0219ate pe site-ul Diamant-Strass-DMC.com includ toate taxele: acestea iau \u00een considerare taxa pe valoarea ad\u0103ugat\u0103 (TVA) aplicabil\u0103 \u00een ziua plas\u0103rii comenzii. Orice modificare a cotei de TVA se poate reflecta \u00een pre\u021buri. Diamant-Strass-DMC.com \u00ee\u0219i rezerv\u0103 dreptul de a-\u0219i modifica pre\u021burile \u00een orice moment, \u00een\u021beleg\u00e2ndu-se, cu toate acestea, c\u0103 pre\u021bul indicat pe fi\u0219ele produselor la momentul plas\u0103rii comenzii va fi singurul pre\u021b aplicabil cump\u0103r\u0103torului. Pre\u021burile indicate pe fi\u0219ele produselor nu includ costurile de livrare. <\/p>\n<h2 style=\"margin-top: 50px;\">Comand\u0103 pe Diamant-Strass-DMC.com<\/h2>\n<p>Cump\u0103r\u0103torii care doresc s\u0103 plaseze o comand\u0103 trebuie :<\/p>\n<ul>\n<li>Completa\u021bi co\u0219ul de cump\u0103r\u0103turi online, ad\u0103ug\u00e2nd toate referin\u021bele produselor pe care le-a\u021bi ales;<\/li>\n<li>Completa\u021bi formularul de identificare cu datele de contact solicitate sau conecta\u021bi-v\u0103 la contul dvs. de client, dac\u0103 ave\u021bi unul;<\/li>\n<li>Confirma\u021bi comanda prin efectuarea pl\u0103\u021bii, dup\u0103 ce a\u021bi verificat-o \u0219i a\u021bi acceptat ace\u0219ti termeni \u0219i condi\u021bii generale de v\u00e2nzare;<\/li>\n<\/ul>\n<p>Confirmarea comenzii implic\u0103 acceptarea acestor condi\u021bii generale de v\u00e2nzare, recunoa\u0219terea cunoa\u0219terii depline a acestora \u0219i renun\u021barea la dreptul de a invoca propriile condi\u021bii de cump\u0103rare sau alte condi\u021bii. Toate datele furnizate \u0219i confirmarea \u00eenregistrat\u0103 vor fi considerate drept dovad\u0103 a tranzac\u021biei. Confirmarea va fi considerat\u0103 ca fiind o semn\u0103tur\u0103 \u0219i o acceptare a opera\u021biunilor efectuate. V\u00e2nz\u0103torul va trimite un e-mail de confirmare a \u00eenregistr\u0103rii comenzii, urmat de confirmarea expedierii comenzii \u0219i, dac\u0103 este cazul, de num\u0103rul de urm\u0103rire.<\/p>\n<h2 style=\"margin-top: 50px;\">Condi\u021bii de plat\u0103<\/h2>\n<p>Pre\u021bul se pl\u0103te\u0219te \u00een momentul plas\u0103rii comenzii. Contul cump\u0103r\u0103torului este debitat cu valoarea produselor comandate, plus taxele de livrare, dac\u0103 este cazul. <\/p>\n<p>Metodele de plat\u0103 oferite pe pagina de confirmare a comenzii utilizeaz\u0103 toate protocolul SSL (Secure Socket Layer), ceea ce \u00eenseamn\u0103 c\u0103 informa\u021biile transmise sunt criptate prin software \u0219i nu pot fi citite de nicio ter\u021b\u0103 parte \u00een timpul transportului prin re\u021bea.<\/p>\n<p>Diamant-Strass-DMC.com nu stocheaz\u0103 sau colecteaz\u0103 niciun num\u0103r de card de credit introdus de utilizator \u0219i nu poate accesa tehnic aceste informa\u021bii.<\/p>\n<h2 style=\"margin-top: 50px;\">Livrare \u0219i expediere<\/h2>\n<p>Toate produsele sunt stocate \u00een Fran\u021ba, \u00een depozitul Diamant-Strass-DMC.com.<\/p>\n<p>Comenzile sunt expediate \u00een termen de 24 de ore de la plasarea comenzii.<\/p>\n<p>Acestea sunt trimise prin scrisoare simpl\u0103, scrisoare urm\u0103rit\u0103 sau Colissimo (serviciile La Poste \u00een Fran\u021ba) sau prin Mondial Relay, \u00een func\u021bie de num\u0103rul \u0219i greutatea articolelor.<\/p>\n<p>Termenul de livrare este de 3 zile lucr\u0103toare pentru Fran\u021ba \u0219i de 3 p\u00e2n\u0103 la 10 zile lucr\u0103toare pentru alte \u021b\u0103ri, cu excep\u021bia oric\u0103ror \u00eent\u00e2rzieri din partea La Poste sau Mondial Relay independente de controlul Diamant-Strass-DMC.com. Acest termen de livrare este calculat pe fiecare fi\u0219\u0103 de produs \u00een func\u021bie de \u021bara de conectare a clientului, apoi este indicat pe pagina de confirmare a comenzii \u00een func\u021bie de \u021bara introdus\u0103 ca adres\u0103 de livrare. <\/p>\n<p>Doar comenzile cu o valoare minim\u0103 sunt trimise cu urm\u0103rire. Aceast\u0103 valoare este de 15 \u20ac pentru un transport c\u0103tre Fran\u021ba \u0219i de 20 \u20ac pentru un transport c\u0103tre o alt\u0103 \u021bar\u0103. Num\u0103rul de urm\u0103rire este furnizat cump\u0103r\u0103torului \u00een e-mailul de confirmare a expedierii. \u00cen cazul \u00een care comanda a fost pl\u0103tit\u0103 \u00eentr-o alt\u0103 moned\u0103 dec\u00e2t euro, cursul de schimb al acestei monede din ziua comenzii este luat \u00een considerare pentru conversia \u00eentr-o sum\u0103 de 15\u20ac sau 20\u20ac.   <\/p>\n<p>Dac\u0103 \u00eent\u00e2rzierea serviciilor po\u0219tale dep\u0103\u0219e\u0219te 3 zile lucr\u0103toare pentru Fran\u021ba sau 5 zile lucr\u0103toare pentru celelalte \u021b\u0103ri, Diamant-Strass-DMC.com se angajeaz\u0103 s\u0103 expedieze din nou comanda cu un num\u0103r de urm\u0103rire comunicat cump\u0103r\u0103torului.<\/p>\n<p>\u00cen cazul \u00een care termenul de livrare dep\u0103\u0219e\u0219te 20 de zile lucr\u0103toare de la data comenzii, contractul de v\u00e2nzare poate fi reziliat, iar cump\u0103r\u0103torul rambursat.<\/p>\n<h2 style=\"margin-top: 50px;\">Daune<\/h2>\n<p>\u00cen caz de deteriorare \u00een timpul transportului, trebuie depus\u0103 o reclama\u021bie justificat\u0103 la Diamant-Strass-DMC.com \u00een termen de 3 zile de la livrare, \u00eenso\u021bit\u0103 de o fotografie, la adresa contact@diamant-strass-dmc.com.<\/p>\n<h2 style=\"margin-top: 50px;\">Feedback \u0219i discu\u021bii<\/h2>\n<p>Produsele achizi\u021bionate de pe site-ul Diamant-Strass-DMC.com pot fi returnate \u00een termen de 30 de zile de la data achizi\u021biei pentru o rambursare integral\u0103 sau pentru un schimb cu un articol de valoare similar\u0103. Costurile de transport pentru articolele returnate la Diamant-Strass-DMC.com sunt pe cheltuiala clientului.<\/p>\n<p>Solicit\u0103rile trebuie trimise la adresa diamant.strass@gmail.com, men\u021bion\u00e2nd num\u0103rul de ordine.<\/p>\n<p>Adresa de retur este urm\u0103toarea<\/p>\n<p>DIAMANT STRASS DMC<br \/>\n570 RUE DE SOLESMES<br \/>\n59213 VENDEGIES SUR ECAILLON<br \/>\nFRANCE<\/p>\n<p>Articolele returnate dup\u0103 aceast\u0103 perioad\u0103 de 30 de zile nu vor fi rambursate sau schimbate.<\/p>\n<p>Produsele trebuie s\u0103 fie returnate curate \u0219i nedeteriorate. Pachetele de diamante sigilate nu trebuie s\u0103 fi fost deschise.<\/p>\n<h2 style=\"margin-top: 50px;\">Retragere<\/h2>\n<p>Cump\u0103r\u0103torii, persoane fizice neprofesioniste, beneficiaz\u0103 de perioada de retragere prev\u0103zut\u0103 de legisla\u021bia \u021b\u0103rii lor. Pentru a v\u0103 exercita dreptul de retragere, v\u0103 rug\u0103m s\u0103 notifica\u021bi Diamant-Strass-DMC.com folosind formularul de contact al site-ului sau trimi\u021b\u00e2nd un e-mail la contact@diamant-strass-dmc.com.<\/p>\n<p>Ulterior, produsul trebuie returnat la Diamant-Strass-DMC.com \u00een termen de 30 de zile, pentru schimb sau rambursare f\u0103r\u0103 penalizare, cu excep\u021bia costurilor de transport de returnare, care r\u0103m\u00e2n \u00een responsabilitatea clientului.<\/p>\n<p>Rambursarea se va face numai dac\u0103 produsul \u0219i ambalajul acestuia sunt intacte (\u00een cazul plicurilor de perle sigilate, acestea nu trebuie s\u0103 fi fost deschise).<\/p>\n<h2 style=\"margin-top: 50px;\">R\u0103spunderea v\u00e2nz\u0103torului \u0219i proprietatea intelectual\u0103<\/h2>\n<p>V\u00e2nz\u0103torul, \u00een procesul de v\u00e2nzare online, este obligat doar la o obliga\u021bie de mijloace \u0219i nu poate fi tras la r\u0103spundere pentru niciun fel de daune rezultate din utilizarea re\u021belei de internet, cum ar fi pierderea de date, intruziuni, viru\u0219i, \u00eentreruperea serviciului sau alte probleme involuntare.<\/p>\n<h2 style=\"margin-top: 50px;\">Proprietatea intelectual\u0103<\/h2>\n<p>Toate elementele site-ului Diamant-Strass-DMC.com. sunt \u0219i r\u0103m\u00e2n proprietatea intelectual\u0103 exclusiv\u0103 a Diamant-Strass-DMC.com.<\/p>\n<p>Nimeni nu este autorizat s\u0103 reproduc\u0103, s\u0103 exploateze, s\u0103 retransmit\u0103 sau s\u0103 utilizeze \u00een orice mod, chiar \u0219i par\u021bial, elemente ale site-ului, fie ele software, vizuale sau sonore.<\/p>\n<h2 style=\"margin-top: 50px;\">Servicii post-v\u00e2nzare<\/h2>\n<p>Serviciul post-v\u00e2nzare Diamant-Strass-DMC.com este disponibil prin e-mail la contact@diamant-strass-dmc.com sau prin formularul de contact.<\/p>\n<h2 style=\"margin-top: 50px;\">Date cu caracter personal<\/h2>\n<p>\u00cen conformitate cu Legea francez\u0103 privind protec\u021bia datelor din 6 ianuarie 1978, datele cu caracter personal referitoare la cump\u0103r\u0103tori pot fi prelucrate automat. Diamant-Strass-DMC.com \u00ee\u0219i rezerv\u0103 dreptul de a colecta informa\u021bii despre cump\u0103r\u0103tori, inclusiv prin utilizarea de cookie-uri, \u0219i, dac\u0103 dore\u0219te, de a transmite informa\u021biile colectate partenerilor comerciali. Navigarea pe Diamant-Strass-DMC.com implic\u0103 acceptarea colect\u0103rii \u0219i utiliz\u0103rii acestor cookie-uri.<\/p>\n<p>Cump\u0103r\u0103torii se pot opune dezv\u0103luirii datelor lor prin notificarea Diamant-Strass-DMC.com. \u00cen mod similar, utilizatorii au dreptul de a accesa \u0219i rectifica datele care \u00eei privesc, \u00een conformitate cu legea francez\u0103 din 6 ianuarie 1978. Prelucrarea automatizat\u0103 a informa\u021biilor, inclusiv gestionarea adreselor de e-mail ale utilizatorilor site-ului, a fost declarat\u0103 (nr. 1787089) la Comisia Na\u021bional\u0103 pentru Informatic\u0103 \u0219i Libert\u0103\u021bi (CNIL).<\/p>\n<p>Dup\u0103 cum se indic\u0103 mai sus \u00een sec\u021biunea &#8222;metode de plat\u0103&#8221;, Diamant-Strass-DMC.com nu stocheaz\u0103 sau colecteaz\u0103 niciun num\u0103r de card de credit introdus de utilizator \u0219i nu poate accesa tehnic aceste informa\u021bii.<\/p>\n<h2 style=\"margin-top: 50px;\">Arhivare \/ Dovezi<\/h2>\n<p>Diamant-Strass-DMC.com. va arhiva bonurile de comand\u0103 \u0219i facturile pe un suport fiabil \u0219i durabil care s\u0103 constituie o copie fidel\u0103 \u00een conformitate cu dispozi\u021biile articolului 1348 din Codul civil francez. Registrele computerizate ale Diamant-Strass-DMC.com vor fi considerate de c\u0103tre p\u0103r\u021bi ca fiind dovada comunic\u0103rilor, comenzilor, pl\u0103\u021bilor \u0219i tranzac\u021biilor dintre p\u0103r\u021bi.<\/p>\n<h2 style=\"margin-top: 50px;\">Solu\u021bionarea litigiilor<\/h2>\n<p>Prezentele condi\u021bii generale de v\u00e2nzare se supun legisla\u021biei franceze. \u00cen cazul unui litigiu, competen\u021ba este atribuit\u0103 instan\u021belor competente din Paris, Fran\u021ba, \u00een pofida existen\u021bei mai multor p\u00e2r\u00e2\u021bi sau a introducerii unor p\u0103r\u021bi ter\u021be.<\/p>\n","protected":false},"excerpt":{"rendered":"<p>Prezentele condi\u021bii de utilizare sunt \u00eencheiate de orice persoan\u0103 fizic\u0103 sau juridic\u0103 care dore\u0219te s\u0103 fac\u0103 o achizi\u021bie de pe site-ul Diamant-Strass-DMC.com, denumit\u0103 \u00een continuare &#8222;cump\u0103r\u0103torul&#8221;. Iar pe de alt\u0103 parte de c\u0103tre Diamant-Strass-DMC.com, publicat de DPL Web, cu sediul social la 570 rue de Solesmes 59213 Vendegies-sur-\u00c9caillon (Fran\u021ba) \u0219i \u00eenregistrat sub num\u0103rul SIRET 50778378500052 [&hellip;]<\/p>\n","protected":false},"author":1,"featured_media":0,"parent":0,"menu_order":0,"comment_status":"closed","ping_status":"closed","template":"","meta":{"footnotes":""},"class_list":["post-26346","page","type-page","status-publish","hentry"],"blocksy_meta":[],"aioseo_notices":[],"_links":{"self":[{"href":"https:\/\/diamant-strass-dmc.com\/ro\/wp-json\/wp\/v2\/pages\/26346","targetHints":{"allow":["GET"]}}],"collection":[{"href":"https:\/\/diamant-strass-dmc.com\/ro\/wp-json\/wp\/v2\/pages"}],"about":[{"href":"https:\/\/diamant-strass-dmc.com\/ro\/wp-json\/wp\/v2\/types\/page"}],"author":[{"embeddable":true,"href":"https:\/\/diamant-strass-dmc.com\/ro\/wp-json\/wp\/v2\/users\/1"}],"replies":[{"embeddable":true,"href":"https:\/\/diamant-strass-dmc.com\/ro\/wp-json\/wp\/v2\/comments?post=26346"}],"version-history":[{"count":3,"href":"https:\/\/diamant-strass-dmc.com\/ro\/wp-json\/wp\/v2\/pages\/26346\/revisions"}],"predecessor-version":[{"id":84514,"href":"https:\/\/diamant-strass-dmc.com\/ro\/wp-json\/wp\/v2\/pages\/26346\/revisions\/84514"}],"wp:attachment":[{"href":"https:\/\/diamant-strass-dmc.com\/ro\/wp-json\/wp\/v2\/media?parent=26346"}],"curies":[{"name":"wp","href":"https:\/\/api.w.org\/{rel}","templated":true}]}}