{"id":26209,"date":"2021-04-08T09:21:57","date_gmt":"2021-04-08T07:21:57","guid":{"rendered":"https:\/\/diamant-strass-dmc.com\/juridice\/"},"modified":"2024-09-08T03:40:06","modified_gmt":"2024-09-08T01:40:06","slug":"mentiuni-legale","status":"publish","type":"page","link":"https:\/\/diamant-strass-dmc.com\/ro\/mentiuni-legale\/","title":{"rendered":"Informa\u021bii juridice"},"content":{"rendered":"<p style=\"text-align: left;\">\u00cen conformitate cu dispozi\u021biile articolelor 6-III \u0219i 19 din Legea francez\u0103 nr. 2004-575 din 21 iunie 2004 privind \u00eencrederea \u00een economia digital\u0103, cunoscut\u0103 sub numele de L.C.E.N., aducem urm\u0103toarele informa\u021bii \u00een aten\u021bia utilizatorilor \u0219i vizitatorilor site-ului diamant-strass-dmc.com:<\/p>\n<h2 style=\"margin-top:50px;\">1. Informa\u021bii juridice<\/h2>\n<p>  Proprietarul, creatorul site-ului \u0219i directorul de publicare este DPL Web, cu sediul social la 570 rue de Solesmes 59213 Vendegies-sur-\u00c9caillon (Fran\u021ba), num\u0103r SIRET <strong>50778378500052<\/strong> \u0219i num\u0103r RCS <strong>Douai A 507 783 785<\/strong>.<br \/>\nAdresa de e-mail pentru site-ul diamant-strass-dmc.com este contact@diamant-strass-dmc.com .<br \/>\nGazda site-ului este: OVH, a c\u0103rei adres\u0103 este 2 Rue Kellermann 59100 Roubaix (Fran\u021ba).    <\/p>\n<h2 style=\"margin-top:50px;\">2. Prezentare \u0219i principiu<\/h2>\n<p>  este desemnat \u00een continuare: Utilizator, orice utilizator de internet care se conecteaz\u0103 \u0219i utilizeaz\u0103 site-ul men\u021bionat anterior: diamant-strass-dmc.com. Site-ul diamant-strass-dmc.com reune\u0219te un \u00eentreg ansamblu de servicii, \u00een stat, puse la dispozi\u021bia utilizatorilor. Se precizeaz\u0103 aici c\u0103 acesta din urm\u0103 trebuie s\u0103 r\u0103m\u00e2n\u0103 politicos \u0219i s\u0103 dea dovad\u0103 de bun\u0103 credin\u021b\u0103 at\u00e2t fa\u021b\u0103 de ceilal\u021bi utilizatori, c\u00e2t \u0219i fa\u021b\u0103 de webmasterul site-ului diamant-strass-dmc.com. Site-ul diamant-strass-dmc.com este actualizat \u00een mod regulat de c\u0103tre DPL Web, care se str\u0103duie\u0219te s\u0103 furnizeze informa\u021bii c\u00e2t mai exacte (sub rezerva modific\u0103rilor aduse de la punerea \u00een linie), dar nu poate garanta exactitatea, caracterul complet \u0219i actualitatea informa\u021biilor difuzate pe site-ul s\u0103u, fie c\u0103 este vorba de informa\u021biile proprii, fie de cele ale partenerilor ter\u021bi care \u00eei furnizeaz\u0103 aceste informa\u021bii. \u00cen consecin\u021b\u0103, utilizatorii recunosc c\u0103 utilizeaz\u0103 aceste informa\u021bii (care sunt orientative, neexhaustive \u0219i pot fi modificate) pe r\u0103spunderea lor exclusiv\u0103.  <\/p>\n<h2 style=\"margin-top:50px;\">3. Accesibilitate<\/h2>\n<p>  Site-ul diamant-strass-dmc.com este, \u00een principiu, accesibil utilizatorilor 24 de ore pe zi, 7 zile pe s\u0103pt\u0103m\u00e2n\u0103, cu excep\u021bia cazului de \u00eentrerupere, programat\u0103 sau nu, \u00een scopuri de \u00eentre\u021binere sau \u00een caz de for\u021b\u0103 major\u0103. \u00cen caz de imposibilitate de acces la serviciu, diamant-strass-dmc.com se angajeaz\u0103 s\u0103 fac\u0103 tot posibilul pentru a restabili accesul la serviciu \u0219i se va str\u0103dui s\u0103 comunice \u00een prealabil utilizatorilor datele \u0219i orele de interven\u021bie. Fiind supus doar unei obliga\u021bii de mijloace, diamant-strass-dmc.com nu poate fi considerat responsabil pentru niciun prejudiciu, indiferent de natura acestuia, care rezult\u0103 din indisponibilitatea serviciului.  <\/p>\n<h2 style=\"margin-top:50px;\">4. Proprietatea intelectual\u0103<\/h2>\n<p>  DPL Web este proprietarul exclusiv al tuturor drepturilor de proprietate intelectual\u0103 sau de\u021bine drepturile de utilizare asupra tuturor elementelor accesibile pe site, at\u00e2t asupra structurii, c\u00e2t \u0219i asupra textelor, imaginilor, graficii, logo-urilor, pictogramelor, sunetelor, software-ului. Orice reproducere total\u0103 sau par\u021bial\u0103 a site-ului diamant-strass-dmc.com, reprezentare, modificare, publicare, adaptare total\u0103 sau par\u021bial\u0103 a oric\u0103ruia dintre aceste elemente, indiferent de mijloacele sau procedeele utilizate, este interzis\u0103, cu excep\u021bia autoriz\u0103rii scrise prealabile a DPL Web, proprietar, prin e-mail (contact@diamant-strass-dmc.com).<br \/>\nNerespectarea acestei prevederi va fi considerat\u0103 ca fiind constitutiv\u0103 de contrafacere \u0219i pasibil\u0103 de urm\u0103rire penal\u0103 \u00een conformitate cu dispozi\u021biile articolelor L.335-2 \u0219i urm\u0103toarele din Codul francez al propriet\u0103\u021bii intelectuale.   <\/p>\n<h2 style=\"margin-top:50px;\">5. Hyperlink-uri<\/h2>\n<p>  Site-ul diamant-strass-dmc.com con\u021bine o serie de leg\u0103turi hipertext c\u0103tre alte site-uri (parteneri, informa\u021bii etc.) create cu autorizarea DPL Web. Cu toate acestea, nu este \u00een m\u0103sur\u0103 s\u0103 verifice \u00eentregul con\u021binut al site-urilor vizitate \u00een acest mod \u0219i, prin urmare, \u00ee\u0219i declin\u0103 orice responsabilitate pentru orice risc de con\u021binut ilicit.  <\/p>\n<h2 style=\"margin-top:50px;\">6. Protec\u021bia bunurilor \u0219i a persoanelor &#8211; gestionarea datelor cu caracter personal<\/h2>\n<p>  \u00cen Fran\u021ba, datele cu caracter personal sunt protejate prin Legea francez\u0103 nr. 78-87 din 6 ianuarie 1978, Legea francez\u0103 nr. 2004-801 din 6 august 2004, articolul L. 226-13 din Codul penal francez \u0219i Directiva european\u0103 din 24 octombrie 1995.<br \/>\nPe site-ul diamant-strass-dmc.com, DPL Web colecteaz\u0103 numai informa\u021bii cu caracter personal (\u00een conformitate cu articolul 4 din legea francez\u0103 nr. 78-17 din 6 ianuarie 1978) referitoare la utilizator \u00een scopul anumitor servicii oferite de site-ul diamant-strass-dmc.com.  Utilizatorul furnizeaz\u0103 aceste informa\u021bii \u00een deplin\u0103 cuno\u0219tin\u021b\u0103 de cauz\u0103, \u00een special atunci c\u00e2nd le introduce el \u00eensu\u0219i. Se specific\u0103 apoi utilizatorului site-ului diamant-strass-dmc.com obliga\u021bia sau nu de a furniza aceste informa\u021bii. \u00cen conformitate cu dispozi\u021biile articolelor 38 \u0219i urm\u0103toarele din legea francez\u0103 78-17 din 6 ianuarie 1978 privind prelucrarea datelor, fi\u0219ierele de date \u0219i libert\u0103\u021bile individuale, to\u021bi utilizatorii au dreptul de acces, rectificare, \u0219tergere \u0219i opozi\u021bie la orice date cu caracter personal care \u00eei privesc.<br \/>\nPentru a v\u0103 exercita acest drept, v\u0103 rug\u0103m s\u0103 trimite\u021bi solicitarea dumneavoastr\u0103 prin e-mail la adresa contact@diamant-strass-dmc.com.  Nicio informa\u021bie personal\u0103 a utilizatorului site-ului diamant-strass-dmc.com nu este publicat\u0103 f\u0103r\u0103 \u0219tirea utilizatorului, schimbat\u0103, transferat\u0103, cedat\u0103 sau v\u00e2ndut\u0103 pe un suport nespecificat cu ter\u021bi. Numai ipoteza achizi\u021bion\u0103rii site-ului diamant-strass-dmc.com \u0219i a drepturilor sale autorizeaz\u0103 DPL Web s\u0103 transmit\u0103 aceste informa\u021bii eventualului cump\u0103r\u0103tor care, la r\u00e2ndul s\u0103u, va fi obligat la aceea\u0219i obliga\u021bie de p\u0103strare \u0219i modificare a datelor cu privire la utilizatorul site-ului diamant-strass-dmc.com. Diamant-Strass-DMC.com nu stocheaz\u0103 \u0219i nu colecteaz\u0103 niciun num\u0103r de card de credit introdus de utilizator \u0219i nu poate accesa tehnic aceste informa\u021bii.<br \/>\nBazele de date sunt protejate de dispozi\u021biile legii din 1 iulie 1998 de transpunere a directivei franceze 96\/9 din 11 martie 1996 privind protec\u021bia juridic\u0103 a bazelor de date.   <\/p>\n<style><!-- br { content: \" \";display: block;font-size: 100%;height: 2em; } --><\/style>\n","protected":false},"excerpt":{"rendered":"<p>\u00cen conformitate cu dispozi\u021biile articolelor 6-III \u0219i 19 din Legea francez\u0103 nr. 2004-575 din 21 iunie 2004 privind \u00eencrederea \u00een economia digital\u0103, cunoscut\u0103 sub numele de L.C.E.N., aducem urm\u0103toarele informa\u021bii \u00een aten\u021bia utilizatorilor \u0219i vizitatorilor site-ului diamant-strass-dmc.com: 1. Informa\u021bii juridice Proprietarul, creatorul site-ului \u0219i directorul de publicare este DPL Web, cu sediul social la 570 [&hellip;]<\/p>\n","protected":false},"author":1,"featured_media":0,"parent":0,"menu_order":0,"comment_status":"closed","ping_status":"closed","template":"template-fullwidth.php","meta":{"footnotes":""},"class_list":["post-26209","page","type-page","status-publish","hentry"],"blocksy_meta":[],"aioseo_notices":[],"_links":{"self":[{"href":"https:\/\/diamant-strass-dmc.com\/ro\/wp-json\/wp\/v2\/pages\/26209","targetHints":{"allow":["GET"]}}],"collection":[{"href":"https:\/\/diamant-strass-dmc.com\/ro\/wp-json\/wp\/v2\/pages"}],"about":[{"href":"https:\/\/diamant-strass-dmc.com\/ro\/wp-json\/wp\/v2\/types\/page"}],"author":[{"embeddable":true,"href":"https:\/\/diamant-strass-dmc.com\/ro\/wp-json\/wp\/v2\/users\/1"}],"replies":[{"embeddable":true,"href":"https:\/\/diamant-strass-dmc.com\/ro\/wp-json\/wp\/v2\/comments?post=26209"}],"version-history":[{"count":2,"href":"https:\/\/diamant-strass-dmc.com\/ro\/wp-json\/wp\/v2\/pages\/26209\/revisions"}],"predecessor-version":[{"id":76150,"href":"https:\/\/diamant-strass-dmc.com\/ro\/wp-json\/wp\/v2\/pages\/26209\/revisions\/76150"}],"wp:attachment":[{"href":"https:\/\/diamant-strass-dmc.com\/ro\/wp-json\/wp\/v2\/media?parent=26209"}],"curies":[{"name":"wp","href":"https:\/\/api.w.org\/{rel}","templated":true}]}}