{"id":99775,"date":"2024-11-10T17:30:30","date_gmt":"2024-11-10T16:30:30","guid":{"rendered":"https:\/\/diamant-strass-dmc.com\/perles-broderie\/custom-diamond-painting-personnalise-photo\/"},"modified":"2025-11-20T23:00:59","modified_gmt":"2025-11-20T22:00:59","slug":"custom-diamond-painting-personnalise-photo","status":"publish","type":"product","link":"https:\/\/diamant-strass-dmc.com\/pt-pt\/perles-broderie\/custom-diamond-painting-personnalise-photo\/","title":{"rendered":"O meu quadro personalizado com diamantes"},"content":{"rendered":"<p><em>Os diamantes quadrados s\u00e3o mais afiados do que os redondos.<\/em><\/p>\n<p>Importa a foto ou a imagem da tua escolha e recebe-a como uma pintura em diamante alguns dias depois!<\/p>\n<p><strong>Tudo \u00e9 fornecido<\/strong>: tela adesiva, sacos de contas, tabuleiro de sele\u00e7\u00e3o, caneta e quadrados de cola.<\/p>\n<p><!--<img loading=\"lazy\" decoding=\"async\" src=\"https:\/\/diamant-strass-dmc.com\/wp-content\/uploads\/2024\/11\/diamond-painting-dp-mycustom.jpg\" alt=\"Personnalisation diamond painting custom\" width=\"1024\" height=\"1024\" class=\"alignleft size-full wp-image-104929\" style=\"width:100%;margin-bottom:30px;\" srcset=\"https:\/\/diamant-strass-dmc.com\/wp-content\/uploads\/2024\/11\/diamond-painting-dp-mycustom.jpg 1024w, https:\/\/diamant-strass-dmc.com\/wp-content\/uploads\/2024\/11\/diamond-painting-dp-mycustom-300x300.jpg 300w, https:\/\/diamant-strass-dmc.com\/wp-content\/uploads\/2024\/11\/diamond-painting-dp-mycustom-768x768.jpg 768w, https:\/\/diamant-strass-dmc.com\/wp-content\/uploads\/2024\/11\/diamond-painting-dp-mycustom-416x416.jpg 416w, https:\/\/diamant-strass-dmc.com\/wp-content\/uploads\/2024\/11\/diamond-painting-dp-mycustom-600x600.jpg 600w\" sizes=\"auto, (max-width: 1024px) 100vw, 1024px\" \/>--><\/p>\n<p>Imortaliza as tuas mais belas recorda\u00e7\u00f5es com a pintura de diamantes e obt\u00e9m ainda mais prazer com isso.<\/p>\n<p>Retratos, fotografias de casamento, animais de estima\u00e7\u00e3o&#8230; Oferece a ti mesmo ou <strong>a um ente querido um presente<\/strong> original que ele n\u00e3o esquecer\u00e1 t\u00e3o cedo! <\/p>\n<p>Qualquer foto ou imagem que n\u00e3o se adapte ao formato escolhido ser\u00e1 ligeiramente redimensionada por n\u00f3s, mas nunca distorcida ou mal enquadrada. Se tiveres d\u00favidas sobre a qualidade da imagem ou da fotografia original, entraremos em contacto contigo por e-mail para te pedir a tua opini\u00e3o. Se n\u00e3o estiveres satisfeito com o resultado da simula\u00e7\u00e3o, podes enviar-nos outra imagem ou receber um reembolso. <\/p>\n<style><!-- .enkar2div, .wcuf_already_uploaded_data_container h4, a.button.download_small_button, button.button.delete_button, .newdp, .dayz { display:none !important; } div#wcuf_file_uploads_container { background: #eee;border-top:1px solid green; } .wcuf_upload_fields_row_element { margin-bottom:0 !important; } .wcuf_single_upload_field_container { margin-bottom:0 !important; } .single-product div.product table.variations { border-top:0; } .wcuf_single_upload_field_container { border:0 !important;margin-top:0 !important; } h4.wcuf_upload_field_title { color: #111 !important;font-size: 17px !important;font-family:arial; } p.wcuf_field_description { margin: 0 0 5px 0; } .wcuf_upload_drag_and_drop_area { margin-bottom:0 !important;background:white;border:2px dashed #333 !important; } .wcuf_drag_and_drop_area_description { color:#333 !important; } .wcuf_drag_and_drop_area_icon { fill:#01578B !important; } li.wcuf_file_preview_list_item { background:#DFF1F2 !important; } .wcuf_already_uploaded_data_container { background:#DFF1F2;border-radius:5px !important;border:2px solid black !important; } .wcuf_preview_file_title { color:#111; } .woocommerce-variation-price { display:block !important; } @media (max-width: 689px) { .woocommerce-product-details__short-description p.dp2 { margin-bottom:20px; } }\n\n .bf-banner {\n    background: linear-gradient(90deg, #000000, #111111, #ff0040, #000000);\n    background-size: 300% 300%;\n    animation: bfGradient 6s ease infinite;\n    color: #ffffff;\n    text-align: center;\n    padding: 10px 12px;\n    margin-bottom: 15px;\n    font-family: inherit;\n    font-weight: 800;\n    font-size: 16px;\n    line-height: 1.25;\n    text-transform: uppercase;\n    box-shadow: 0 2px 10px rgba(0,0,0,0.35);\n  }\n\n  .bf-banner-inner {\n    display: inline-flex;\n    align-items: center;\n    justify-content: center;\n    gap: 8px;\n    flex-wrap: wrap;\n  }\n\n  .bf-label {\n    display: inline-flex;\n    align-items: center;\n    gap: 6px;\n  }\n\n  .bf-label-emoji {\n    font-size: 18px;\n  }\n\n  .bf-badge {\n    display: inline-flex;\n    align-items: center;\n    justify-content: center;\n    padding: 4px 12px;\n    border-radius: 999px;\n    background: #ffffff;\n    color: #000000;\n    font-size: 15px;\n    font-weight: 900;\n    box-shadow: 0 0 0 2px rgba(255,255,255,0.25);\n    animation: bfPulse 1.8s ease-in-out infinite;\n    white-space: nowrap;\n  }\n\n  .bf-text {\n    font-size: 14px;\n    font-weight: 600;\n  }\n\n  @keyframes bfGradient {\n    0%   { background-position: 0% 50%; }\n    50%  { background-position: 100% 50%; }\n    100% { background-position:   0% 50%; }\n  }\n\n  @keyframes bfPulse {\n    0%   { transform: scale(1);   box-shadow: 0 0 0 2px rgba(255,255,255,0.25); }\n    50%  { transform: scale(1.08); box-shadow: 0 0 0 6px rgba(255,255,255,0.05); }\n    100% { transform: scale(1);   box-shadow: 0 0 0 2px rgba(255,255,255,0.25); }\n  }\n\n  @media (max-width: 600px) {\n    .bf-banner {\n      padding: 8px 8px;\n      font-size: 14px;\n    }\n    .bf-text {\n      font-size: 13px;\n    }\n  }\n\n--><\/style>\n","protected":false},"excerpt":{"rendered":"<p style=\"color:#0b63b0;margin-bottom:20px;\"><strong>Entrega gratuita!<\/strong><\/p>\n<div class=\"bf-banner\">\n<div class=\"bf-banner-inner\">\n     <span class=\"bf-label\"><br \/>\n      <span class=\"bf-label-emoji\">\ud83d\udda4\ud83d\udd25<\/span><br \/>\n      <span>Black Friday<\/span><br \/>\n    <\/span><br \/>\n    <span class=\"bf-badge\">-50%<\/span><br \/>\n    <span class=\"bf-text\">em todas as telas<\/span>\n  <\/div>\n<\/div>\n<p class=\"dp3\">\ud83d\uddbc\ufe0f A sua foto transformada num DP<\/p>\n<p class=\"dp3\">\ud83d\udcf8 Pr\u00e9-visualiza\u00e7\u00e3o r\u00e1pida<\/p>\n<p class=\"dp3\">\u2705 Tudo inclu\u00eddo<\/p>\n<p class=\"dp4\">\u2728 Crie a sua imagem com IA.<\/p>\n","protected":false},"featured_media":104880,"template":"","meta":{"footnotes":""},"product_brand":[],"product_cat":[7181,7720],"class_list":{"0":"post-99775","1":"product","2":"type-product","3":"status-publish","4":"has-post-thumbnail","6":"product_cat-acessorios","7":"product_cat-personalizado-pt-pt","8":"product_shipping_class-custom","10":"first","11":"instock","12":"sale","13":"taxable","14":"shipping-taxable","15":"purchasable","16":"product-type-variable","17":"has-default-attributes"},"aioseo_notices":[],"_links":{"self":[{"href":"https:\/\/diamant-strass-dmc.com\/pt-pt\/wp-json\/wp\/v2\/product\/99775","targetHints":{"allow":["GET"]}}],"collection":[{"href":"https:\/\/diamant-strass-dmc.com\/pt-pt\/wp-json\/wp\/v2\/product"}],"about":[{"href":"https:\/\/diamant-strass-dmc.com\/pt-pt\/wp-json\/wp\/v2\/types\/product"}],"version-history":[{"count":8,"href":"https:\/\/diamant-strass-dmc.com\/pt-pt\/wp-json\/wp\/v2\/product\/99775\/revisions"}],"predecessor-version":[{"id":114461,"href":"https:\/\/diamant-strass-dmc.com\/pt-pt\/wp-json\/wp\/v2\/product\/99775\/revisions\/114461"}],"wp:featuredmedia":[{"embeddable":true,"href":"https:\/\/diamant-strass-dmc.com\/pt-pt\/wp-json\/wp\/v2\/media\/104880"}],"wp:attachment":[{"href":"https:\/\/diamant-strass-dmc.com\/pt-pt\/wp-json\/wp\/v2\/media?parent=99775"}],"wp:term":[{"taxonomy":"product_brand","embeddable":true,"href":"https:\/\/diamant-strass-dmc.com\/pt-pt\/wp-json\/wp\/v2\/product_brand?post=99775"},{"taxonomy":"product_cat","embeddable":true,"href":"https:\/\/diamant-strass-dmc.com\/pt-pt\/wp-json\/wp\/v2\/product_cat?post=99775"}],"curies":[{"name":"wp","href":"https:\/\/api.w.org\/{rel}","templated":true}]}}