{"id":71580,"date":"2022-09-06T19:22:08","date_gmt":"2022-09-06T17:22:08","guid":{"rendered":"https:\/\/diamant-strass-dmc.com\/perles-broderie\/rolo-de-bordadura-diamante-diamante-pintura\/"},"modified":"2025-10-31T04:11:12","modified_gmt":"2025-10-31T03:11:12","slug":"rolo-de-bordadura-diamante-diamante-pintura","status":"publish","type":"product","link":"https:\/\/diamant-strass-dmc.com\/pt-pt\/perles-broderie\/rolo-de-bordadura-diamante-diamante-pintura\/","title":{"rendered":"Rolo de bordar de diamante"},"content":{"rendered":"<p>Este rolo robusto garante que todos os diamantes est\u00e3o <strong>completamente colados<\/strong> e que a <strong>tela est\u00e1 nivel<\/strong>ada.<\/p>\n<p><strong>Dimens\u00f5es: <\/strong>11,5 x 13 cm<br \/>\nPega: 9 cm<br \/>\nRolo (cilindro vermelho): 9,5 cm<\/p>\n<p>Este produto s\u00f3 pode ser enviado numa encomenda (n\u00e3o num envelope com bolhas). Os custos de envio s\u00e3o calculados em conformidade.<\/p>\n","protected":false},"excerpt":{"rendered":"<p style=\"font-size: 14px; line-height: 1.2em;text-align:justify;padding-right:10px;\">\u26a0\ufe0f <strong>Este artigo s\u00f3 pode ser enviado dentro da Uni\u00e3o Europeia<\/strong> (\u00c1ustria, B\u00e9lgica, Bulg\u00e1ria, Cro\u00e1cia, Chipre, Rep\u00fablica Checa, Dinamarca, Est\u00f3nia, Finl\u00e2ndia, Fran\u00e7a, Alemanha, Gr\u00e9cia, Hungria, Irlanda, It\u00e1lia, Let\u00f3nia, Litu\u00e2nia, Luxemburgo, Malta, Pa\u00edses Baixos, Pol\u00f3nia, Portugal, Rom\u00e9nia, Eslov\u00e1quia, Eslov\u00e9nia, Espanha e Su\u00e9cia).<\/p>\n","protected":false},"featured_media":148528,"template":"","meta":{"footnotes":""},"product_brand":[],"product_cat":[7181],"class_list":{"0":"post-71580","1":"product","2":"type-product","3":"status-publish","4":"has-post-thumbnail","6":"product_cat-acessorios","7":"product_shipping_class-colissimo","9":"first","10":"instock","11":"sale","12":"taxable","13":"shipping-taxable","14":"purchasable","15":"product-type-simple"},"aioseo_notices":[],"_links":{"self":[{"href":"https:\/\/diamant-strass-dmc.com\/pt-pt\/wp-json\/wp\/v2\/product\/71580","targetHints":{"allow":["GET"]}}],"collection":[{"href":"https:\/\/diamant-strass-dmc.com\/pt-pt\/wp-json\/wp\/v2\/product"}],"about":[{"href":"https:\/\/diamant-strass-dmc.com\/pt-pt\/wp-json\/wp\/v2\/types\/product"}],"version-history":[{"count":1,"href":"https:\/\/diamant-strass-dmc.com\/pt-pt\/wp-json\/wp\/v2\/product\/71580\/revisions"}],"predecessor-version":[{"id":71592,"href":"https:\/\/diamant-strass-dmc.com\/pt-pt\/wp-json\/wp\/v2\/product\/71580\/revisions\/71592"}],"wp:featuredmedia":[{"embeddable":true,"href":"https:\/\/diamant-strass-dmc.com\/pt-pt\/wp-json\/wp\/v2\/media\/148528"}],"wp:attachment":[{"href":"https:\/\/diamant-strass-dmc.com\/pt-pt\/wp-json\/wp\/v2\/media?parent=71580"}],"wp:term":[{"taxonomy":"product_brand","embeddable":true,"href":"https:\/\/diamant-strass-dmc.com\/pt-pt\/wp-json\/wp\/v2\/product_brand?post=71580"},{"taxonomy":"product_cat","embeddable":true,"href":"https:\/\/diamant-strass-dmc.com\/pt-pt\/wp-json\/wp\/v2\/product_cat?post=71580"}],"curies":[{"name":"wp","href":"https:\/\/api.w.org\/{rel}","templated":true}]}}