{"id":71557,"date":"2024-03-18T01:48:57","date_gmt":"2024-03-18T00:48:57","guid":{"rendered":"https:\/\/diamant-strass-dmc.com\/perles-broderie\/lupa-clipe-flexivel-luminoso-led-diamante-pintura\/"},"modified":"2025-10-31T04:11:20","modified_gmt":"2025-10-31T03:11:20","slug":"lupa-clipe-flexivel-luminoso-led-diamante-pintura","status":"publish","type":"product","link":"https:\/\/diamant-strass-dmc.com\/pt-pt\/perles-broderie\/lupa-clipe-flexivel-luminoso-led-diamante-pintura\/","title":{"rendered":"Lupa de encaixe flex\u00edvel com luz LED"},"content":{"rendered":"<ul>\n<li>Lupa <strong>x2,5<\/strong> + mini focus <strong>x5<\/strong>;<\/li>\n<li><strong>Ilumina\u00e7\u00e3o<\/strong> dupla LED direccionada ;<\/li>\n<li><strong>Bra\u00e7o flex\u00edvel<\/strong>;<\/li>\n<li><strong>Pode ser<\/strong> completamente <strong>desmontado<\/strong>;<\/li>\n<li><strong>Pode ser fixada<\/strong> em qualquer superf\u00edcie.<\/li>\n<\/ul>\n<p>Funciona com 3 pilhas AAA (n\u00e3o inclu\u00eddas). Todas as partes da lente de amplia\u00e7\u00e3o podem ser desaparafusadas para facilitar o transporte.<\/p>\n<p>A lupa permite ver 2,5 vezes mais, e cont\u00e9m um foco (lente) com 2,5 cm de di\u00e2metro, que permite ver 5 vezes mais.<\/p>\n<p>Comprimento do bra\u00e7o flex\u00edvel: 25 cm.<br \/>\nDi\u00e2metro da lupa: 12,5 cm.<\/p>\n<p>Este produto s\u00f3 pode ser enviado numa encomenda (n\u00e3o num envelope com bolhas). Os custos de envio s\u00e3o calculados em conformidade.<\/p>\n","protected":false},"excerpt":{"rendered":"<p style=\"font-size: 14px; line-height: 1.2em;text-align:justify;padding-right:10px;\">\u26a0\ufe0f <strong>Este artigo s\u00f3 pode ser enviado dentro da Uni\u00e3o Europeia<\/strong> (\u00c1ustria, B\u00e9lgica, Bulg\u00e1ria, Cro\u00e1cia, Chipre, Rep\u00fablica Checa, Dinamarca, Est\u00f3nia, Finl\u00e2ndia, Fran\u00e7a, Alemanha, Gr\u00e9cia, Hungria, Irlanda, It\u00e1lia, Let\u00f3nia, Litu\u00e2nia, Luxemburgo, Malta, Pa\u00edses Baixos, Pol\u00f3nia, Portugal, Rom\u00e9nia, Eslov\u00e1quia, Eslov\u00e9nia, Espanha e Su\u00e9cia).<\/p>\n","protected":false},"featured_media":71329,"template":"","meta":{"footnotes":""},"product_brand":[],"product_cat":[7181],"class_list":{"0":"post-71557","1":"product","2":"type-product","3":"status-publish","4":"has-post-thumbnail","6":"product_cat-acessorios","7":"product_shipping_class-colissimo","9":"first","10":"outofstock","11":"sale","12":"taxable","13":"shipping-taxable","14":"purchasable","15":"product-type-simple"},"aioseo_notices":[],"_links":{"self":[{"href":"https:\/\/diamant-strass-dmc.com\/pt-pt\/wp-json\/wp\/v2\/product\/71557","targetHints":{"allow":["GET"]}}],"collection":[{"href":"https:\/\/diamant-strass-dmc.com\/pt-pt\/wp-json\/wp\/v2\/product"}],"about":[{"href":"https:\/\/diamant-strass-dmc.com\/pt-pt\/wp-json\/wp\/v2\/types\/product"}],"version-history":[{"count":1,"href":"https:\/\/diamant-strass-dmc.com\/pt-pt\/wp-json\/wp\/v2\/product\/71557\/revisions"}],"predecessor-version":[{"id":71570,"href":"https:\/\/diamant-strass-dmc.com\/pt-pt\/wp-json\/wp\/v2\/product\/71557\/revisions\/71570"}],"wp:featuredmedia":[{"embeddable":true,"href":"https:\/\/diamant-strass-dmc.com\/pt-pt\/wp-json\/wp\/v2\/media\/71329"}],"wp:attachment":[{"href":"https:\/\/diamant-strass-dmc.com\/pt-pt\/wp-json\/wp\/v2\/media?parent=71557"}],"wp:term":[{"taxonomy":"product_brand","embeddable":true,"href":"https:\/\/diamant-strass-dmc.com\/pt-pt\/wp-json\/wp\/v2\/product_brand?post=71557"},{"taxonomy":"product_cat","embeddable":true,"href":"https:\/\/diamant-strass-dmc.com\/pt-pt\/wp-json\/wp\/v2\/product_cat?post=71557"}],"curies":[{"name":"wp","href":"https:\/\/api.w.org\/{rel}","templated":true}]}}