{"id":71530,"date":"2024-03-01T23:52:23","date_gmt":"2024-03-01T22:52:23","guid":{"rendered":"https:\/\/diamant-strass-dmc.com\/perles-broderie\/pintura-de-prateleira-leve-diamante\/"},"modified":"2025-10-31T04:11:23","modified_gmt":"2025-10-31T03:11:23","slug":"pintura-de-prateleira-leve-diamante","status":"publish","type":"product","link":"https:\/\/diamant-strass-dmc.com\/pt-pt\/perles-broderie\/pintura-de-prateleira-leve-diamante\/","title":{"rendered":"Prateleira de luz A4 + suporte e clipes"},"content":{"rendered":"<ul>\n<li><strong>Formato A4<\/strong> (superf\u00edcie iluminada 31 x 23,5 cm) ;<\/li>\n<li>Suporte, cabo USB e 4 clipes <strong>inclu\u00eddos<\/strong>;<\/li>\n<li>Apenas <strong>3 mm<\/strong> de espessura;<\/li>\n<li><strong>3 n\u00edveis<\/strong> de luminosidade ;<\/li>\n<li>Ilumina\u00e7\u00e3o uniforme e sem cintila\u00e7\u00e3o.<\/li>\n<\/ul>\n<p>O cabo USB (fornecido) pode ser ligado a um carregador de telem\u00f3vel normal (n\u00e3o fornecido) ou a outras portas USB normais (computador, determinadas extens\u00f5es de corrente, etc.).<\/p>\n<p>Este produto s\u00f3 pode ser enviado numa encomenda (n\u00e3o num envelope com bolhas). Os custos de envio s\u00e3o calculados em conformidade.<\/p>\n","protected":false},"excerpt":{"rendered":"<p style=\"font-size: 14px; line-height: 1.2em;text-align:justify;padding-right:10px;\">\u26a0\ufe0f <strong>Este artigo s\u00f3 pode ser enviado dentro da Uni\u00e3o Europeia<\/strong> (\u00c1ustria, B\u00e9lgica, Bulg\u00e1ria, Cro\u00e1cia, Chipre, Rep\u00fablica Checa, Dinamarca, Est\u00f3nia, Finl\u00e2ndia, Fran\u00e7a, Alemanha, Gr\u00e9cia, Hungria, Irlanda, It\u00e1lia, Let\u00f3nia, Litu\u00e2nia, Luxemburgo, Malta, Pa\u00edses Baixos, Pol\u00f3nia, Portugal, Rom\u00e9nia, Eslov\u00e1quia, Eslov\u00e9nia, Espanha e Su\u00e9cia).<\/p>\n","protected":false},"featured_media":69208,"template":"","meta":{"footnotes":""},"product_brand":[],"product_cat":[7181],"class_list":{"0":"post-71530","1":"product","2":"type-product","3":"status-publish","4":"has-post-thumbnail","6":"product_cat-acessorios","7":"product_shipping_class-colissimo","9":"first","10":"instock","11":"sale","12":"taxable","13":"shipping-taxable","14":"purchasable","15":"product-type-simple"},"aioseo_notices":[],"_links":{"self":[{"href":"https:\/\/diamant-strass-dmc.com\/pt-pt\/wp-json\/wp\/v2\/product\/71530","targetHints":{"allow":["GET"]}}],"collection":[{"href":"https:\/\/diamant-strass-dmc.com\/pt-pt\/wp-json\/wp\/v2\/product"}],"about":[{"href":"https:\/\/diamant-strass-dmc.com\/pt-pt\/wp-json\/wp\/v2\/types\/product"}],"version-history":[{"count":1,"href":"https:\/\/diamant-strass-dmc.com\/pt-pt\/wp-json\/wp\/v2\/product\/71530\/revisions"}],"predecessor-version":[{"id":71541,"href":"https:\/\/diamant-strass-dmc.com\/pt-pt\/wp-json\/wp\/v2\/product\/71530\/revisions\/71541"}],"wp:featuredmedia":[{"embeddable":true,"href":"https:\/\/diamant-strass-dmc.com\/pt-pt\/wp-json\/wp\/v2\/media\/69208"}],"wp:attachment":[{"href":"https:\/\/diamant-strass-dmc.com\/pt-pt\/wp-json\/wp\/v2\/media?parent=71530"}],"wp:term":[{"taxonomy":"product_brand","embeddable":true,"href":"https:\/\/diamant-strass-dmc.com\/pt-pt\/wp-json\/wp\/v2\/product_brand?post=71530"},{"taxonomy":"product_cat","embeddable":true,"href":"https:\/\/diamant-strass-dmc.com\/pt-pt\/wp-json\/wp\/v2\/product_cat?post=71530"}],"curies":[{"name":"wp","href":"https:\/\/api.w.org\/{rel}","templated":true}]}}