{"id":71495,"date":"2022-07-28T17:39:30","date_gmt":"2022-07-28T15:39:30","guid":{"rendered":"https:\/\/diamant-strass-dmc.com\/perles-broderie\/valisette-box-range-beads-embroidery-diamond\/"},"modified":"2025-10-31T04:11:20","modified_gmt":"2025-10-31T03:11:20","slug":"valisette-box-range-beads-embroidery-diamond","status":"publish","type":"product","link":"https:\/\/diamant-strass-dmc.com\/pt-pt\/perles-broderie\/valisette-box-range-beads-embroidery-diamond\/","title":{"rendered":"Caixa de arruma\u00e7\u00e3o para missangas (64 caixas)"},"content":{"rendered":"<p>Os diamantes n\u00e3o s\u00e3o fornecidos.<\/p>\n<p><strong>Conte\u00fado da embalagem:<\/strong><br \/>\n&#8211; 1 caixa de arruma\u00e7\u00e3o<br \/>\n&#8211; 64 caixas para contas<br \/>\n&#8211; 64 etiquetas rectangulares<\/p>\n<p>Leve consigo at\u00e9 64 refer\u00eancias de cores de diamantes!<br \/>\nEste estojo de arruma\u00e7\u00e3o ultra-compacto tem dois fechos robustos.<\/p>\n<ul>\n<li><strong>Dimens\u00f5es da mala<\/strong>: 22 x 13 x 5,4 cm (altura) ;<\/li>\n<li><strong>Dimens\u00f5es da caixa<\/strong>: 2,5 x 5,1 x 1,1 cm (profundidade) ;<\/li>\n<li><strong>Tamanho da etiqueta<\/strong>: 2 x 1cm.<\/li>\n<\/ul>\n<div class=\"woocommerce-tabs wc-tabs-wrapper\">\n<div id=\"tab-description\" class=\"woocommerce-Tabs-panel woocommerce-Tabs-panel--description panel entry-content wc-tab\" role=\"tabpanel\" aria-labelledby=\"tab-title-description\">\n<p>Este produto s\u00f3 pode ser enviado numa encomenda (n\u00e3o num envelope com bolhas). Os custos de envio s\u00e3o calculados em conformidade.<\/p>\n<\/div>\n<\/div>\n","protected":false},"excerpt":{"rendered":"<p style=\"font-size: 14px; line-height: 1.2em;text-align:justify;padding-right:10px;\">\u26a0\ufe0f <strong>Este artigo s\u00f3 pode ser enviado dentro da Uni\u00e3o Europeia<\/strong> (\u00c1ustria, B\u00e9lgica, Bulg\u00e1ria, Cro\u00e1cia, Chipre, Rep\u00fablica Checa, Dinamarca, Est\u00f3nia, Finl\u00e2ndia, Fran\u00e7a, Alemanha, Gr\u00e9cia, Hungria, Irlanda, It\u00e1lia, Let\u00f3nia, Litu\u00e2nia, Luxemburgo, Malta, Pa\u00edses Baixos, Pol\u00f3nia, Portugal, Rom\u00e9nia, Eslov\u00e1quia, Eslov\u00e9nia, Espanha e Su\u00e9cia).<\/p>\n","protected":false},"featured_media":44515,"template":"","meta":{"footnotes":""},"product_brand":[],"product_cat":[7181],"class_list":{"0":"post-71495","1":"product","2":"type-product","3":"status-publish","4":"has-post-thumbnail","6":"product_cat-acessorios","7":"product_shipping_class-colissimo","9":"first","10":"instock","11":"sale","12":"taxable","13":"shipping-taxable","14":"purchasable","15":"product-type-simple"},"aioseo_notices":[],"_links":{"self":[{"href":"https:\/\/diamant-strass-dmc.com\/pt-pt\/wp-json\/wp\/v2\/product\/71495","targetHints":{"allow":["GET"]}}],"collection":[{"href":"https:\/\/diamant-strass-dmc.com\/pt-pt\/wp-json\/wp\/v2\/product"}],"about":[{"href":"https:\/\/diamant-strass-dmc.com\/pt-pt\/wp-json\/wp\/v2\/types\/product"}],"version-history":[{"count":2,"href":"https:\/\/diamant-strass-dmc.com\/pt-pt\/wp-json\/wp\/v2\/product\/71495\/revisions"}],"predecessor-version":[{"id":100088,"href":"https:\/\/diamant-strass-dmc.com\/pt-pt\/wp-json\/wp\/v2\/product\/71495\/revisions\/100088"}],"wp:featuredmedia":[{"embeddable":true,"href":"https:\/\/diamant-strass-dmc.com\/pt-pt\/wp-json\/wp\/v2\/media\/44515"}],"wp:attachment":[{"href":"https:\/\/diamant-strass-dmc.com\/pt-pt\/wp-json\/wp\/v2\/media?parent=71495"}],"wp:term":[{"taxonomy":"product_brand","embeddable":true,"href":"https:\/\/diamant-strass-dmc.com\/pt-pt\/wp-json\/wp\/v2\/product_brand?post=71495"},{"taxonomy":"product_cat","embeddable":true,"href":"https:\/\/diamant-strass-dmc.com\/pt-pt\/wp-json\/wp\/v2\/product_cat?post=71495"}],"curies":[{"name":"wp","href":"https:\/\/api.w.org\/{rel}","templated":true}]}}