{"id":71247,"date":"2024-03-17T02:22:39","date_gmt":"2024-03-17T22:10:27","guid":{"rendered":"https:\/\/diamant-strass-dmc.com\/perles-broderie\/livro-catalogo-dmc-diamond-painting\/"},"modified":"2024-03-17T23:14:38","modified_gmt":"2024-03-17T22:14:38","slug":"livro-catalogo-dmc-diamond-painting","status":"publish","type":"product","link":"https:\/\/diamant-strass-dmc.com\/pt-pt\/perles-broderie\/livro-catalogo-dmc-diamond-painting\/","title":{"rendered":"Cat\u00e1logo de cores para pintura de diamantes (com autocolantes)"},"content":{"rendered":"<p>Cor aleat\u00f3ria das fatias. Capa laminada. P\u00e1ginas impressas apenas de um lado para um suporte \u00f3timo das p\u00e9rolas. Uma fita anti-aderente protege as caixas onde os diamantes s\u00e3o colados.<\/p>\n","protected":false},"excerpt":{"rendered":"<ul>\n<li><strong>10 p\u00e1ginas<\/strong>;<\/li>\n<li style=\"color: blue;\"><strong>Contas n\u00e3o fornecidas;<\/strong><\/li>\n<li><strong>447 cores<\/strong> da tabela de cores DMC ;<\/li>\n<li><strong>Papel<\/strong> grosso com <strong>relevo<\/strong>;<\/li>\n<li>Coluna autocolante <strong>para colar as missangas<\/strong>.<\/li>\n<\/ul>\n","protected":false},"featured_media":71098,"template":"","meta":{"footnotes":""},"product_brand":[],"product_cat":[7181,7280],"class_list":{"0":"post-71247","1":"product","2":"type-product","3":"status-publish","4":"has-post-thumbnail","6":"product_cat-acessorios","7":"product_cat-promo-pt","9":"first","10":"instock","11":"sale","12":"taxable","13":"shipping-taxable","14":"purchasable","15":"product-type-simple"},"aioseo_notices":[],"_links":{"self":[{"href":"https:\/\/diamant-strass-dmc.com\/pt-pt\/wp-json\/wp\/v2\/product\/71247","targetHints":{"allow":["GET"]}}],"collection":[{"href":"https:\/\/diamant-strass-dmc.com\/pt-pt\/wp-json\/wp\/v2\/product"}],"about":[{"href":"https:\/\/diamant-strass-dmc.com\/pt-pt\/wp-json\/wp\/v2\/types\/product"}],"version-history":[{"count":1,"href":"https:\/\/diamant-strass-dmc.com\/pt-pt\/wp-json\/wp\/v2\/product\/71247\/revisions"}],"predecessor-version":[{"id":71258,"href":"https:\/\/diamant-strass-dmc.com\/pt-pt\/wp-json\/wp\/v2\/product\/71247\/revisions\/71258"}],"wp:featuredmedia":[{"embeddable":true,"href":"https:\/\/diamant-strass-dmc.com\/pt-pt\/wp-json\/wp\/v2\/media\/71098"}],"wp:attachment":[{"href":"https:\/\/diamant-strass-dmc.com\/pt-pt\/wp-json\/wp\/v2\/media?parent=71247"}],"wp:term":[{"taxonomy":"product_brand","embeddable":true,"href":"https:\/\/diamant-strass-dmc.com\/pt-pt\/wp-json\/wp\/v2\/product_brand?post=71247"},{"taxonomy":"product_cat","embeddable":true,"href":"https:\/\/diamant-strass-dmc.com\/pt-pt\/wp-json\/wp\/v2\/product_cat?post=71247"}],"curies":[{"name":"wp","href":"https:\/\/api.w.org\/{rel}","templated":true}]}}