{"id":64852,"date":"2023-11-14T15:12:50","date_gmt":"2023-11-14T16:16:16","guid":{"rendered":"https:\/\/diamant-strass-dmc.com\/perles-broderie\/pack-nuanciers-dmc-diamond-painting-pdf-xlsx-excel\/"},"modified":"2024-02-25T19:06:31","modified_gmt":"2024-02-25T18:06:31","slug":"tabela-cores-diamond-painting-dmc-pdf-excel-xlsx-descarregar","status":"publish","type":"product","link":"https:\/\/diamant-strass-dmc.com\/pt-pt\/perles-broderie\/tabela-cores-diamond-painting-dmc-pdf-excel-xlsx-descarregar\/","title":{"rendered":"O melhor pacote! 4 tabelas de cores DMC para pintura com diamantes em PDF e Excel (XLSX)"},"content":{"rendered":"<h2>Ficheiro n.\u00ba 1 (formato PDF)<\/h2>\n<p>Tabela de cores ordenada por tonalidade, com os nomes das cores e um local para colar as missangas. <strong>Documento de 6 p\u00e1ginas.<\/strong><\/p>\n<p><img loading=\"lazy\" decoding=\"async\" class=\"alignnone wp-image-64640\" src=\"https:\/\/diamant-strass-dmc.com\/wp-content\/uploads\/2023\/09\/colorbyshades.jpg\" alt=\"\" width=\"640\" height=\"392\" srcset=\"https:\/\/diamant-strass-dmc.com\/wp-content\/uploads\/2023\/09\/colorbyshades.jpg 766w, https:\/\/diamant-strass-dmc.com\/wp-content\/uploads\/2023\/09\/colorbyshades-300x184.jpg 300w, https:\/\/diamant-strass-dmc.com\/wp-content\/uploads\/2023\/09\/colorbyshades-416x255.jpg 416w, https:\/\/diamant-strass-dmc.com\/wp-content\/uploads\/2023\/09\/colorbyshades-324x198.jpg 324w\" sizes=\"auto, (max-width: 640px) 100vw, 640px\" \/><\/p>\n<h2>Ficheiro n.\u00ba 2 (formato PDF)<\/h2>\n<p>Tabela de cores ordenada por n\u00famero DMC, com os nomes das cores e um s\u00edtio para colar as missangas. <strong>Documento de 6 p\u00e1ginas.<\/strong><\/p>\n<p><img loading=\"lazy\" decoding=\"async\" class=\"alignnone wp-image-64756\" src=\"https:\/\/diamant-strass-dmc.com\/wp-content\/uploads\/2023\/11\/pdf_dp.png\" alt=\"\" width=\"640\" height=\"492\" srcset=\"https:\/\/diamant-strass-dmc.com\/wp-content\/uploads\/2023\/11\/pdf_dp.png 750w, https:\/\/diamant-strass-dmc.com\/wp-content\/uploads\/2023\/11\/pdf_dp-300x231.png 300w, https:\/\/diamant-strass-dmc.com\/wp-content\/uploads\/2023\/11\/pdf_dp-416x320.png 416w, https:\/\/diamant-strass-dmc.com\/wp-content\/uploads\/2023\/11\/pdf_dp-324x249.png 324w\" sizes=\"auto, (max-width: 640px) 100vw, 640px\" \/><\/p>\n<h2>Ficheiro n.\u00ba 3 (formato PDF)<\/h2>\n<p>Tabela de cores ordenada por n\u00famero DMC. <strong>Uma \u00fanica p\u00e1gina. Ideal para exposi\u00e7\u00e3o na parede.<\/strong><\/p>\n<p><img loading=\"lazy\" decoding=\"async\" class=\"alignnone wp-image-64771\" src=\"https:\/\/diamant-strass-dmc.com\/wp-content\/uploads\/2023\/11\/Sans-titre-13.png\" alt=\"\" width=\"641\" height=\"440\" srcset=\"https:\/\/diamant-strass-dmc.com\/wp-content\/uploads\/2023\/11\/Sans-titre-13.png 794w, https:\/\/diamant-strass-dmc.com\/wp-content\/uploads\/2023\/11\/Sans-titre-13-300x206.png 300w, https:\/\/diamant-strass-dmc.com\/wp-content\/uploads\/2023\/11\/Sans-titre-13-768x527.png 768w, https:\/\/diamant-strass-dmc.com\/wp-content\/uploads\/2023\/11\/Sans-titre-13-416x286.png 416w, https:\/\/diamant-strass-dmc.com\/wp-content\/uploads\/2023\/11\/Sans-titre-13-324x222.png 324w\" sizes=\"auto, (max-width: 641px) 100vw, 641px\" \/><\/p>\n<h2>Ficheiro n.\u00ba 4 (formato XLSX)<\/h2>\n<p><strong><img loading=\"lazy\" decoding=\"async\" class=\"alignnone wp-image-64786\" src=\"https:\/\/diamant-strass-dmc.com\/wp-content\/uploads\/2023\/11\/xlsx-color-chart-diamond-painting-1.png\" alt=\"\" width=\"641\" height=\"485\" srcset=\"https:\/\/diamant-strass-dmc.com\/wp-content\/uploads\/2023\/11\/xlsx-color-chart-diamond-painting-1.png 888w, https:\/\/diamant-strass-dmc.com\/wp-content\/uploads\/2023\/11\/xlsx-color-chart-diamond-painting-1-300x227.png 300w, https:\/\/diamant-strass-dmc.com\/wp-content\/uploads\/2023\/11\/xlsx-color-chart-diamond-painting-1-768x581.png 768w, https:\/\/diamant-strass-dmc.com\/wp-content\/uploads\/2023\/11\/xlsx-color-chart-diamond-painting-1-416x315.png 416w, https:\/\/diamant-strass-dmc.com\/wp-content\/uploads\/2023\/11\/xlsx-color-chart-diamond-painting-1-324x245.png 324w\" sizes=\"auto, (max-width: 641px) 100vw, 641px\" \/><\/strong><\/p>\n<p>Ficheiro <strong>de folha de c\u00e1lculo Excel<\/strong> (formato XLSX) <strong>a alterar conforme necess\u00e1rio<\/strong>.<\/p>\n<p>O ficheiro tem <strong>dois separadores<\/strong>: o primeiro ordena as cores por n\u00famero DMC e o segundo ordena as cores por tonalidade.<\/p>\n<p>Uma coluna &#8220;posi\u00e7\u00e3o&#8221; mostra o n\u00famero de posi\u00e7\u00e3o de cada cor, para que possa <strong>encontrar a sua classifica\u00e7\u00e3o inicial<\/strong>, se necess\u00e1rio.<\/p>\n<p>Compat\u00edvel com Excel, Google Sheets, OpenOffice, LibreOffice&#8230;<\/p>\n<p><img loading=\"lazy\" decoding=\"async\" class=\"alignnone size-full wp-image-64708\" src=\"https:\/\/diamant-strass-dmc.com\/wp-content\/uploads\/2023\/11\/bynumber.jpg\" alt=\"\" width=\"804\" height=\"631\" srcset=\"https:\/\/diamant-strass-dmc.com\/wp-content\/uploads\/2023\/11\/bynumber.jpg 804w, https:\/\/diamant-strass-dmc.com\/wp-content\/uploads\/2023\/11\/bynumber-300x235.jpg 300w, https:\/\/diamant-strass-dmc.com\/wp-content\/uploads\/2023\/11\/bynumber-768x603.jpg 768w, https:\/\/diamant-strass-dmc.com\/wp-content\/uploads\/2023\/11\/bynumber-416x326.jpg 416w, https:\/\/diamant-strass-dmc.com\/wp-content\/uploads\/2023\/11\/bynumber-324x254.jpg 324w\" sizes=\"auto, (max-width: 804px) 100vw, 804px\" \/><\/p>\n<p><img loading=\"lazy\" decoding=\"async\" class=\"alignnone size-full wp-image-64693\" src=\"https:\/\/diamant-strass-dmc.com\/wp-content\/uploads\/2023\/11\/bycolor.jpg\" alt=\"\" width=\"800\" height=\"610\" srcset=\"https:\/\/diamant-strass-dmc.com\/wp-content\/uploads\/2023\/11\/bycolor.jpg 800w, https:\/\/diamant-strass-dmc.com\/wp-content\/uploads\/2023\/11\/bycolor-300x229.jpg 300w, https:\/\/diamant-strass-dmc.com\/wp-content\/uploads\/2023\/11\/bycolor-768x586.jpg 768w, https:\/\/diamant-strass-dmc.com\/wp-content\/uploads\/2023\/11\/bycolor-416x317.jpg 416w, https:\/\/diamant-strass-dmc.com\/wp-content\/uploads\/2023\/11\/bycolor-324x247.jpg 324w\" sizes=\"auto, (max-width: 800px) 100vw, 800px\" \/><\/p>\n<style><!-- .enkar2div { display:none; } .pi-edd { display:none; } button.single_add_to_cart_button.button.alt { margin-bottom: 20px !important; } .contentpremier { visibility:hidden; } .contentsecond { display:none; } .premier { margin:0; } ul { margin-left:20px; } --><\/style>\n","protected":false},"excerpt":{"rendered":"<p style=\"color: blue;\"><span style=\"text-decoration: underline;\"><strong>IMPORTANTE<\/strong><\/span>: Este \u00e9 um produto virtual: trata-se de ficheiros que poder\u00e1 descarregar imediatamente ap\u00f3s a compra. Nenhum produto f\u00edsico ser\u00e1 enviado para o seu endere\u00e7o.<\/p>\n","protected":false},"featured_media":64603,"template":"","meta":{"footnotes":""},"product_brand":[],"product_cat":[7231],"class_list":{"0":"post-64852","1":"product","2":"type-product","3":"status-publish","4":"has-post-thumbnail","6":"product_cat-ficheiros-a-descarregar","8":"first","9":"instock","10":"sale","11":"downloadable","12":"virtual","13":"sold-individually","14":"taxable","15":"purchasable","16":"product-type-simple"},"aioseo_notices":[],"_links":{"self":[{"href":"https:\/\/diamant-strass-dmc.com\/pt-pt\/wp-json\/wp\/v2\/product\/64852","targetHints":{"allow":["GET"]}}],"collection":[{"href":"https:\/\/diamant-strass-dmc.com\/pt-pt\/wp-json\/wp\/v2\/product"}],"about":[{"href":"https:\/\/diamant-strass-dmc.com\/pt-pt\/wp-json\/wp\/v2\/types\/product"}],"version-history":[{"count":0,"href":"https:\/\/diamant-strass-dmc.com\/pt-pt\/wp-json\/wp\/v2\/product\/64852\/revisions"}],"wp:featuredmedia":[{"embeddable":true,"href":"https:\/\/diamant-strass-dmc.com\/pt-pt\/wp-json\/wp\/v2\/media\/64603"}],"wp:attachment":[{"href":"https:\/\/diamant-strass-dmc.com\/pt-pt\/wp-json\/wp\/v2\/media?parent=64852"}],"wp:term":[{"taxonomy":"product_brand","embeddable":true,"href":"https:\/\/diamant-strass-dmc.com\/pt-pt\/wp-json\/wp\/v2\/product_brand?post=64852"},{"taxonomy":"product_cat","embeddable":true,"href":"https:\/\/diamant-strass-dmc.com\/pt-pt\/wp-json\/wp\/v2\/product_cat?post=64852"}],"curies":[{"name":"wp","href":"https:\/\/api.w.org\/{rel}","templated":true}]}}