{"id":64848,"date":"2023-11-13T16:46:02","date_gmt":"2023-11-14T16:16:16","guid":{"rendered":"https:\/\/diamant-strass-dmc.com\/perles-broderie\/nuancier-dmc-du-diamond-painting-tableur-excel-xlsx-a-telecharger\/"},"modified":"2024-02-25T19:06:21","modified_gmt":"2024-02-25T18:06:21","slug":"tabela-cores-diamond-painting-dmc-folha-calculo-excel-xlsx-descarregar","status":"publish","type":"product","link":"https:\/\/diamant-strass-dmc.com\/pt-pt\/perles-broderie\/tabela-cores-diamond-painting-dmc-folha-calculo-excel-xlsx-descarregar\/","title":{"rendered":"Tabela de cores da pintura com diamantes DMC (folha de c\u00e1lculo Excel XLSX para descarregar)"},"content":{"rendered":"<p><strong>Ficheiro em formato .xlsx<\/strong> (folha de c\u00e1lculo compat\u00edvel com Excel, Google Sheets, OpenOffice, LibreOffice, etc.).<\/p>\n<ul>\n<li>As <strong>447 cores DMC<\/strong> da pintura com diamantes ;<\/li>\n<li>Livremente edit\u00e1vel (classificar, converter em PDF&#8230;) ;<\/li>\n<li><strong>2 separadores<\/strong>: ordena\u00e7\u00e3o por n\u00famero DMC e ordena\u00e7\u00e3o por tonalidade de cor ;<\/li>\n<li>Posi\u00e7\u00e3o&#8221; para voltar \u00e0 ordem de ordena\u00e7\u00e3o inicial.<\/li>\n<\/ul>\n<style><!-- .enkar2div { display:none; } .pi-edd { display:none; } button.single_add_to_cart_button.button.alt { margin-bottom: 20px !important; } .contentpremier { visibility:hidden; } .contentsecond { display:none; } .premier { margin:0; } ul { margin-left:20px; } --><\/style>\n","protected":false},"excerpt":{"rendered":"<p style=\"color: blue;\"><span style=\"text-decoration: underline;\"><strong>IMPORTANTE<\/strong><\/span>: Este \u00e9 um produto virtual: trata-se de um ficheiro que pode ser descarregado imediatamente ap\u00f3s a compra e impresso em casa. Nenhum produto f\u00edsico ser\u00e1 enviado para o seu endere\u00e7o.<\/p>\n","protected":false},"featured_media":64689,"template":"","meta":{"footnotes":""},"product_brand":[],"product_cat":[7231],"class_list":{"0":"post-64848","1":"product","2":"type-product","3":"status-publish","4":"has-post-thumbnail","6":"product_cat-ficheiros-a-descarregar","8":"first","9":"instock","10":"sale","11":"downloadable","12":"virtual","13":"sold-individually","14":"taxable","15":"purchasable","16":"product-type-simple"},"aioseo_notices":[],"_links":{"self":[{"href":"https:\/\/diamant-strass-dmc.com\/pt-pt\/wp-json\/wp\/v2\/product\/64848","targetHints":{"allow":["GET"]}}],"collection":[{"href":"https:\/\/diamant-strass-dmc.com\/pt-pt\/wp-json\/wp\/v2\/product"}],"about":[{"href":"https:\/\/diamant-strass-dmc.com\/pt-pt\/wp-json\/wp\/v2\/types\/product"}],"version-history":[{"count":0,"href":"https:\/\/diamant-strass-dmc.com\/pt-pt\/wp-json\/wp\/v2\/product\/64848\/revisions"}],"wp:featuredmedia":[{"embeddable":true,"href":"https:\/\/diamant-strass-dmc.com\/pt-pt\/wp-json\/wp\/v2\/media\/64689"}],"wp:attachment":[{"href":"https:\/\/diamant-strass-dmc.com\/pt-pt\/wp-json\/wp\/v2\/media?parent=64848"}],"wp:term":[{"taxonomy":"product_brand","embeddable":true,"href":"https:\/\/diamant-strass-dmc.com\/pt-pt\/wp-json\/wp\/v2\/product_brand?post=64848"},{"taxonomy":"product_cat","embeddable":true,"href":"https:\/\/diamant-strass-dmc.com\/pt-pt\/wp-json\/wp\/v2\/product_cat?post=64848"}],"curies":[{"name":"wp","href":"https:\/\/api.w.org\/{rel}","templated":true}]}}