{"id":61530,"date":"2023-09-15T02:03:33","date_gmt":"2023-09-15T00:09:11","guid":{"rendered":"https:\/\/diamant-strass-dmc.com\/perles-broderie\/nuancier-dmc-diamond-painting-par-nuance-pdf-telecharger\/"},"modified":"2024-02-25T19:06:16","modified_gmt":"2024-02-25T18:06:16","slug":"tabela-cores-dmc-diamond-painting-por-tonalidade-ficheiro-pdf-descarregavel","status":"publish","type":"product","link":"https:\/\/diamant-strass-dmc.com\/pt-pt\/perles-broderie\/tabela-cores-dmc-diamond-painting-por-tonalidade-ficheiro-pdf-descarregavel\/","title":{"rendered":"Tabela de cores DMC da diamond painting por tonalidade (ficheiro PDF descarreg\u00e1vel)"},"content":{"rendered":"<ul>\n<li>As <strong>447 cores DMC<\/strong> de pintura diamante em <strong>6 p\u00e1ginas imprim\u00edveis<\/strong>;<\/li>\n<li><strong>Cores ordenadas por tonalidade<\/strong>;<\/li>\n<li>Formato de ficheiro PDF que garante <strong>uma impress\u00e3o perfeita<\/strong> nas cores DMC;<\/li>\n<li>P\u00e1ginas <strong>A4<\/strong> prontas para impress\u00e3o.<\/li>\n<\/ul>\n<style><!-- .enkar2div { display:none; } .pi-edd { display:none; } button.single_add_to_cart_button.button.alt { margin-bottom: 20px !important; } .contentpremier { visibility:hidden; } .contentsecond { display:none; } .premier { margin:0; } ul { margin-left:20px; } --><\/style>\n","protected":false},"excerpt":{"rendered":"<p style=\"color: blue;\"><span style=\"text-decoration: underline;\"><strong>IMPORTANTE<\/strong><\/span>: Este \u00e9 um produto virtual: trata-se de um ficheiro que pode ser descarregado imediatamente ap\u00f3s a compra e impresso em casa. Nenhum produto f\u00edsico ser\u00e1 enviado para o seu endere\u00e7o.<\/p>\n","protected":false},"featured_media":64573,"template":"","meta":{"footnotes":""},"product_brand":[],"product_cat":[7231],"class_list":{"0":"post-61530","1":"product","2":"type-product","3":"status-publish","4":"has-post-thumbnail","6":"product_cat-ficheiros-a-descarregar","8":"first","9":"instock","10":"sale","11":"downloadable","12":"virtual","13":"sold-individually","14":"taxable","15":"purchasable","16":"product-type-simple"},"aioseo_notices":[],"_links":{"self":[{"href":"https:\/\/diamant-strass-dmc.com\/pt-pt\/wp-json\/wp\/v2\/product\/61530","targetHints":{"allow":["GET"]}}],"collection":[{"href":"https:\/\/diamant-strass-dmc.com\/pt-pt\/wp-json\/wp\/v2\/product"}],"about":[{"href":"https:\/\/diamant-strass-dmc.com\/pt-pt\/wp-json\/wp\/v2\/types\/product"}],"version-history":[{"count":0,"href":"https:\/\/diamant-strass-dmc.com\/pt-pt\/wp-json\/wp\/v2\/product\/61530\/revisions"}],"wp:featuredmedia":[{"embeddable":true,"href":"https:\/\/diamant-strass-dmc.com\/pt-pt\/wp-json\/wp\/v2\/media\/64573"}],"wp:attachment":[{"href":"https:\/\/diamant-strass-dmc.com\/pt-pt\/wp-json\/wp\/v2\/media?parent=61530"}],"wp:term":[{"taxonomy":"product_brand","embeddable":true,"href":"https:\/\/diamant-strass-dmc.com\/pt-pt\/wp-json\/wp\/v2\/product_brand?post=61530"},{"taxonomy":"product_cat","embeddable":true,"href":"https:\/\/diamant-strass-dmc.com\/pt-pt\/wp-json\/wp\/v2\/product_cat?post=61530"}],"curies":[{"name":"wp","href":"https:\/\/api.w.org\/{rel}","templated":true}]}}