{"id":55091,"date":"2023-02-01T01:43:46","date_gmt":"2023-02-01T00:43:46","guid":{"rendered":"https:\/\/diamant-strass-dmc.com\/perles-broderie\/pintura-cabeca-estrio-metal-prata-prata-diamao-dourado-dourado\/"},"modified":"2023-12-03T18:44:38","modified_gmt":"2023-12-03T17:44:38","slug":"pintura-cabeca-estrio-metal-prata-prata-diamao-dourado-dourado-2","status":"publish","type":"product","link":"https:\/\/diamant-strass-dmc.com\/pt-pt\/perles-broderie\/pintura-cabeca-estrio-metal-prata-prata-diamao-dourado-dourado-2\/","title":{"rendered":"Cabe\u00e7as de canetas met\u00e1licas de prata ou ouro"},"content":{"rendered":"<p><span style=\"color:red;\"><strong>A primeira fotografia mostra os dois conjuntos dispon\u00edveis, mas o pre\u00e7o mostrado \u00e9 apenas para um conjunto.<\/strong><\/span><\/p>\n<p><strong>Conte\u00fado do conjunto :<\/strong><br \/>\n&#8211; 2 cabe\u00e7as para 1 diamante;<br \/>\n&#8211; 1 cabe\u00e7a angulada para 1 diamante ;<br \/>\n&#8211; 1 cabe\u00e7a para 3 diamantes;<br \/>\n&#8211; 1 cabe\u00e7a para 4 diamantes;<br \/>\n&#8211; 1 cabe\u00e7a para 5 diamantes;<br \/>\n&#8211; 1 cabe\u00e7a para 6 diamantes;<br \/>\n&#8211; 1 cabe\u00e7a para 7 diamantes ;<br \/>\n&#8211; 1 cabe\u00e7a para 8 diamantes ;<br \/>\n&#8211; 1 cabe\u00e7a para 9 diamantes;<br \/>\n&#8211; 1 cabe\u00e7a para 10 diamantes;<br \/>\n&#8211; 1 cabe\u00e7a de correc\u00e7\u00e3o.<\/p>\n<p>A cabe\u00e7a correctora, a ser inserida entre as fileiras de diamantes, permite posicion\u00e1-los correctamente.<\/p>\n","protected":false},"excerpt":{"rendered":"<p>&#8211; Em a\u00e7o inoxid\u00e1vel<br \/>\n&#8211; Apresentado numa pequena caixa de pl\u00e1stico<\/p>\n","protected":false},"featured_media":54915,"template":"","meta":{"footnotes":""},"product_brand":[],"product_cat":[7181],"class_list":{"0":"post-55091","1":"product","2":"type-product","3":"status-publish","4":"has-post-thumbnail","6":"product_cat-acessorios","8":"first","9":"instock","10":"sale","11":"taxable","12":"shipping-taxable","13":"purchasable","14":"product-type-variable","15":"has-default-attributes"},"aioseo_notices":[],"_links":{"self":[{"href":"https:\/\/diamant-strass-dmc.com\/pt-pt\/wp-json\/wp\/v2\/product\/55091","targetHints":{"allow":["GET"]}}],"collection":[{"href":"https:\/\/diamant-strass-dmc.com\/pt-pt\/wp-json\/wp\/v2\/product"}],"about":[{"href":"https:\/\/diamant-strass-dmc.com\/pt-pt\/wp-json\/wp\/v2\/types\/product"}],"version-history":[{"count":0,"href":"https:\/\/diamant-strass-dmc.com\/pt-pt\/wp-json\/wp\/v2\/product\/55091\/revisions"}],"wp:featuredmedia":[{"embeddable":true,"href":"https:\/\/diamant-strass-dmc.com\/pt-pt\/wp-json\/wp\/v2\/media\/54915"}],"wp:attachment":[{"href":"https:\/\/diamant-strass-dmc.com\/pt-pt\/wp-json\/wp\/v2\/media?parent=55091"}],"wp:term":[{"taxonomy":"product_brand","embeddable":true,"href":"https:\/\/diamant-strass-dmc.com\/pt-pt\/wp-json\/wp\/v2\/product_brand?post=55091"},{"taxonomy":"product_cat","embeddable":true,"href":"https:\/\/diamant-strass-dmc.com\/pt-pt\/wp-json\/wp\/v2\/product_cat?post=55091"}],"curies":[{"name":"wp","href":"https:\/\/api.w.org\/{rel}","templated":true}]}}