{"id":55032,"date":"2023-02-01T03:24:35","date_gmt":"2023-02-01T02:24:35","guid":{"rendered":"https:\/\/diamant-strass-dmc.com\/perles-broderie\/metal-stylo-heads-limited-edition\/"},"modified":"2023-12-03T18:44:34","modified_gmt":"2023-12-03T17:44:34","slug":"metal-stylo-heads-limited-edition","status":"publish","type":"product","link":"https:\/\/diamant-strass-dmc.com\/pt-pt\/perles-broderie\/metal-stylo-heads-limited-edition\/","title":{"rendered":"Edi\u00e7\u00e3o limitada de cabe\u00e7as de canetas met\u00e1licas"},"content":{"rendered":"<p><span style=\"color:red;\"><strong>Algumas das fotos mostram os dois conjuntos dispon\u00edveis, mas o pre\u00e7o mostrado \u00e9 apenas para um conjunto.<\/strong><\/span><\/p>\n<p><strong>Conte\u00fado do conjunto :<\/strong><br \/>\n&#8211; 1 cabe\u00e7a por 1 diamante ;<br \/>\n&#8211; 1 cabe\u00e7a angulada para 1 diamante ;<br \/>\n&#8211; 1 cabe\u00e7a para 3 diamantes;<br \/>\n&#8211; 1 cabe\u00e7a para 6 diamantes;<br \/>\n&#8211; 1 cabe\u00e7a para 9 diamantes;<br \/>\n&#8211; 1 cabe\u00e7a de correc\u00e7\u00e3o.<\/p>\n<p>A cabe\u00e7a correctora, a ser inserida entre as fileiras de diamantes, permite posicion\u00e1-los correctamente.<\/p>\n<p>As pontas do <strong>conjunto &#8220;Magic<\/strong> &#8221; s\u00e3o prateadas, assim\u00e9tricas e incrustadas com brilhantes pedras de strass.<\/p>\n<p>As pe\u00e7as finais da <strong>caixa &#8220;Renascen\u00e7a<\/strong> &#8221; s\u00e3o douradas e gravadas com arabescos.<\/p>\n","protected":false},"excerpt":{"rendered":"<p>&#8211; Edi\u00e7\u00e3o Limitada<br \/>\n&#8211; Em a\u00e7o inoxid\u00e1vel<br \/>\n&#8211; Apresentado numa pequena caixa de pl\u00e1stico<\/p>\n","protected":false},"featured_media":116131,"template":"","meta":{"footnotes":""},"product_brand":[],"product_cat":[7181],"class_list":{"0":"post-55032","1":"product","2":"type-product","3":"status-publish","4":"has-post-thumbnail","6":"product_cat-acessorios","8":"first","9":"instock","10":"sale","11":"taxable","12":"shipping-taxable","13":"purchasable","14":"product-type-variable"},"aioseo_notices":[],"_links":{"self":[{"href":"https:\/\/diamant-strass-dmc.com\/pt-pt\/wp-json\/wp\/v2\/product\/55032","targetHints":{"allow":["GET"]}}],"collection":[{"href":"https:\/\/diamant-strass-dmc.com\/pt-pt\/wp-json\/wp\/v2\/product"}],"about":[{"href":"https:\/\/diamant-strass-dmc.com\/pt-pt\/wp-json\/wp\/v2\/types\/product"}],"version-history":[{"count":0,"href":"https:\/\/diamant-strass-dmc.com\/pt-pt\/wp-json\/wp\/v2\/product\/55032\/revisions"}],"wp:featuredmedia":[{"embeddable":true,"href":"https:\/\/diamant-strass-dmc.com\/pt-pt\/wp-json\/wp\/v2\/media\/116131"}],"wp:attachment":[{"href":"https:\/\/diamant-strass-dmc.com\/pt-pt\/wp-json\/wp\/v2\/media?parent=55032"}],"wp:term":[{"taxonomy":"product_brand","embeddable":true,"href":"https:\/\/diamant-strass-dmc.com\/pt-pt\/wp-json\/wp\/v2\/product_brand?post=55032"},{"taxonomy":"product_cat","embeddable":true,"href":"https:\/\/diamant-strass-dmc.com\/pt-pt\/wp-json\/wp\/v2\/product_cat?post=55032"}],"curies":[{"name":"wp","href":"https:\/\/api.w.org\/{rel}","templated":true}]}}