{"id":46685,"date":"2022-08-10T21:29:16","date_gmt":"2022-08-10T19:29:16","guid":{"rendered":"https:\/\/diamant-strass-dmc.com\/perles-broderie\/100-sacos-zip-para-perolas-em-excesso\/"},"modified":"2024-09-16T18:44:48","modified_gmt":"2024-09-16T16:44:48","slug":"sacos-zip-micangas-diamantes-surplus","status":"publish","type":"product","link":"https:\/\/diamant-strass-dmc.com\/pt-pt\/perles-broderie\/sacos-zip-micangas-diamantes-surplus\/","title":{"rendered":"Sacos com fecho de correr grosso para as p\u00e9rolas excedentes"},"content":{"rendered":"<p>Este pacote de <strong>sacos com fecho de correr<\/strong> ser\u00e1 muito \u00fatil para guardar as tuas missangas ou os <strong>excedentes de missangas para pintar com diamantes<\/strong>.<br \/>\nEstes pequenos sacos t\u00eam um tamanho pr\u00e1tico de <strong>4 x 6 cm<\/strong> (tamanho \u00fatil, ou seja, excluindo a tira de fixa\u00e7\u00e3o). <\/p>\n<p>O fecho \u00e9 muito fi\u00e1vel e o <strong>pl\u00e1stico \u00e9 espesso<\/strong> (50 microns).<\/p>\n<p>A tira de fecho cont\u00e9m um orif\u00edcio de suspens\u00e3o central com 6 mm de di\u00e2metro.<\/p>\n","protected":false},"excerpt":{"rendered":"<p style=\"display:none;\">ok<\/p>\n","protected":false},"featured_media":35874,"template":"","meta":{"footnotes":""},"product_brand":[],"product_cat":[7181,7280],"class_list":{"0":"post-46685","1":"product","2":"type-product","3":"status-publish","4":"has-post-thumbnail","6":"product_cat-acessorios","7":"product_cat-promo-pt","9":"first","10":"instock","11":"sale","12":"taxable","13":"shipping-taxable","14":"purchasable","15":"product-type-variable","16":"has-default-attributes"},"aioseo_notices":[],"_links":{"self":[{"href":"https:\/\/diamant-strass-dmc.com\/pt-pt\/wp-json\/wp\/v2\/product\/46685","targetHints":{"allow":["GET"]}}],"collection":[{"href":"https:\/\/diamant-strass-dmc.com\/pt-pt\/wp-json\/wp\/v2\/product"}],"about":[{"href":"https:\/\/diamant-strass-dmc.com\/pt-pt\/wp-json\/wp\/v2\/types\/product"}],"version-history":[{"count":7,"href":"https:\/\/diamant-strass-dmc.com\/pt-pt\/wp-json\/wp\/v2\/product\/46685\/revisions"}],"predecessor-version":[{"id":76836,"href":"https:\/\/diamant-strass-dmc.com\/pt-pt\/wp-json\/wp\/v2\/product\/46685\/revisions\/76836"}],"wp:featuredmedia":[{"embeddable":true,"href":"https:\/\/diamant-strass-dmc.com\/pt-pt\/wp-json\/wp\/v2\/media\/35874"}],"wp:attachment":[{"href":"https:\/\/diamant-strass-dmc.com\/pt-pt\/wp-json\/wp\/v2\/media?parent=46685"}],"wp:term":[{"taxonomy":"product_brand","embeddable":true,"href":"https:\/\/diamant-strass-dmc.com\/pt-pt\/wp-json\/wp\/v2\/product_brand?post=46685"},{"taxonomy":"product_cat","embeddable":true,"href":"https:\/\/diamant-strass-dmc.com\/pt-pt\/wp-json\/wp\/v2\/product_cat?post=46685"}],"curies":[{"name":"wp","href":"https:\/\/api.w.org\/{rel}","templated":true}]}}