{"id":46618,"date":"2022-07-27T03:09:55","date_gmt":"2022-07-27T01:09:55","guid":{"rendered":"https:\/\/diamant-strass-dmc.com\/perles-broderie\/caneta-padrao-com-7-cabeca-de-diamante\/"},"modified":"2024-10-19T02:30:33","modified_gmt":"2024-10-19T00:30:33","slug":"standard-pen-embroidery-diamond","status":"publish","type":"product","link":"https:\/\/diamant-strass-dmc.com\/pt-pt\/perles-broderie\/standard-pen-embroidery-diamond\/","title":{"rendered":"Kit de 2 canetas de pintura diamantadas com cabe\u00e7as e pegas"},"content":{"rendered":"<p><strong>Comprimento da caneta: 12,6 cm.<\/strong><\/p>\n<p>Canetas standard compat\u00edveis com qualquer grip ou cabe\u00e7a de caneta standard.<\/p>\n<p>As cabe\u00e7as multidiamantes s\u00e3o utilizadas para apanhar e engastar v\u00e1rias contas ao mesmo tempo. Neste kit, encontrar\u00e1s uma cabe\u00e7a para engastar 3 diamantes ao mesmo tempo e outra para engastar 9 ao mesmo tempo (para al\u00e9m das 2 cabe\u00e7as para engastar apenas um). <\/p>\n<p>As cabe\u00e7as s\u00e3o semi-opacas, pelo que deixam passar a luz, mas tamb\u00e9m n\u00e3o s\u00e3o transparentes. O pl\u00e1stico \u00e9 branco fumado. <\/p>\n","protected":false},"excerpt":{"rendered":"<p style=\"margin-bottom:0;\"><strong>Este kit inclui :<\/strong><\/p>\n<ul>\n<li>1 caneta cor-de-rosa + 1 punho vermelho ;<\/li>\n<li>1 caneta azul + 1 pega azul ;<\/li>\n<li>2 cabe\u00e7as por 1 diamante ;<\/li>\n<li>1 cabe\u00e7a para 3 diamantes ;<\/li>\n<li>1 cabe\u00e7a para 9 diamantes.<\/li>\n<\/ul>\n","protected":false},"featured_media":79388,"template":"","meta":{"footnotes":""},"product_brand":[],"product_cat":[7181,7280],"class_list":{"0":"post-46618","1":"product","2":"type-product","3":"status-publish","4":"has-post-thumbnail","6":"product_cat-acessorios","7":"product_cat-promo-pt","9":"first","10":"instock","11":"sale","12":"taxable","13":"shipping-taxable","14":"purchasable","15":"product-type-simple"},"aioseo_notices":[],"_links":{"self":[{"href":"https:\/\/diamant-strass-dmc.com\/pt-pt\/wp-json\/wp\/v2\/product\/46618","targetHints":{"allow":["GET"]}}],"collection":[{"href":"https:\/\/diamant-strass-dmc.com\/pt-pt\/wp-json\/wp\/v2\/product"}],"about":[{"href":"https:\/\/diamant-strass-dmc.com\/pt-pt\/wp-json\/wp\/v2\/types\/product"}],"version-history":[{"count":1,"href":"https:\/\/diamant-strass-dmc.com\/pt-pt\/wp-json\/wp\/v2\/product\/46618\/revisions"}],"predecessor-version":[{"id":79446,"href":"https:\/\/diamant-strass-dmc.com\/pt-pt\/wp-json\/wp\/v2\/product\/46618\/revisions\/79446"}],"wp:featuredmedia":[{"embeddable":true,"href":"https:\/\/diamant-strass-dmc.com\/pt-pt\/wp-json\/wp\/v2\/media\/79388"}],"wp:attachment":[{"href":"https:\/\/diamant-strass-dmc.com\/pt-pt\/wp-json\/wp\/v2\/media?parent=46618"}],"wp:term":[{"taxonomy":"product_brand","embeddable":true,"href":"https:\/\/diamant-strass-dmc.com\/pt-pt\/wp-json\/wp\/v2\/product_brand?post=46618"},{"taxonomy":"product_cat","embeddable":true,"href":"https:\/\/diamant-strass-dmc.com\/pt-pt\/wp-json\/wp\/v2\/product_cat?post=46618"}],"curies":[{"name":"wp","href":"https:\/\/api.w.org\/{rel}","templated":true}]}}