{"id":46561,"date":"2022-07-27T23:28:44","date_gmt":"2022-07-27T21:28:44","guid":{"rendered":"https:\/\/diamant-strass-dmc.com\/perles-broderie\/caneta-luminosa-com-lupa-e-cabecas\/"},"modified":"2024-09-17T17:20:41","modified_gmt":"2024-09-17T15:20:41","slug":"illuminated-pen-cutting-heads-diamond","status":"publish","type":"product","link":"https:\/\/diamant-strass-dmc.com\/pt-pt\/perles-broderie\/illuminated-pen-cutting-heads-diamond\/","title":{"rendered":"Caneta ligeira com lupa e cabe\u00e7as"},"content":{"rendered":"<p>Esta caneta luminosa emite uma <strong>luz direcionada<\/strong> para facilitar a recolha e a coloca\u00e7\u00e3o dos diamantes.<\/p>\n<p>Alimentado por <strong>2 pilhas AAA (n\u00e3o inclu\u00eddas)<\/strong>, inclui <strong>v\u00e1rias cabe\u00e7as<\/strong> para segurar 1, 3 ou 6 diamantes, bem como uma &#8220;cabe\u00e7a corretora&#8221; para alinhar os diamantes quando inseridos entre filas.<\/p>\n<p>Esta caneta tamb\u00e9m inclui <strong>uma lupa<\/strong> girat\u00f3ria que se prende para aumentar a \u00e1rea a bordar e real\u00e7ar os pormenores.<\/p>\n<p>Liga e desliga a luz com o bot\u00e3o que se encontra na extremidade da caneta.<\/p>\n","protected":false},"excerpt":{"rendered":"<p><strong>Conte\u00fado do pacote :<\/strong><\/p>\n<ul>\n<li>1 caneta luminosa ;<\/li>\n<li>1 lupa de clip-on ;<\/li>\n<li>1 cabe\u00e7a normalizada 1 diamante ;<\/li>\n<li>1 cabe\u00e7a standard de 3 diamantes ;<\/li>\n<li>1 cabe\u00e7a 6 diamantes ;<\/li>\n<li>1 cabe\u00e7a de correc\u00e7\u00e3o ;<\/li>\n<\/ul>\n","protected":false},"featured_media":70701,"template":"","meta":{"footnotes":""},"product_brand":[],"product_cat":[7181,7280],"class_list":{"0":"post-46561","1":"product","2":"type-product","3":"status-publish","4":"has-post-thumbnail","6":"product_cat-acessorios","7":"product_cat-promo-pt","9":"first","10":"instock","11":"sale","12":"taxable","13":"shipping-taxable","14":"purchasable","15":"product-type-variable","16":"has-default-attributes"},"aioseo_notices":[],"_links":{"self":[{"href":"https:\/\/diamant-strass-dmc.com\/pt-pt\/wp-json\/wp\/v2\/product\/46561","targetHints":{"allow":["GET"]}}],"collection":[{"href":"https:\/\/diamant-strass-dmc.com\/pt-pt\/wp-json\/wp\/v2\/product"}],"about":[{"href":"https:\/\/diamant-strass-dmc.com\/pt-pt\/wp-json\/wp\/v2\/types\/product"}],"version-history":[{"count":4,"href":"https:\/\/diamant-strass-dmc.com\/pt-pt\/wp-json\/wp\/v2\/product\/46561\/revisions"}],"predecessor-version":[{"id":77509,"href":"https:\/\/diamant-strass-dmc.com\/pt-pt\/wp-json\/wp\/v2\/product\/46561\/revisions\/77509"}],"wp:featuredmedia":[{"embeddable":true,"href":"https:\/\/diamant-strass-dmc.com\/pt-pt\/wp-json\/wp\/v2\/media\/70701"}],"wp:attachment":[{"href":"https:\/\/diamant-strass-dmc.com\/pt-pt\/wp-json\/wp\/v2\/media?parent=46561"}],"wp:term":[{"taxonomy":"product_brand","embeddable":true,"href":"https:\/\/diamant-strass-dmc.com\/pt-pt\/wp-json\/wp\/v2\/product_brand?post=46561"},{"taxonomy":"product_cat","embeddable":true,"href":"https:\/\/diamant-strass-dmc.com\/pt-pt\/wp-json\/wp\/v2\/product_cat?post=46561"}],"curies":[{"name":"wp","href":"https:\/\/api.w.org\/{rel}","templated":true}]}}