{"id":46523,"date":"2022-07-28T01:36:54","date_gmt":"2022-10-05T00:02:27","guid":{"rendered":"https:\/\/diamant-strass-dmc.com\/perles-broderie\/cabeca-de-caneta-bordado-de-diamante\/"},"modified":"2024-09-17T17:45:06","modified_gmt":"2024-09-17T15:45:06","slug":"cabeca-stylo-brodery-diamante","status":"publish","type":"product","link":"https:\/\/diamant-strass-dmc.com\/pt-pt\/perles-broderie\/cabeca-stylo-brodery-diamante\/","title":{"rendered":"Cabe\u00e7as de caneta para pintar com diamantes"},"content":{"rendered":"<p>A foto mostra todas as cabe\u00e7as dispon\u00edveis, mas <strong>o pre\u00e7o \u00e9 para uma \u00fanica cabe\u00e7a<\/strong> e n\u00e3o para um lote, a menos que escolhas <strong><em>Todas as cabe\u00e7as, exceto &#8220;A &#8211; Cabe\u00e7a de corre\u00e7\u00e3o&#8221;.<\/em><\/strong>Nesse caso, receber\u00e1s as 13 cabe\u00e7as multidiamante mais a 1 cabe\u00e7a angular de diamante (14 cabe\u00e7as no total).<\/p>\n<p>Podem ser cravados <strong>3 a 15 diamantes<\/strong> de uma s\u00f3 vez, consoante o tamanho da cabe\u00e7a (figura na foto). Este tamanho \u00e9 selecionado em &#8220;tipo de cabe\u00e7a&#8221;.<\/p>\n<p>Oferecemos tamb\u00e9m uma cabe\u00e7a que permite a coloca\u00e7\u00e3o de apenas um diamante e cuja particularidade \u00e9 o facto de ser <strong>angular<\/strong>, oferecendo <strong>uma melhor ergonomia<\/strong> e posicionamento da caneta.<\/p>\n<p>Por fim, propomos a <strong>&#8220;cabe\u00e7a corretora<\/strong>&#8220;, que n\u00e3o permite a crava\u00e7\u00e3o dos diamantes, mas que \u00e9 inserida entre as fileiras para que os diamantes fiquem corretamente alinhados.<\/p>\n<p>Estas cabe\u00e7as adaptam-se a todas as canetas de pintura diamantadas normais, incluindo a caneta rosa b\u00e1sica fornecida na maioria dos kits.<\/p>\n<style><!-- .woo-selected-variation-item-name, .woocommerce-product-details__short-description { display:none !important; } li.variable-item { line-height: 1em; } --><\/style>\n","protected":false},"excerpt":{"rendered":"<p>Pintura de diamantes<\/p>\n","protected":false},"featured_media":69630,"template":"","meta":{"footnotes":""},"product_brand":[],"product_cat":[7181],"class_list":{"0":"post-46523","1":"product","2":"type-product","3":"status-publish","4":"has-post-thumbnail","6":"product_cat-acessorios","8":"first","9":"instock","10":"sale","11":"taxable","12":"shipping-taxable","13":"purchasable","14":"product-type-variable","15":"has-default-attributes"},"aioseo_notices":[],"_links":{"self":[{"href":"https:\/\/diamant-strass-dmc.com\/pt-pt\/wp-json\/wp\/v2\/product\/46523","targetHints":{"allow":["GET"]}}],"collection":[{"href":"https:\/\/diamant-strass-dmc.com\/pt-pt\/wp-json\/wp\/v2\/product"}],"about":[{"href":"https:\/\/diamant-strass-dmc.com\/pt-pt\/wp-json\/wp\/v2\/types\/product"}],"version-history":[{"count":9,"href":"https:\/\/diamant-strass-dmc.com\/pt-pt\/wp-json\/wp\/v2\/product\/46523\/revisions"}],"predecessor-version":[{"id":77578,"href":"https:\/\/diamant-strass-dmc.com\/pt-pt\/wp-json\/wp\/v2\/product\/46523\/revisions\/77578"}],"wp:featuredmedia":[{"embeddable":true,"href":"https:\/\/diamant-strass-dmc.com\/pt-pt\/wp-json\/wp\/v2\/media\/69630"}],"wp:attachment":[{"href":"https:\/\/diamant-strass-dmc.com\/pt-pt\/wp-json\/wp\/v2\/media?parent=46523"}],"wp:term":[{"taxonomy":"product_brand","embeddable":true,"href":"https:\/\/diamant-strass-dmc.com\/pt-pt\/wp-json\/wp\/v2\/product_brand?post=46523"},{"taxonomy":"product_cat","embeddable":true,"href":"https:\/\/diamant-strass-dmc.com\/pt-pt\/wp-json\/wp\/v2\/product_cat?post=46523"}],"curies":[{"name":"wp","href":"https:\/\/api.w.org\/{rel}","templated":true}]}}