{"id":46381,"date":"2022-09-07T02:33:03","date_gmt":"2022-09-07T00:33:03","guid":{"rendered":"https:\/\/diamant-strass-dmc.com\/perles-broderie\/caneta-unica-6-cabecas\/"},"modified":"2024-09-17T17:18:22","modified_gmt":"2024-09-17T15:18:22","slug":"pen-paind-diamond-diamond-paind-diamond","status":"publish","type":"product","link":"https:\/\/diamant-strass-dmc.com\/pt-pt\/perles-broderie\/pen-paind-diamond-diamond-paind-diamond\/","title":{"rendered":"Caneta &#8220;\u00fanica&#8221; + 6 cabe\u00e7as para pintar com diamantes"},"content":{"rendered":"<p>Cada conjunto cont\u00e9m <strong>1 caneta<\/strong> (azul ou rosa f\u00facsia) e <strong>6 cabe\u00e7as<\/strong>, <strong>4 lisas<\/strong> (para 1, 3, 6 e 9 diamantes), <strong>1 angular<\/strong> (para 1 diamante) e <strong>1 corrector<\/strong> (para alinhar os diamantes).<\/p>\n<p>Porque \u00e9 que esta caneta \u00e9 <strong>\u00fanica<\/strong>? Porque <strong>as suas linhas nunca s\u00e3o iguais!<\/strong><br \/> O efeito m\u00e1rmore \u00e9 <strong>sempre diferente<\/strong>, como podes ver numa das fotos ao lado.<\/p>\n<p>A caneta \u00e9 transl\u00facida, por isso tem um \u00f3ptimo aspecto \u00e0 luz do dia.<\/p>\n<p>Dimens\u00f5es (com cabe\u00e7as): 15,5 cm.<br \/>  Podes colocar uma cabe\u00e7a em cada extremidade.<\/p>\n","protected":false},"excerpt":{"rendered":"<p>Caneta \u00fanica: efeito marmoreado diferente para cada caneta (ver foto).<\/p>\n","protected":false},"featured_media":44635,"template":"","meta":{"footnotes":""},"product_brand":[],"product_cat":[7181],"class_list":{"0":"post-46381","1":"product","2":"type-product","3":"status-publish","4":"has-post-thumbnail","6":"product_cat-acessorios","8":"first","9":"instock","10":"sale","11":"taxable","12":"shipping-taxable","13":"purchasable","14":"product-type-variable","15":"has-default-attributes"},"aioseo_notices":[],"_links":{"self":[{"href":"https:\/\/diamant-strass-dmc.com\/pt-pt\/wp-json\/wp\/v2\/product\/46381","targetHints":{"allow":["GET"]}}],"collection":[{"href":"https:\/\/diamant-strass-dmc.com\/pt-pt\/wp-json\/wp\/v2\/product"}],"about":[{"href":"https:\/\/diamant-strass-dmc.com\/pt-pt\/wp-json\/wp\/v2\/types\/product"}],"version-history":[{"count":3,"href":"https:\/\/diamant-strass-dmc.com\/pt-pt\/wp-json\/wp\/v2\/product\/46381\/revisions"}],"predecessor-version":[{"id":77496,"href":"https:\/\/diamant-strass-dmc.com\/pt-pt\/wp-json\/wp\/v2\/product\/46381\/revisions\/77496"}],"wp:featuredmedia":[{"embeddable":true,"href":"https:\/\/diamant-strass-dmc.com\/pt-pt\/wp-json\/wp\/v2\/media\/44635"}],"wp:attachment":[{"href":"https:\/\/diamant-strass-dmc.com\/pt-pt\/wp-json\/wp\/v2\/media?parent=46381"}],"wp:term":[{"taxonomy":"product_brand","embeddable":true,"href":"https:\/\/diamant-strass-dmc.com\/pt-pt\/wp-json\/wp\/v2\/product_brand?post=46381"},{"taxonomy":"product_cat","embeddable":true,"href":"https:\/\/diamant-strass-dmc.com\/pt-pt\/wp-json\/wp\/v2\/product_cat?post=46381"}],"curies":[{"name":"wp","href":"https:\/\/api.w.org\/{rel}","templated":true}]}}