{"id":46347,"date":"2022-09-06T18:03:14","date_gmt":"2022-10-05T00:01:49","guid":{"rendered":"https:\/\/diamant-strass-dmc.com\/perles-broderie\/3-castors-rolo-adesivo\/"},"modified":"2023-12-03T18:44:45","modified_gmt":"2023-12-03T17:44:45","slug":"roulette-broderie-diamond-pintura","status":"publish","type":"product","link":"https:\/\/diamant-strass-dmc.com\/pt-pt\/perles-broderie\/roulette-broderie-diamond-pintura\/","title":{"rendered":"3 rod\u00edzios + rolo adesivo"},"content":{"rendered":"<p>1\/ <strong>Fixar um peda\u00e7o de fita adesiva<\/strong> \u00e0 volta da roda;<br \/>\n2\/ Enrole a roda na sua bandeja para <strong>agarrar os diamantes<\/strong>;<br \/>\n3\/ Enrole o rolo na sua tela para <strong>colar os diamantes<\/strong>.<\/p>\n<p>Coloque v\u00e1rios diamantes com os rod\u00edzios fornecidos neste kit, de 3 di\u00e2metros diferentes de acordo com as suas necessidades (quanto maior for o rod\u00edzio, mais diamantes poder\u00e1 colocar).<\/p>\n<p>Os rod\u00edzios s\u00e3o firmemente fixados \u00e0 extremidade do seu eixo com uma rosca, e s\u00e3o fornecidos 3 fusos para que se possa desfrutar dos diferentes tamanhos de rod\u00edzios sem ter de os desmontar de cada vez.<\/p>\n<p>\u00c9 tamb\u00e9m fornecido um rolo de fita adesiva com a largura dos rod\u00edzios.<\/p>\n<p><strong>A roda da roleta leva pr\u00e1tica, mas depois de a dominar, n\u00e3o poder\u00e1 passar sem ela!<\/strong><\/p>\n","protected":false},"excerpt":{"rendered":"<p><strong>Este kit cont\u00e9m :<\/strong><\/p>\n<ul>\n<li><strong>3 rod\u00edzios<\/strong> (di\u00e2metros 3 cm, 4 cm e 5 cm) ;<\/li>\n<li><strong>3 varas<\/strong> para as fixar;<\/li>\n<li><strong>1 rolo de fita adesiva<\/strong>.<\/li>\n<\/ul>\n","protected":false},"featured_media":44344,"template":"","meta":{"footnotes":""},"product_brand":[],"product_cat":[7181],"class_list":{"0":"post-46347","1":"product","2":"type-product","3":"status-publish","4":"has-post-thumbnail","6":"product_cat-acessorios","8":"first","9":"instock","10":"sale","11":"taxable","12":"shipping-taxable","13":"purchasable","14":"product-type-simple"},"aioseo_notices":[],"_links":{"self":[{"href":"https:\/\/diamant-strass-dmc.com\/pt-pt\/wp-json\/wp\/v2\/product\/46347","targetHints":{"allow":["GET"]}}],"collection":[{"href":"https:\/\/diamant-strass-dmc.com\/pt-pt\/wp-json\/wp\/v2\/product"}],"about":[{"href":"https:\/\/diamant-strass-dmc.com\/pt-pt\/wp-json\/wp\/v2\/types\/product"}],"version-history":[{"count":0,"href":"https:\/\/diamant-strass-dmc.com\/pt-pt\/wp-json\/wp\/v2\/product\/46347\/revisions"}],"wp:featuredmedia":[{"embeddable":true,"href":"https:\/\/diamant-strass-dmc.com\/pt-pt\/wp-json\/wp\/v2\/media\/44344"}],"wp:attachment":[{"href":"https:\/\/diamant-strass-dmc.com\/pt-pt\/wp-json\/wp\/v2\/media?parent=46347"}],"wp:term":[{"taxonomy":"product_brand","embeddable":true,"href":"https:\/\/diamant-strass-dmc.com\/pt-pt\/wp-json\/wp\/v2\/product_brand?post=46347"},{"taxonomy":"product_cat","embeddable":true,"href":"https:\/\/diamant-strass-dmc.com\/pt-pt\/wp-json\/wp\/v2\/product_cat?post=46347"}],"curies":[{"name":"wp","href":"https:\/\/api.w.org\/{rel}","templated":true}]}}