{"id":46317,"date":"2022-09-22T02:40:14","date_gmt":"2022-10-05T00:01:43","guid":{"rendered":"https:\/\/diamant-strass-dmc.com\/perles-broderie\/10-folhas-antiaderentes-de-cobertura-de-lona\/"},"modified":"2024-09-16T18:44:59","modified_gmt":"2024-09-16T16:44:59","slug":"folhas-antiadesivas-coberto-taile","status":"publish","type":"product","link":"https:\/\/diamant-strass-dmc.com\/pt-pt\/perles-broderie\/folhas-antiadesivas-coberto-taile\/","title":{"rendered":"Folhas antiaderentes para coberturas de lona"},"content":{"rendered":"<p>Podes descolar e colar v\u00e1rias <strong>vezes<\/strong>.<br \/>\n\u00c9 muito mais eficiente e agrad\u00e1vel, porque podes trabalhar em pequenas \u00e1reas<strong> sem ser impedido<\/strong> pela folha grande original, que muitas vezes acaba por n\u00e3o colar. <\/p>\n","protected":false},"excerpt":{"rendered":"<p style=\"display:none;\">ok<\/p>\n","protected":false},"featured_media":45366,"template":"","meta":{"footnotes":""},"product_brand":[],"product_cat":[7181,7280],"class_list":{"0":"post-46317","1":"product","2":"type-product","3":"status-publish","4":"has-post-thumbnail","6":"product_cat-acessorios","7":"product_cat-promo-pt","9":"first","10":"instock","11":"sale","12":"taxable","13":"shipping-taxable","14":"purchasable","15":"product-type-variable","16":"has-default-attributes"},"aioseo_notices":[],"_links":{"self":[{"href":"https:\/\/diamant-strass-dmc.com\/pt-pt\/wp-json\/wp\/v2\/product\/46317","targetHints":{"allow":["GET"]}}],"collection":[{"href":"https:\/\/diamant-strass-dmc.com\/pt-pt\/wp-json\/wp\/v2\/product"}],"about":[{"href":"https:\/\/diamant-strass-dmc.com\/pt-pt\/wp-json\/wp\/v2\/types\/product"}],"version-history":[{"count":2,"href":"https:\/\/diamant-strass-dmc.com\/pt-pt\/wp-json\/wp\/v2\/product\/46317\/revisions"}],"predecessor-version":[{"id":76967,"href":"https:\/\/diamant-strass-dmc.com\/pt-pt\/wp-json\/wp\/v2\/product\/46317\/revisions\/76967"}],"wp:featuredmedia":[{"embeddable":true,"href":"https:\/\/diamant-strass-dmc.com\/pt-pt\/wp-json\/wp\/v2\/media\/45366"}],"wp:attachment":[{"href":"https:\/\/diamant-strass-dmc.com\/pt-pt\/wp-json\/wp\/v2\/media?parent=46317"}],"wp:term":[{"taxonomy":"product_brand","embeddable":true,"href":"https:\/\/diamant-strass-dmc.com\/pt-pt\/wp-json\/wp\/v2\/product_brand?post=46317"},{"taxonomy":"product_cat","embeddable":true,"href":"https:\/\/diamant-strass-dmc.com\/pt-pt\/wp-json\/wp\/v2\/product_cat?post=46317"}],"curies":[{"name":"wp","href":"https:\/\/api.w.org\/{rel}","templated":true}]}}