{"id":46254,"date":"2022-08-30T22:19:36","date_gmt":"2022-08-30T20:19:36","guid":{"rendered":"https:\/\/diamant-strass-dmc.com\/perles-broderie\/regua-de-alinhamento-para-bordado-de-diamante\/"},"modified":"2024-09-17T17:41:13","modified_gmt":"2024-09-17T15:41:13","slug":"regua-alinhamento-bordado-diamante-diamante","status":"publish","type":"product","link":"https:\/\/diamant-strass-dmc.com\/pt-pt\/perles-broderie\/regua-alinhamento-bordado-diamante-diamante\/","title":{"rendered":"Regra de alinhamento para pintura de diamantes"},"content":{"rendered":"<p>Esta regra permitir-lhe-\u00e1 alinhar perfeitamente os seus diamantes.<\/p>\n<p>Ao escolher &#8220;uma r\u00e9gua de cada&#8221;, receber\u00e1 duas r\u00e9guas: uma para diamantes redondos e outra para diamantes quadrados.<\/p>\n<p>A r\u00e9gua \u00e9 forte mas <strong>deliberadamente muito fina<\/strong> para que n\u00e3o fique presa nos diamantes quando \u00e9 levantada da tela.<\/p>\n<p>1\/ Posicione a r\u00e9gua sobre a sua tela, depois cole cada diamante no espa\u00e7o fornecido.<\/p>\n<p>2\/ Em seguida, descascar suavemente a r\u00e9gua, dobrando-a ligeiramente (a sua flexibilidade permite isto).<\/p>\n<div style=\"order: 6; border: 1px solid grey; padding: 10px 10px 0 10px; display: block; font-size: 14px; margin-bottom: 20px;\">\n<p>A r\u00e9gua redonda de diamantes tem um espa\u00e7o para cada diamante na \u00e1rea onde ser\u00e1 colocada, enquanto que a r\u00e9gua quadrada de diamantes n\u00e3o revela todos eles.<\/p>\n<p>Mas o <strong>resultado do alinhamento perfeito ser\u00e1 o mesmo<\/strong>, uma vez que uma vez colocados os diamantes quadrados e retirada a r\u00e9gua da tela, s\u00f3 ter\u00e1 de colar os diamantes nos locais que a r\u00e9gua n\u00e3o revelou.<\/p>\n<p>E estes ser\u00e3o necessariamente colocados perfeitamente porque ser\u00e3o posicionados contra os diamantes j\u00e1 colados e bem alinhados.<\/p>\n<p>&nbsp;&nbsp;<\/p>\n<\/div>\n","protected":false},"excerpt":{"rendered":"<ul>\n<li>R\u00e9gua para diamantes redondos: 11,5 x 3 cm ;<\/li>\n<li>R\u00e9gua para diamantes quadrados: 15,5 x 4,5 cm.<\/p>\n<\/li>\n<\/ul>\n","protected":false},"featured_media":70902,"template":"","meta":{"footnotes":""},"product_brand":[],"product_cat":[7181,7280],"class_list":{"0":"post-46254","1":"product","2":"type-product","3":"status-publish","4":"has-post-thumbnail","6":"product_cat-acessorios","7":"product_cat-promo-pt","9":"first","10":"instock","11":"sale","12":"taxable","13":"shipping-taxable","14":"purchasable","15":"product-type-variable","16":"has-default-attributes"},"aioseo_notices":[],"_links":{"self":[{"href":"https:\/\/diamant-strass-dmc.com\/pt-pt\/wp-json\/wp\/v2\/product\/46254","targetHints":{"allow":["GET"]}}],"collection":[{"href":"https:\/\/diamant-strass-dmc.com\/pt-pt\/wp-json\/wp\/v2\/product"}],"about":[{"href":"https:\/\/diamant-strass-dmc.com\/pt-pt\/wp-json\/wp\/v2\/types\/product"}],"version-history":[{"count":8,"href":"https:\/\/diamant-strass-dmc.com\/pt-pt\/wp-json\/wp\/v2\/product\/46254\/revisions"}],"predecessor-version":[{"id":77562,"href":"https:\/\/diamant-strass-dmc.com\/pt-pt\/wp-json\/wp\/v2\/product\/46254\/revisions\/77562"}],"wp:featuredmedia":[{"embeddable":true,"href":"https:\/\/diamant-strass-dmc.com\/pt-pt\/wp-json\/wp\/v2\/media\/70902"}],"wp:attachment":[{"href":"https:\/\/diamant-strass-dmc.com\/pt-pt\/wp-json\/wp\/v2\/media?parent=46254"}],"wp:term":[{"taxonomy":"product_brand","embeddable":true,"href":"https:\/\/diamant-strass-dmc.com\/pt-pt\/wp-json\/wp\/v2\/product_brand?post=46254"},{"taxonomy":"product_cat","embeddable":true,"href":"https:\/\/diamant-strass-dmc.com\/pt-pt\/wp-json\/wp\/v2\/product_cat?post=46254"}],"curies":[{"name":"wp","href":"https:\/\/api.w.org\/{rel}","templated":true}]}}