{"id":64927,"date":"2023-11-14T22:43:01","date_gmt":"2023-11-14T21:43:01","guid":{"rendered":"https:\/\/diamant-strass-dmc.com\/diamond-painting-colours-dmc-near-replacement\/"},"modified":"2024-03-20T01:24:37","modified_gmt":"2024-03-20T00:24:37","slug":"diamond-painting-colours-dmc-near-replacement","status":"publish","type":"page","link":"https:\/\/diamant-strass-dmc.com\/pt-pt\/diamond-painting-colours-dmc-near-replacement\/","title":{"rendered":"Pintura de diamantes: cores DMC mais pr\u00f3ximas para substitui\u00e7\u00e3o"},"content":{"rendered":"<p>\ud83d\udc41\ufe0f Para <strong>ver as cores de substitui\u00e7\u00e3o<\/strong> mais pr\u00f3ximas, <span style=\"font-weight: bold; color: green;\">clique no nome da cor<\/span>.<\/p>\n<p>\u2b07\ufe0f Para <strong>ordenar a lista de cores por n\u00famero<\/strong>, clique em &#8220;Floss&#8221; (nome da coluna de n\u00fameros DMC).<\/p>\n<p>\ud83d\udd0e\u00a0Para <strong>encontrar uma determinada cor<\/strong>, introduza o seu n\u00famero DMC no campo acima da lista.<\/p>\n<p>\ud83d\udd19\u00a0Para <strong>voltar \u00e0 lista inicial<\/strong>, clique no bot\u00e3o &#8220;Clear&#8221; na parte inferior da lista de cores pr\u00f3ximas.<\/p>\n<p><iframe id=\"dmc\" style=\"width: 100%; height: 500px; border: 1px solid #01578B;\" src=\"https:\/\/threadcolors.com\/\"><\/iframe><\/p>\n","protected":false},"excerpt":{"rendered":"<p>\ud83d\udc41\ufe0f Para ver as cores de substitui\u00e7\u00e3o mais pr\u00f3ximas, clique no nome da cor. \u2b07\ufe0f Para ordenar a lista de cores por n\u00famero, clique em &#8220;Floss&#8221; (nome da coluna de n\u00fameros DMC). \ud83d\udd0e\u00a0Para encontrar uma determinada cor, introduza o seu n\u00famero DMC no campo acima da lista. \ud83d\udd19\u00a0Para voltar \u00e0 lista inicial, clique no bot\u00e3o [&hellip;]<\/p>\n","protected":false},"author":1,"featured_media":0,"parent":0,"menu_order":0,"comment_status":"closed","ping_status":"closed","template":"","meta":{"footnotes":""},"class_list":["post-64927","page","type-page","status-publish","hentry"],"blocksy_meta":[],"aioseo_notices":[],"_links":{"self":[{"href":"https:\/\/diamant-strass-dmc.com\/pt-pt\/wp-json\/wp\/v2\/pages\/64927","targetHints":{"allow":["GET"]}}],"collection":[{"href":"https:\/\/diamant-strass-dmc.com\/pt-pt\/wp-json\/wp\/v2\/pages"}],"about":[{"href":"https:\/\/diamant-strass-dmc.com\/pt-pt\/wp-json\/wp\/v2\/types\/page"}],"author":[{"embeddable":true,"href":"https:\/\/diamant-strass-dmc.com\/pt-pt\/wp-json\/wp\/v2\/users\/1"}],"replies":[{"embeddable":true,"href":"https:\/\/diamant-strass-dmc.com\/pt-pt\/wp-json\/wp\/v2\/comments?post=64927"}],"version-history":[{"count":2,"href":"https:\/\/diamant-strass-dmc.com\/pt-pt\/wp-json\/wp\/v2\/pages\/64927\/revisions"}],"predecessor-version":[{"id":71681,"href":"https:\/\/diamant-strass-dmc.com\/pt-pt\/wp-json\/wp\/v2\/pages\/64927\/revisions\/71681"}],"wp:attachment":[{"href":"https:\/\/diamant-strass-dmc.com\/pt-pt\/wp-json\/wp\/v2\/media?parent=64927"}],"curies":[{"name":"wp","href":"https:\/\/api.w.org\/{rel}","templated":true}]}}