{"id":63103,"date":"2023-10-27T23:25:44","date_gmt":"2023-10-27T21:25:44","guid":{"rendered":"https:\/\/diamant-strass-dmc.com\/entrega-retorno-troca\/"},"modified":"2026-01-04T02:42:05","modified_gmt":"2026-01-04T01:42:05","slug":"entrega-retorno-troca","status":"publish","type":"page","link":"https:\/\/diamant-strass-dmc.com\/pt-pt\/entrega-retorno-troca\/","title":{"rendered":"Entregas, devolu\u00e7\u00f5es e trocas"},"content":{"rendered":"<p>Os produtos propostos no s\u00edtio Diamant-Strass-DMC.com s\u00e3o armazenados no seu armaz\u00e9m em Fran\u00e7a.<\/p>\n<h2 style=\"margin-top: 50px;\">Expedi\u00e7\u00e3o e entrega<\/h2>\n<p>As encomendas s\u00e3o enviadas no prazo de 24 horas ap\u00f3s a encomenda.<\/p>\n<p>S\u00e3o enviados por carta simples, carta com acompanhamento ou Colissimo (servi\u00e7os La Poste em Fran\u00e7a) ou por Mondial Relay, consoante o n\u00famero e o peso dos envios.<\/p>\n<p>O prazo de entrega \u00e9 de 3 dias \u00fateis para a Fran\u00e7a e de 4 a 10 dias \u00fateis para os outros pa\u00edses, excluindo os eventuais atrasos de La Poste ou Mondial Relay fora do controlo de Diamant-Strass-DMC.com. Este prazo de entrega \u00e9 calculado em cada ficha de produto em fun\u00e7\u00e3o do pa\u00eds de liga\u00e7\u00e3o do cliente e depois indicado na p\u00e1gina de confirma\u00e7\u00e3o da encomenda em fun\u00e7\u00e3o do pa\u00eds indicado como endere\u00e7o de entrega.<\/p>\n<p>Apenas as encomendas de um valor m\u00ednimo s\u00e3o enviadas com rastreio. Este valor \u00e9 de 15\u20ac para um envio para Fran\u00e7a e de 20\u20ac para um envio para outro pa\u00eds. O n\u00famero de rastreio \u00e9 fornecido ao comprador no e-mail de confirma\u00e7\u00e3o de envio. Se a encomenda foi paga numa moeda diferente do euro, a taxa de c\u00e2mbio dessa moeda no dia da encomenda \u00e9 tida em conta para a convers\u00e3o num montante de 15\u20ac ou 20\u20ac.<\/p>\n<h2 style=\"margin-top: 50px;\">Atrasos e danos<\/h2>\n<p>Se o atraso dos servi\u00e7os postais for superior a 3 dias \u00fateis para a Fran\u00e7a ou 5 dias \u00fateis para os outros pa\u00edses, Diamant-Strass-DMC.com compromete-se a reenviar a encomenda com um n\u00famero de seguimento comunicado ao comprador.<\/p>\n<p>Se o prazo de entrega exceder 20 dias a contar da data da encomenda, o contrato de venda pode ser anulado e o cliente reembolsado na totalidade. Tamb\u00e9m \u00e9 poss\u00edvel pedir \u00e0 Diamant-Strass-DMC.com que reenvie imediatamente a encomenda atrasada ou perdida.<\/p>\n<p>Em caso de danos durante o transporte, deve ser apresentada uma reclama\u00e7\u00e3o justificada \u00e0 Diamant-Strass-DMC.com no prazo de 3 dias ap\u00f3s a entrega, acompanhada de uma fotografia, para o endere\u00e7o contact@diamant-strass-dmc.com.<\/p>\n<h2 style=\"margin-top: 50px;\">Zona de entrega<\/h2>\n<p>A Diamant-Strass-DMC.com efectua entregas em todo o mundo (sem restri\u00e7\u00f5es de pa\u00eds), mas certos acess\u00f3rios volumosos s\u00f3 podem ser enviados dentro da Uni\u00e3o Europeia. Se adicionares um acess\u00f3rio volumoso ao cesto de compras para um pa\u00eds fora da Uni\u00e3o Europeia, a encomenda \u00e9 tecnicamente imposs\u00edvel (uma mensagem de erro indicar\u00e1 isso ao comprador).<\/p>\n<h2 style=\"margin-top: 50px;\">Taxas de entrega<\/h2>\n<p>As despesas de envio s\u00e3o indicadas explicitamente na p\u00e1gina do cesto e na p\u00e1gina de confirma\u00e7\u00e3o da encomenda. Dependem de uma s\u00e9rie de factores, como o peso de todos os artigos.<\/p>\n<h2 style=\"margin-top: 50px;\">Feedback e debate<\/h2>\n<p>Os produtos comprados no s\u00edtio Web Diamant-Strass-DMC.com podem ser devolvidos no prazo de 30 dias a contar da data de compra para reembolso total ou troca por um artigo de valor semelhante. Os custos de envio dos artigos devolvidos \u00e0 Diamant-Strass-DMC.com ficam a cargo do cliente.<\/p>\n<p>Os pedidos devem ser enviados para contact@diamant-strass-dmc.com, indicando o n\u00famero de encomenda.<\/p>\n<p>O endere\u00e7o para devolu\u00e7\u00e3o \u00e9 o seguinte<\/p>\n<p>DIAMANT STRASS DMC<br \/>\n570 RUE DE SOLESMES<br \/>\n59213 VENDEGIES SUR ECAILLON<br \/>\nFRANCE<\/p>\n<p>Os artigos devolvidos ap\u00f3s este per\u00edodo de 30 dias n\u00e3o ser\u00e3o reembolsados ou trocados.<\/p>\n<p>Os produtos devem ser devolvidos limpos e sem danos. No caso de sacos selados de diamantes, por exemplo, n\u00e3o podem ter sido abertos.<\/p>\n","protected":false},"excerpt":{"rendered":"<p>Os produtos propostos no s\u00edtio Diamant-Strass-DMC.com s\u00e3o armazenados no seu armaz\u00e9m em Fran\u00e7a. Expedi\u00e7\u00e3o e entrega As encomendas s\u00e3o enviadas no prazo de 24 horas ap\u00f3s a encomenda. S\u00e3o enviados por carta simples, carta com acompanhamento ou Colissimo (servi\u00e7os La Poste em Fran\u00e7a) ou por Mondial Relay, consoante o n\u00famero e o peso dos envios. [&hellip;]<\/p>\n","protected":false},"author":1,"featured_media":0,"parent":0,"menu_order":0,"comment_status":"closed","ping_status":"closed","template":"","meta":{"footnotes":""},"class_list":["post-63103","page","type-page","status-publish","hentry"],"blocksy_meta":[],"aioseo_notices":[],"_links":{"self":[{"href":"https:\/\/diamant-strass-dmc.com\/pt-pt\/wp-json\/wp\/v2\/pages\/63103","targetHints":{"allow":["GET"]}}],"collection":[{"href":"https:\/\/diamant-strass-dmc.com\/pt-pt\/wp-json\/wp\/v2\/pages"}],"about":[{"href":"https:\/\/diamant-strass-dmc.com\/pt-pt\/wp-json\/wp\/v2\/types\/page"}],"author":[{"embeddable":true,"href":"https:\/\/diamant-strass-dmc.com\/pt-pt\/wp-json\/wp\/v2\/users\/1"}],"replies":[{"embeddable":true,"href":"https:\/\/diamant-strass-dmc.com\/pt-pt\/wp-json\/wp\/v2\/comments?post=63103"}],"version-history":[{"count":6,"href":"https:\/\/diamant-strass-dmc.com\/pt-pt\/wp-json\/wp\/v2\/pages\/63103\/revisions"}],"predecessor-version":[{"id":125164,"href":"https:\/\/diamant-strass-dmc.com\/pt-pt\/wp-json\/wp\/v2\/pages\/63103\/revisions\/125164"}],"wp:attachment":[{"href":"https:\/\/diamant-strass-dmc.com\/pt-pt\/wp-json\/wp\/v2\/media?parent=63103"}],"curies":[{"name":"wp","href":"https:\/\/api.w.org\/{rel}","templated":true}]}}