{"id":26483,"date":"2021-04-09T09:53:17","date_gmt":"2021-04-09T07:53:17","guid":{"rendered":"https:\/\/diamant-strass-dmc.com\/politica-de-privacidade-2\/"},"modified":"2024-09-08T03:40:14","modified_gmt":"2024-09-08T01:40:14","slug":"politica-de-privacidade","status":"publish","type":"page","link":"https:\/\/diamant-strass-dmc.com\/pt-pt\/politica-de-privacidade\/","title":{"rendered":"Pol\u00edtica de privacidade"},"content":{"rendered":"<p>Diamant-Strass-DMC.com atribui especial import\u00e2ncia \u00e0 prote\u00e7\u00e3o e seguran\u00e7a dos dados pessoais e banc\u00e1rios dos seus utilizadores.  <\/p>\n<h2 style=\"margin-top:50px;\">Gest\u00e3o de dados banc\u00e1rios<\/h2>\n<p>  A Diamant-Strass-DMC.com n\u00e3o armazena nem recolhe qualquer n\u00famero de cart\u00e3o de cr\u00e9dito introduzido pelo utilizador e n\u00e3o pode aceder a esta informa\u00e7\u00e3o.<br \/>\nEstas informa\u00e7\u00f5es s\u00e3o transmitidas de forma segura e encriptada pelos prestadores de servi\u00e7os de pagamento designados pela Diamant-Strass-DMC.com: <em>Stripe<\/em> se o comprador tiver escolhido a op\u00e7\u00e3o &#8220;Pagamento por cart\u00e3o de cr\u00e9dito&#8221; e <em>PayPal <\/em>se o comprador tiver escolhido a op\u00e7\u00e3o &#8220;Pagamento via PayPal&#8221;.<br \/>\nOutras plataformas de pagamento s\u00e3o explicitamente indicadas na p\u00e1gina de confirma\u00e7\u00e3o da encomenda.   Uma vez conclu\u00edda a transac\u00e7\u00e3o, estes prestadores de servi\u00e7os de pagamento informam a Diamant-Strass-DMC.com do sucesso ou insucesso do pagamento e n\u00e3o divulgam quaisquer outras informa\u00e7\u00f5es. Estas plataformas s\u00e3o as mais utilizadas pelos s\u00edtios comerciais e garantem a seguran\u00e7a das transac\u00e7\u00f5es, bem como a impossibilidade de qualquer pessoa aceder aos dados banc\u00e1rios se o s\u00edtio Diamant-Strass-DMC.com for pirateado, uma vez que n\u00e3o armazena quaisquer dados banc\u00e1rios.  <\/p>\n<h2 style=\"margin-top:50px;\">Gest\u00e3o de outros dados pessoais<\/h2>\n<p>  Nenhuma informa\u00e7\u00e3o pessoal do utilizador do s\u00edtio Diamant-Strass-DMC.com \u00e9 publicada sem o conhecimento do utilizador, trocada, transferida, cedida ou vendida a terceiros, seja por que meio for. Apenas a assun\u00e7\u00e3o da compra do s\u00edtio Diamant-Strass-DMC.com e dos seus direitos autoriza a DLP Web, editora do s\u00edtio Diamant-Strass-DMC.com, a transmitir as referidas informa\u00e7\u00f5es ao eventual comprador que, por sua vez, estaria vinculado \u00e0 mesma obriga\u00e7\u00e3o de preservar e modificar os dados em rela\u00e7\u00e3o ao utilizador do s\u00edtio Diamant-Strass-DMC.com. Em Fran\u00e7a, os dados pessoais s\u00e3o protegidos, nomeadamente, pela lei francesa n.\u00ba 78-87 de 6 de janeiro de 1978, pela lei francesa n.\u00ba 2004-801 de 6 de agosto de 2004, pelo artigo L. 226-13 do C\u00f3digo Penal e pela diretiva europeia de 24 de outubro de 1995.<br \/>\nNo site Diamant-Strass-DMC.com, em conformidade com o artigo 4 da lei francesa n.\u00ba 78-17 de 6 de janeiro de 1978, os dados relativos ao utilizador s\u00f3 s\u00e3o recolhidos para efeitos do servi\u00e7o oferecido pelo site, ou seja, o processamento de encomendas.  O utilizador fornece estas informa\u00e7\u00f5es com pleno conhecimento de causa, nomeadamente quando ele pr\u00f3prio as introduz. O utilizador do s\u00edtio Diamant-Strass-DMC.com \u00e9 ent\u00e3o informado se \u00e9 ou n\u00e3o obrigado a fornecer estas informa\u00e7\u00f5es. Em conformidade com as disposi\u00e7\u00f5es dos artigos 38\u00ba e seguintes da lei francesa 78-17 de 6 de janeiro de 1978 relativa \u00e0 prote\u00e7\u00e3o de dados, todos os utilizadores t\u00eam o direito de aceder, retificar, apagar e opor-se a quaisquer dados pessoais que lhes digam respeito.<br \/>\nPara exercer este direito, envia o teu pedido a Diamant-Strass-DMC.com por correio eletr\u00f3nico para contact@diamant-strass-dmc.com.<br \/>\nAs bases de dados s\u00e3o protegidas pelas disposi\u00e7\u00f5es da lei de 1 de julho de 1998 que transp\u00f5e a diretiva francesa 96\/9 de 11 de mar\u00e7o de 1996 relativa \u00e0 prote\u00e7\u00e3o jur\u00eddica das bases de dados.    <\/p>\n<style><!-- br { content: \" \";display: block;font-size: 100%;height: 2em; } --><\/style>\n","protected":false},"excerpt":{"rendered":"<p>Diamant-Strass-DMC.com atribui especial import\u00e2ncia \u00e0 prote\u00e7\u00e3o e seguran\u00e7a dos dados pessoais e banc\u00e1rios dos seus utilizadores. Gest\u00e3o de dados banc\u00e1rios A Diamant-Strass-DMC.com n\u00e3o armazena nem recolhe qualquer n\u00famero de cart\u00e3o de cr\u00e9dito introduzido pelo utilizador e n\u00e3o pode aceder a esta informa\u00e7\u00e3o. Estas informa\u00e7\u00f5es s\u00e3o transmitidas de forma segura e encriptada pelos prestadores de servi\u00e7os [&hellip;]<\/p>\n","protected":false},"author":1,"featured_media":0,"parent":0,"menu_order":0,"comment_status":"closed","ping_status":"closed","template":"template-fullwidth.php","meta":{"footnotes":""},"class_list":["post-26483","page","type-page","status-publish","hentry"],"blocksy_meta":[],"aioseo_notices":[],"_links":{"self":[{"href":"https:\/\/diamant-strass-dmc.com\/pt-pt\/wp-json\/wp\/v2\/pages\/26483","targetHints":{"allow":["GET"]}}],"collection":[{"href":"https:\/\/diamant-strass-dmc.com\/pt-pt\/wp-json\/wp\/v2\/pages"}],"about":[{"href":"https:\/\/diamant-strass-dmc.com\/pt-pt\/wp-json\/wp\/v2\/types\/page"}],"author":[{"embeddable":true,"href":"https:\/\/diamant-strass-dmc.com\/pt-pt\/wp-json\/wp\/v2\/users\/1"}],"replies":[{"embeddable":true,"href":"https:\/\/diamant-strass-dmc.com\/pt-pt\/wp-json\/wp\/v2\/comments?post=26483"}],"version-history":[{"count":2,"href":"https:\/\/diamant-strass-dmc.com\/pt-pt\/wp-json\/wp\/v2\/pages\/26483\/revisions"}],"predecessor-version":[{"id":76170,"href":"https:\/\/diamant-strass-dmc.com\/pt-pt\/wp-json\/wp\/v2\/pages\/26483\/revisions\/76170"}],"wp:attachment":[{"href":"https:\/\/diamant-strass-dmc.com\/pt-pt\/wp-json\/wp\/v2\/media?parent=26483"}],"curies":[{"name":"wp","href":"https:\/\/api.w.org\/{rel}","templated":true}]}}