{"id":26215,"date":"2021-04-08T09:22:00","date_gmt":"2021-04-08T07:22:00","guid":{"rendered":"https:\/\/diamant-strass-dmc.com\/legal\/"},"modified":"2024-09-08T03:40:07","modified_gmt":"2024-09-08T01:40:07","slug":"avisos-legais","status":"publish","type":"page","link":"https:\/\/diamant-strass-dmc.com\/pt-pt\/avisos-legais\/","title":{"rendered":"Informa\u00e7\u00e3o jur\u00eddica"},"content":{"rendered":"<p style=\"text-align: left;\">Em conformidade com as disposi\u00e7\u00f5es dos artigos 6-III e 19 da lei francesa n.\u00ba 2004-575 de 21 de junho de 2004 relativa \u00e0 confian\u00e7a na economia digital, conhecida como L.C.E.N., damos a conhecer as seguintes informa\u00e7\u00f5es aos utilizadores e visitantes do site diamant-strass-dmc.com:<\/p>\n<h2 style=\"margin-top:50px;\">1. Informa\u00e7\u00e3o jur\u00eddica<\/h2>\n<p>  O propriet\u00e1rio, criador do s\u00edtio e gestor da publica\u00e7\u00e3o \u00e9 a DPL Web, com sede social em 570 rue de Solesmes 59213 Vendegies-sur-\u00c9caillon (Fran\u00e7a), n\u00famero SIRET <strong>50778378500052<\/strong> e n\u00famero RCS <strong>Douai A 507 783 785<\/strong>.<br \/>\nO endere\u00e7o de correio eletr\u00f3nico do s\u00edtio web diamant-strass-dmc.com \u00e9 contact@diamant-strass-dmc.com .<br \/>\nO anfitri\u00e3o do s\u00edtio \u00e9: OVH, cujo endere\u00e7o \u00e9 2 Rue Kellermann 59100 Roubaix (Fran\u00e7a).    <\/p>\n<h2 style=\"margin-top:50px;\">2. Apresenta\u00e7\u00e3o e princ\u00edpio<\/h2>\n<p>  \u00c9 designado a seguir: Utilizador, qualquer utilizador da Internet que se ligue e utilize o s\u00edtio acima referido: diamant-strass-dmc.com. O site diamant-strass-dmc.com re\u00fane um conjunto de servi\u00e7os, no estado, colocados \u00e0 disposi\u00e7\u00e3o dos utilizadores. \u00c9 aqui especificado que este \u00faltimo deve permanecer cort\u00eas e mostrar boa f\u00e9 tanto para com os outros utilizadores como para com o webmaster do s\u00edtio diamant-strass-dmc.com. O s\u00edtio diamant-strass-dmc.com \u00e9 regularmente actualizado pela DPL Web, que se esfor\u00e7a por fornecer as informa\u00e7\u00f5es mais exactas poss\u00edveis (sob reserva das modifica\u00e7\u00f5es introduzidas desde a sua coloca\u00e7\u00e3o em linha), mas n\u00e3o pode garantir a exactid\u00e3o, a exaustividade e a actualidade das informa\u00e7\u00f5es difundidas no seu s\u00edtio, quer sejam da sua autoria ou de parceiros terceiros que lhe fornecem essas informa\u00e7\u00f5es. Consequentemente, os utilizadores reconhecem que utilizam estas informa\u00e7\u00f5es (que s\u00e3o indicativas, n\u00e3o exaustivas e sujeitas a altera\u00e7\u00f5es) sob a sua exclusiva responsabilidade.  <\/p>\n<h2 style=\"margin-top:50px;\">3. Acessibilidade<\/h2>\n<p>  O s\u00edtio diamant-strass-dmc.com est\u00e1, em princ\u00edpio, acess\u00edvel aos utilizadores 24 horas por dia, 7 dias por semana, exceto em caso de interrup\u00e7\u00e3o, programada ou n\u00e3o, para fins de manuten\u00e7\u00e3o ou em caso de for\u00e7a maior. Em caso de impossibilidade de acesso ao servi\u00e7o, o site diamant-strass-dmc.com compromete-se a fazer tudo o que estiver ao seu alcance para restabelecer o acesso ao servi\u00e7o e esfor\u00e7ar-se-\u00e1 por comunicar previamente aos utilizadores as datas e horas da interven\u00e7\u00e3o. Estando apenas sujeita a uma obriga\u00e7\u00e3o de meios, a diamant-strass-dmc.com n\u00e3o pode ser responsabilizada por qualquer dano, seja qual for a sua natureza, resultante da indisponibilidade do servi\u00e7o.  <\/p>\n<h2 style=\"margin-top:50px;\">4. Propriedade intelectual<\/h2>\n<p>  A DPL Web \u00e9 a propriet\u00e1ria exclusiva de todos os direitos de propriedade intelectual ou det\u00e9m os direitos de utiliza\u00e7\u00e3o sobre todos os elementos acess\u00edveis no site, tanto na estrutura como nos textos, imagens, gr\u00e1ficos, log\u00f3tipos, \u00edcones, sons, software. Qualquer reprodu\u00e7\u00e3o total ou parcial do site diamant-strass-dmc.com, representa\u00e7\u00e3o, modifica\u00e7\u00e3o, publica\u00e7\u00e3o, adapta\u00e7\u00e3o total ou parcial de qualquer um destes elementos, qualquer que seja o meio ou o processo utilizado, \u00e9 proibida, salvo autoriza\u00e7\u00e3o pr\u00e9via por escrito da DPL Web, propriet\u00e1ria, por e-mail (contact@diamant-strass-dmc.com).<br \/>\nSe n\u00e3o o fizeres, ser\u00e1s considerado como constituindo uma infra\u00e7\u00e3o e pass\u00edvel de ser processado em conformidade com as disposi\u00e7\u00f5es dos artigos L.335-2 e seguintes do C\u00f3digo da Propriedade Intelectual franc\u00eas.   <\/p>\n<h2 style=\"margin-top:50px;\">5. Hiperliga\u00e7\u00f5es<\/h2>\n<p>  O s\u00edtio diamant-strass-dmc.com cont\u00e9m uma s\u00e9rie de liga\u00e7\u00f5es de hipertexto para outros s\u00edtios (parceiros, informa\u00e7\u00f5es, etc.) criados com a autoriza\u00e7\u00e3o da DPL Web. No entanto, n\u00e3o est\u00e1 em condi\u00e7\u00f5es de verificar todo o conte\u00fado dos s\u00edtios visitados desta forma, pelo que declina qualquer responsabilidade por eventuais riscos de conte\u00fados il\u00edcitos.  <\/p>\n<h2 style=\"margin-top:50px;\">6. Protec\u00e7\u00e3o de bens e pessoas &#8211; gest\u00e3o de dados pessoais<\/h2>\n<p>  Em Fran\u00e7a, os dados pessoais s\u00e3o protegidos pela lei francesa n.\u00ba 78-87 de 6 de janeiro de 1978, pela lei francesa n.\u00ba 2004-801 de 6 de agosto de 2004, pelo artigo L. 226-13 do C\u00f3digo Penal franc\u00eas e pela Diretiva Europeia de 24 de outubro de 1995.<br \/>\nNo site diamant-strass-dmc.com, a DPL Web recolhe informa\u00e7\u00f5es pessoais (em conformidade com o artigo 4 da lei francesa n.\u00ba 78-17 de 6 de janeiro de 1978) relativas ao utilizador apenas para efeitos de determinados servi\u00e7os oferecidos pelo site diamant-strass-dmc.com.  O utilizador fornece estas informa\u00e7\u00f5es com pleno conhecimento de causa, nomeadamente quando ele pr\u00f3prio as introduz. \u00c9 ent\u00e3o especificado ao utilizador do s\u00edtio diamant-strass-dmc.com a obriga\u00e7\u00e3o ou n\u00e3o de fornecer esta informa\u00e7\u00e3o. Em conformidade com as disposi\u00e7\u00f5es dos artigos 38\u00ba e seguintes da lei francesa 78-17 de 6 de janeiro de 1978 relativa \u00e0 prote\u00e7\u00e3o de dados, todos os utilizadores t\u00eam o direito de aceder, retificar, apagar e opor-se aos dados pessoais que lhes dizem respeito.<br \/>\nPara exercer este direito, envia o teu pedido por correio eletr\u00f3nico para contact@diamant-strass-dmc.com.  Nenhuma informa\u00e7\u00e3o pessoal do utilizador do site diamant-strass-dmc.com \u00e9 publicada sem o conhecimento do utilizador, trocada, transferida, cedida ou vendida num suporte n\u00e3o especificado com terceiros. Apenas a hip\u00f3tese de compra do site diamant-strass-dmc.com e dos seus direitos autoriza a DPL Web a transmitir as referidas informa\u00e7\u00f5es ao eventual comprador que, por sua vez, estaria vinculado \u00e0 mesma obriga\u00e7\u00e3o de conserva\u00e7\u00e3o e modifica\u00e7\u00e3o dos dados relativamente ao utilizador do site diamant-strass-dmc.com. Diamant-Strass-DMC.com n\u00e3o armazena nem recolhe qualquer n\u00famero de cart\u00e3o de cr\u00e9dito introduzido pelo utilizador e n\u00e3o pode aceder tecnicamente a esta informa\u00e7\u00e3o.<br \/>\nAs bases de dados est\u00e3o protegidas pelas disposi\u00e7\u00f5es da lei de 1 de julho de 1998 que transp\u00f5e a diretiva francesa 96\/9 de 11 de mar\u00e7o de 1996 relativa \u00e0 prote\u00e7\u00e3o jur\u00eddica das bases de dados.   <\/p>\n<style><!-- br { content: \" \";display: block;font-size: 100%;height: 2em; } --><\/style>\n","protected":false},"excerpt":{"rendered":"<p>Em conformidade com as disposi\u00e7\u00f5es dos artigos 6-III e 19 da lei francesa n.\u00ba 2004-575 de 21 de junho de 2004 relativa \u00e0 confian\u00e7a na economia digital, conhecida como L.C.E.N., damos a conhecer as seguintes informa\u00e7\u00f5es aos utilizadores e visitantes do site diamant-strass-dmc.com: 1. Informa\u00e7\u00e3o jur\u00eddica O propriet\u00e1rio, criador do s\u00edtio e gestor da publica\u00e7\u00e3o [&hellip;]<\/p>\n","protected":false},"author":1,"featured_media":0,"parent":0,"menu_order":0,"comment_status":"closed","ping_status":"closed","template":"template-fullwidth.php","meta":{"footnotes":""},"class_list":["post-26215","page","type-page","status-publish","hentry"],"blocksy_meta":[],"aioseo_notices":[],"_links":{"self":[{"href":"https:\/\/diamant-strass-dmc.com\/pt-pt\/wp-json\/wp\/v2\/pages\/26215","targetHints":{"allow":["GET"]}}],"collection":[{"href":"https:\/\/diamant-strass-dmc.com\/pt-pt\/wp-json\/wp\/v2\/pages"}],"about":[{"href":"https:\/\/diamant-strass-dmc.com\/pt-pt\/wp-json\/wp\/v2\/types\/page"}],"author":[{"embeddable":true,"href":"https:\/\/diamant-strass-dmc.com\/pt-pt\/wp-json\/wp\/v2\/users\/1"}],"replies":[{"embeddable":true,"href":"https:\/\/diamant-strass-dmc.com\/pt-pt\/wp-json\/wp\/v2\/comments?post=26215"}],"version-history":[{"count":2,"href":"https:\/\/diamant-strass-dmc.com\/pt-pt\/wp-json\/wp\/v2\/pages\/26215\/revisions"}],"predecessor-version":[{"id":76152,"href":"https:\/\/diamant-strass-dmc.com\/pt-pt\/wp-json\/wp\/v2\/pages\/26215\/revisions\/76152"}],"wp:attachment":[{"href":"https:\/\/diamant-strass-dmc.com\/pt-pt\/wp-json\/wp\/v2\/media?parent=26215"}],"curies":[{"name":"wp","href":"https:\/\/api.w.org\/{rel}","templated":true}]}}