{"id":99610,"date":"2024-11-10T17:30:30","date_gmt":"2024-11-10T16:30:30","guid":{"rendered":"https:\/\/diamant-strass-dmc.com\/perles-broderie\/custom-diamond-painting-personnalise-photo\/"},"modified":"2025-11-20T23:02:42","modified_gmt":"2025-11-20T22:02:42","slug":"custom-diamond-painting-personnalise-photo","status":"publish","type":"product","link":"https:\/\/diamant-strass-dmc.com\/pl\/perles-broderie\/custom-diamond-painting-personnalise-photo\/","title":{"rendered":"M\u00f3j spersonalizowany diamentowy obraz"},"content":{"rendered":"<p><em>Kwadratowe diamenty s\u0105 ostrzejsze ni\u017c okr\u0105g\u0142e.<\/em><\/p>\n<p>Zaimportuj wybrane zdj\u0119cie lub obraz i otrzymaj go w formie diamentowego obrazu kilka dni p\u00f3\u017aniej!<\/p>\n<p><strong>Wszystko jest w zestawie<\/strong>: p\u0142\u00f3tno samoprzylepne, worki na koraliki, taca do sortowania, d\u0142ugopis i kwadraty kleju.<\/p>\n<p><!--<img loading=\"lazy\" decoding=\"async\" src=\"https:\/\/diamant-strass-dmc.com\/wp-content\/uploads\/2024\/11\/diamond-painting-dp-mycustom.jpg\" alt=\"Personnalisation diamond painting custom\" width=\"1024\" height=\"1024\" class=\"alignleft size-full wp-image-104929\" style=\"width:100%;margin-bottom:30px;\" srcset=\"https:\/\/diamant-strass-dmc.com\/wp-content\/uploads\/2024\/11\/diamond-painting-dp-mycustom.jpg 1024w, https:\/\/diamant-strass-dmc.com\/wp-content\/uploads\/2024\/11\/diamond-painting-dp-mycustom-300x300.jpg 300w, https:\/\/diamant-strass-dmc.com\/wp-content\/uploads\/2024\/11\/diamond-painting-dp-mycustom-768x768.jpg 768w, https:\/\/diamant-strass-dmc.com\/wp-content\/uploads\/2024\/11\/diamond-painting-dp-mycustom-416x416.jpg 416w, https:\/\/diamant-strass-dmc.com\/wp-content\/uploads\/2024\/11\/diamond-painting-dp-mycustom-600x600.jpg 600w\" sizes=\"auto, (max-width: 1024px) 100vw, 1024px\" \/>--><\/p>\n<p>Uwiecznij swoje najmilsze wspomnienia za pomoc\u0105 malowania diamentami i baw si\u0119 przy tym jeszcze lepiej.<\/p>\n<p>Portrety, zdj\u0119cia \u015blubne, zwierz\u0119ta domowe&#8230; Podaruj sobie lub <strong>bliskiej osobie<\/strong> oryginalny <strong>prezent,<\/strong> kt\u00f3rego szybko nie zapomni! <\/p>\n<p>Ka\u017cde zdj\u0119cie lub obraz niedostosowany do wybranego formatu zostanie przez nas nieznacznie zmieniony, ale nigdy zniekszta\u0142cony lub \u017ale wykadrowany. Je\u015bli masz jakiekolwiek w\u0105tpliwo\u015bci co do jako\u015bci oryginalnego obrazu lub zdj\u0119cia, skontaktujemy si\u0119 z Tob\u0105 przez e-mail, aby poprosi\u0107 o Twoj\u0105 opini\u0119. Je\u015bli nie jeste\u015b zadowolony z symulowanego wyniku, mo\u017cesz przes\u0142a\u0107 nam inny obraz lub otrzyma\u0107 zwrot pieni\u0119dzy. <\/p>\n<style><!-- .enkar2div, .wcuf_already_uploaded_data_container h4, a.button.download_small_button, button.button.delete_button, .newdp, .dayz { display:none !important; } div#wcuf_file_uploads_container { background: #eee;border-top:1px solid green; } .wcuf_upload_fields_row_element { margin-bottom:0 !important; } .wcuf_single_upload_field_container { margin-bottom:0 !important; } .single-product div.product table.variations { border-top:0; } .wcuf_single_upload_field_container { border:0 !important;margin-top:0 !important; } h4.wcuf_upload_field_title { color: #111 !important;font-size: 17px !important;font-family:arial; } p.wcuf_field_description { margin: 0 0 5px 0; } .wcuf_upload_drag_and_drop_area { margin-bottom:0 !important;background:white;border:2px dashed #333 !important; } .wcuf_drag_and_drop_area_description { color:#333 !important; } .wcuf_drag_and_drop_area_icon { fill:#01578B !important; } li.wcuf_file_preview_list_item { background:#DFF1F2 !important; } .wcuf_already_uploaded_data_container { background:#DFF1F2;border-radius:5px !important;border:2px solid black !important; } .wcuf_preview_file_title { color:#111; } .woocommerce-variation-price { display:block !important; } @media (max-width: 689px) { .woocommerce-product-details__short-description p.dp2 { margin-bottom:20px; } }\n\n .bf-banner {\n    background: linear-gradient(90deg, #000000, #111111, #ff0040, #000000);\n    background-size: 300% 300%;\n    animation: bfGradient 6s ease infinite;\n    color: #ffffff;\n    text-align: center;\n    padding: 10px 12px;\n    margin-bottom: 15px;\n    font-family: inherit;\n    font-weight: 800;\n    font-size: 16px;\n    line-height: 1.25;\n    text-transform: uppercase;\n    box-shadow: 0 2px 10px rgba(0,0,0,0.35);\n  }\n\n  .bf-banner-inner {\n    display: inline-flex;\n    align-items: center;\n    justify-content: center;\n    gap: 8px;\n    flex-wrap: wrap;\n  }\n\n  .bf-label {\n    display: inline-flex;\n    align-items: center;\n    gap: 6px;\n  }\n\n  .bf-label-emoji {\n    font-size: 18px;\n  }\n\n  .bf-badge {\n    display: inline-flex;\n    align-items: center;\n    justify-content: center;\n    padding: 4px 12px;\n    border-radius: 999px;\n    background: #ffffff;\n    color: #000000;\n    font-size: 15px;\n    font-weight: 900;\n    box-shadow: 0 0 0 2px rgba(255,255,255,0.25);\n    animation: bfPulse 1.8s ease-in-out infinite;\n    white-space: nowrap;\n  }\n\n  .bf-text {\n    font-size: 14px;\n    font-weight: 600;\n  }\n\n  @keyframes bfGradient {\n    0%   { background-position: 0% 50%; }\n    50%  { background-position: 100% 50%; }\n    100% { background-position:   0% 50%; }\n  }\n\n  @keyframes bfPulse {\n    0%   { transform: scale(1);   box-shadow: 0 0 0 2px rgba(255,255,255,0.25); }\n    50%  { transform: scale(1.08); box-shadow: 0 0 0 6px rgba(255,255,255,0.05); }\n    100% { transform: scale(1);   box-shadow: 0 0 0 2px rgba(255,255,255,0.25); }\n  }\n\n  @media (max-width: 600px) {\n    .bf-banner {\n      padding: 8px 8px;\n      font-size: 14px;\n    }\n    .bf-text {\n      font-size: 13px;\n    }\n  }\n\n--><\/style>\n","protected":false},"excerpt":{"rendered":"<p style=\"color:#0b63b0;margin-bottom:20px;\"><strong>Darmowa dostawa!<\/strong><\/p>\n<div class=\"bf-banner\">\n<div class=\"bf-banner-inner\">\n     <span class=\"bf-label\"><br \/>\n      <span class=\"bf-label-emoji\">\ud83d\udda4\ud83d\udd25<\/span><br \/>\n      <span>Black Friday<\/span><br \/>\n    <\/span><br \/>\n    <span class=\"bf-badge\">-50%<\/span><br \/>\n    <span class=\"bf-text\">na wszystkie p\u0142\u00f3tna<\/span>\n  <\/div>\n<\/div>\n<p class=\"dp3\">\ud83d\uddbc\ufe0f Twoje zdj\u0119cie przekszta\u0142cone w DP<\/p>\n<p class=\"dp3\">\ud83d\udcf8 Natychmiastowy podgl\u0105d efektu<\/p>\n<p class=\"dp3\">\u2705 Wszystko w zestawie: koraliki, klej, d\u0142ugopis\u2026<\/p>\n<p class=\"dp4\">\u2728 Stw\u00f3rz sw\u00f3j obraz dzi\u0119ki AI.<\/p>\n","protected":false},"featured_media":104879,"template":"","meta":{"footnotes":""},"product_brand":[],"product_cat":[7184,7714],"class_list":{"0":"post-99610","1":"product","2":"type-product","3":"status-publish","4":"has-post-thumbnail","6":"product_cat-akcesoria","7":"product_cat-niestandardowe","8":"product_shipping_class-custom","10":"first","11":"instock","12":"sale","13":"taxable","14":"shipping-taxable","15":"purchasable","16":"product-type-variable","17":"has-default-attributes"},"aioseo_notices":[],"_links":{"self":[{"href":"https:\/\/diamant-strass-dmc.com\/pl\/wp-json\/wp\/v2\/product\/99610","targetHints":{"allow":["GET"]}}],"collection":[{"href":"https:\/\/diamant-strass-dmc.com\/pl\/wp-json\/wp\/v2\/product"}],"about":[{"href":"https:\/\/diamant-strass-dmc.com\/pl\/wp-json\/wp\/v2\/types\/product"}],"version-history":[{"count":8,"href":"https:\/\/diamant-strass-dmc.com\/pl\/wp-json\/wp\/v2\/product\/99610\/revisions"}],"predecessor-version":[{"id":114468,"href":"https:\/\/diamant-strass-dmc.com\/pl\/wp-json\/wp\/v2\/product\/99610\/revisions\/114468"}],"wp:featuredmedia":[{"embeddable":true,"href":"https:\/\/diamant-strass-dmc.com\/pl\/wp-json\/wp\/v2\/media\/104879"}],"wp:attachment":[{"href":"https:\/\/diamant-strass-dmc.com\/pl\/wp-json\/wp\/v2\/media?parent=99610"}],"wp:term":[{"taxonomy":"product_brand","embeddable":true,"href":"https:\/\/diamant-strass-dmc.com\/pl\/wp-json\/wp\/v2\/product_brand?post=99610"},{"taxonomy":"product_cat","embeddable":true,"href":"https:\/\/diamant-strass-dmc.com\/pl\/wp-json\/wp\/v2\/product_cat?post=99610"}],"curies":[{"name":"wp","href":"https:\/\/api.w.org\/{rel}","templated":true}]}}