{"id":9285,"date":"2020-12-29T02:27:42","date_gmt":"2021-04-08T05:53:15","guid":{"rendered":"https:\/\/diamant-strass-dmc.com\/perles-broderie\/diamenty-dmc-nr-307-citron\/"},"modified":"2021-04-08T07:53:15","modified_gmt":"2021-04-08T05:53:15","slug":"torba-diamenty-dmc-307","status":"publish","type":"product","link":"https:\/\/diamant-strass-dmc.com\/pl\/perles-broderie\/torba-diamenty-dmc-307\/","title":{"rendered":"Diamenty DMC nr 307 (Citron)"},"content":{"rendered":"<p>Worek z 200 <strong>diamentami nr 307<\/strong> (kod DMC) <strong>okr\u0105g\u0142y lub kwadratowy.<\/strong><br \/>Kolor: <strong>Cytryna<\/strong><br \/>Rodzina kolor\u00f3w: <strong>\u017b\u00f3\u0142ta<\/strong><br \/>Wysokiej jako\u015bci akrylowe strass.<br \/><strong>Standardowy rozmiar<\/strong> (kwadraty: 2,5 mm, okr\u0105g\u0142e: 2,8 mm).<\/p>\n","protected":false},"excerpt":{"rendered":"[widget id=\"advanced_text-2\"]\n","protected":false},"featured_media":90409,"template":"","meta":{"footnotes":""},"product_brand":[],"product_cat":[795],"class_list":{"0":"post-9285","1":"product","2":"type-product","3":"status-publish","4":"has-post-thumbnail","6":"product_cat-zolty","8":"first","9":"instock","10":"sale","11":"taxable","12":"shipping-taxable","13":"purchasable","14":"product-type-variable","15":"has-default-attributes"},"aioseo_notices":[],"_links":{"self":[{"href":"https:\/\/diamant-strass-dmc.com\/pl\/wp-json\/wp\/v2\/product\/9285","targetHints":{"allow":["GET"]}}],"collection":[{"href":"https:\/\/diamant-strass-dmc.com\/pl\/wp-json\/wp\/v2\/product"}],"about":[{"href":"https:\/\/diamant-strass-dmc.com\/pl\/wp-json\/wp\/v2\/types\/product"}],"version-history":[{"count":0,"href":"https:\/\/diamant-strass-dmc.com\/pl\/wp-json\/wp\/v2\/product\/9285\/revisions"}],"wp:featuredmedia":[{"embeddable":true,"href":"https:\/\/diamant-strass-dmc.com\/pl\/wp-json\/wp\/v2\/media\/90409"}],"wp:attachment":[{"href":"https:\/\/diamant-strass-dmc.com\/pl\/wp-json\/wp\/v2\/media?parent=9285"}],"wp:term":[{"taxonomy":"product_brand","embeddable":true,"href":"https:\/\/diamant-strass-dmc.com\/pl\/wp-json\/wp\/v2\/product_brand?post=9285"},{"taxonomy":"product_cat","embeddable":true,"href":"https:\/\/diamant-strass-dmc.com\/pl\/wp-json\/wp\/v2\/product_cat?post=9285"}],"curies":[{"name":"wp","href":"https:\/\/api.w.org\/{rel}","templated":true}]}}