{"id":71605,"date":"2022-07-28T02:29:20","date_gmt":"2022-07-28T00:29:20","guid":{"rendered":"https:\/\/diamant-strass-dmc.com\/perles-broderie\/sloiki-koraliki-hafty-diamenty\/"},"modified":"2025-10-31T04:11:26","modified_gmt":"2025-10-31T03:11:26","slug":"sloiki-koraliki-hafty-diamenty","status":"publish","type":"product","link":"https:\/\/diamant-strass-dmc.com\/pl\/perles-broderie\/sloiki-koraliki-hafty-diamenty\/","title":{"rendered":"S\u0142oiki na koraliki do malowania diament\u00f3w"},"content":{"rendered":"<p>Z<strong>estaw 10 s\u0142oiczk\u00f3w<\/strong> na diamentowe koraliki do haftu. Sprzedawane osobno (bez diament\u00f3w lub pude\u0142ka do ich przechowywania).<\/p>\n<p>Nadaje si\u0119 do okr\u0105g\u0142ych etykiet sprzedawanych r\u00f3wnie\u017c na naszej stronie.<\/p>\n<p>Ka\u017cdy s\u0142oik mo\u017ce pomie\u015bci\u0107 <strong>1600 diament\u00f3w<\/strong> lub <strong>8<\/strong> standardowych <strong>work\u00f3w po<\/strong> 200 diament\u00f3w.<\/p>\n<p>Wymiary: 50 mm wysoko\u015bci i 25 mm \u015brednicy.<\/p>\n<p>Ten produkt mo\u017ce zosta\u0107 wys\u0142any wy\u0142\u0105cznie jako paczka (nie w kopercie b\u0105belkowej). Koszty wysy\u0142ki s\u0105 odpowiednio obliczane.<\/p>\n","protected":false},"excerpt":{"rendered":"<p style=\"font-size: 14px; line-height: 1.2em;text-align:justify;padding-right:10px;\">\u26a0\ufe0f <strong>Ten przedmiot mo\u017ce by\u0107 wys\u0142any tylko na terenie Unii Europejskiej<\/strong> (Austria, Belgia, Bu\u0142garia, Chorwacja, Cypr, Czechy, Dania, Estonia, Finlandia, Francja, Niemcy, Grecja, W\u0119gry, Irlandia, W\u0142ochy, \u0141otwa, Litwa, Luksemburg, Malta, Holandia, Polska, Portugalia, Rumunia, S\u0142owacja, S\u0142owenia, Hiszpania i Szwecja).<\/p>\n","protected":false},"featured_media":44551,"template":"","meta":{"footnotes":""},"product_brand":[],"product_cat":[7184],"class_list":{"0":"post-71605","1":"product","2":"type-product","3":"status-publish","4":"has-post-thumbnail","6":"product_cat-akcesoria","7":"product_shipping_class-colissimo","9":"first","10":"instock","11":"sale","12":"taxable","13":"shipping-taxable","14":"purchasable","15":"product-type-variable","16":"has-default-attributes"},"aioseo_notices":[],"_links":{"self":[{"href":"https:\/\/diamant-strass-dmc.com\/pl\/wp-json\/wp\/v2\/product\/71605","targetHints":{"allow":["GET"]}}],"collection":[{"href":"https:\/\/diamant-strass-dmc.com\/pl\/wp-json\/wp\/v2\/product"}],"about":[{"href":"https:\/\/diamant-strass-dmc.com\/pl\/wp-json\/wp\/v2\/types\/product"}],"version-history":[{"count":2,"href":"https:\/\/diamant-strass-dmc.com\/pl\/wp-json\/wp\/v2\/product\/71605\/revisions"}],"predecessor-version":[{"id":79154,"href":"https:\/\/diamant-strass-dmc.com\/pl\/wp-json\/wp\/v2\/product\/71605\/revisions\/79154"}],"wp:featuredmedia":[{"embeddable":true,"href":"https:\/\/diamant-strass-dmc.com\/pl\/wp-json\/wp\/v2\/media\/44551"}],"wp:attachment":[{"href":"https:\/\/diamant-strass-dmc.com\/pl\/wp-json\/wp\/v2\/media?parent=71605"}],"wp:term":[{"taxonomy":"product_brand","embeddable":true,"href":"https:\/\/diamant-strass-dmc.com\/pl\/wp-json\/wp\/v2\/product_brand?post=71605"},{"taxonomy":"product_cat","embeddable":true,"href":"https:\/\/diamant-strass-dmc.com\/pl\/wp-json\/wp\/v2\/product_cat?post=71605"}],"curies":[{"name":"wp","href":"https:\/\/api.w.org\/{rel}","templated":true}]}}