{"id":71577,"date":"2022-09-06T19:22:08","date_gmt":"2022-09-06T17:22:08","guid":{"rendered":"https:\/\/diamant-strass-dmc.com\/perles-broderie\/walek-brodery-diamond-diamond-malowanie\/"},"modified":"2025-10-31T04:11:34","modified_gmt":"2025-10-31T03:11:34","slug":"walek-brodery-diamond-diamond-malowanie","status":"publish","type":"product","link":"https:\/\/diamant-strass-dmc.com\/pl\/perles-broderie\/walek-brodery-diamond-diamond-malowanie\/","title":{"rendered":"Diamentowy wa\u0142ek do haftu"},"content":{"rendered":"<p>Ten wytrzyma\u0142y wa\u0142ek zapewnia, \u017ce wszystkie diamenty s\u0105 <strong>ca\u0142kowicie przyklejone<\/strong>, a <strong>tkanina jest wyp<\/strong>oziomowana.<\/p>\n<p><strong>Wymiary: <\/strong>11,5 x 13 cm<br \/>\nUchwyt: 9 cm<br \/>\nRolka (czerwony cylinder): 9,5 cm<\/p>\n<p>Ten produkt mo\u017ce by\u0107 wys\u0142any tylko w paczce (nie w kopercie b\u0105belkowej). Koszty wysy\u0142ki s\u0105 obliczane odpowiednio.<\/p>\n","protected":false},"excerpt":{"rendered":"<p style=\"font-size: 14px; line-height: 1.2em;text-align:justify;padding-right:10px;\">\u26a0\ufe0f <strong>Ten przedmiot mo\u017ce by\u0107 wys\u0142any tylko na terenie Unii Europejskiej<\/strong> (Austria, Belgia, Bu\u0142garia, Chorwacja, Cypr, Czechy, Dania, Estonia, Finlandia, Francja, Niemcy, Grecja, W\u0119gry, Irlandia, W\u0142ochy, \u0141otwa, Litwa, Luksemburg, Malta, Holandia, Polska, Portugalia, Rumunia, S\u0142owacja, S\u0142owenia, Hiszpania i Szwecja).<\/p>\n","protected":false},"featured_media":148527,"template":"","meta":{"footnotes":""},"product_brand":[],"product_cat":[7184],"class_list":{"0":"post-71577","1":"product","2":"type-product","3":"status-publish","4":"has-post-thumbnail","6":"product_cat-akcesoria","7":"product_shipping_class-colissimo","9":"first","10":"instock","11":"sale","12":"taxable","13":"shipping-taxable","14":"purchasable","15":"product-type-simple"},"aioseo_notices":[],"_links":{"self":[{"href":"https:\/\/diamant-strass-dmc.com\/pl\/wp-json\/wp\/v2\/product\/71577","targetHints":{"allow":["GET"]}}],"collection":[{"href":"https:\/\/diamant-strass-dmc.com\/pl\/wp-json\/wp\/v2\/product"}],"about":[{"href":"https:\/\/diamant-strass-dmc.com\/pl\/wp-json\/wp\/v2\/types\/product"}],"version-history":[{"count":1,"href":"https:\/\/diamant-strass-dmc.com\/pl\/wp-json\/wp\/v2\/product\/71577\/revisions"}],"predecessor-version":[{"id":71579,"href":"https:\/\/diamant-strass-dmc.com\/pl\/wp-json\/wp\/v2\/product\/71577\/revisions\/71579"}],"wp:featuredmedia":[{"embeddable":true,"href":"https:\/\/diamant-strass-dmc.com\/pl\/wp-json\/wp\/v2\/media\/148527"}],"wp:attachment":[{"href":"https:\/\/diamant-strass-dmc.com\/pl\/wp-json\/wp\/v2\/media?parent=71577"}],"wp:term":[{"taxonomy":"product_brand","embeddable":true,"href":"https:\/\/diamant-strass-dmc.com\/pl\/wp-json\/wp\/v2\/product_brand?post=71577"},{"taxonomy":"product_cat","embeddable":true,"href":"https:\/\/diamant-strass-dmc.com\/pl\/wp-json\/wp\/v2\/product_cat?post=71577"}],"curies":[{"name":"wp","href":"https:\/\/api.w.org\/{rel}","templated":true}]}}