{"id":71567,"date":"2024-03-18T01:48:57","date_gmt":"2024-03-18T00:48:57","guid":{"rendered":"https:\/\/diamant-strass-dmc.com\/perles-broderie\/szklo-powiekszajace-klips-elastyczny-swiecacy-diament-malarstwo\/"},"modified":"2025-10-31T04:11:46","modified_gmt":"2025-10-31T03:11:46","slug":"szklo-powiekszajace-klips-elastyczny-swiecacy-diament-malarstwo","status":"publish","type":"product","link":"https:\/\/diamant-strass-dmc.com\/pl\/perles-broderie\/szklo-powiekszajace-klips-elastyczny-swiecacy-diament-malarstwo\/","title":{"rendered":"Elastyczna lupa z klipsem i o\u015bwietleniem LED"},"content":{"rendered":"<ul>\n<li>Powi\u0119kszenie <strong>x2,5<\/strong> + mini ostro\u015b\u0107 <strong>x5<\/strong>;<\/li>\n<li>Ukierunkowane podw\u00f3jne <strong>o\u015bwietlenie<\/strong> LED;<\/li>\n<li><strong>Elastyczne rami\u0119<\/strong>;<\/li>\n<li><strong>Mo\u017cliwo\u015b\u0107<\/strong> ca\u0142kowitego <strong>demonta\u017cu<\/strong>;<\/li>\n<li><strong>Mo\u017cliwo\u015b\u0107 przypi\u0119cia<\/strong> do dowolnej powierzchni.<\/li>\n<\/ul>\n<p>Dzia\u0142a na 3 baterie AAA (brak w zestawie). Wszystkie cz\u0119\u015bci lupy mo\u017cna odkr\u0119ci\u0107 w celu u\u0142atwienia transportu.<\/p>\n<p>Szk\u0142o powi\u0119kszaj\u0105ce pozwala widzie\u0107 2,5 razy wi\u0119cej, a soczewka skupiaj\u0105ca o \u015brednicy 2,5 cm pozwala widzie\u0107 5 razy wi\u0119cej.<\/p>\n<p>D\u0142ugo\u015b\u0107 elastycznego ramienia: 25 cm.<br \/>\n\u015arednica lupy: 12,5 cm.<\/p>\n<p>Ten produkt mo\u017ce by\u0107 wys\u0142any tylko w paczce (nie w kopercie b\u0105belkowej). Koszty wysy\u0142ki s\u0105 obliczane odpowiednio.<\/p>\n","protected":false},"excerpt":{"rendered":"<p style=\"font-size: 14px; line-height: 1.2em;text-align:justify;padding-right:10px;\">\u26a0\ufe0f <strong>Ten przedmiot mo\u017ce by\u0107 wys\u0142any tylko na terenie Unii Europejskiej<\/strong> (Austria, Belgia, Bu\u0142garia, Chorwacja, Cypr, Czechy, Dania, Estonia, Finlandia, Francja, Niemcy, Grecja, W\u0119gry, Irlandia, W\u0142ochy, \u0141otwa, Litwa, Luksemburg, Malta, Holandia, Polska, Portugalia, Rumunia, S\u0142owacja, S\u0142owenia, Hiszpania i Szwecja).<\/p>\n","protected":false},"featured_media":71328,"template":"","meta":{"footnotes":""},"product_brand":[],"product_cat":[7184],"class_list":{"0":"post-71567","1":"product","2":"type-product","3":"status-publish","4":"has-post-thumbnail","6":"product_cat-akcesoria","7":"product_shipping_class-colissimo","9":"first","10":"outofstock","11":"sale","12":"taxable","13":"shipping-taxable","14":"purchasable","15":"product-type-simple"},"aioseo_notices":[],"_links":{"self":[{"href":"https:\/\/diamant-strass-dmc.com\/pl\/wp-json\/wp\/v2\/product\/71567","targetHints":{"allow":["GET"]}}],"collection":[{"href":"https:\/\/diamant-strass-dmc.com\/pl\/wp-json\/wp\/v2\/product"}],"about":[{"href":"https:\/\/diamant-strass-dmc.com\/pl\/wp-json\/wp\/v2\/types\/product"}],"version-history":[{"count":2,"href":"https:\/\/diamant-strass-dmc.com\/pl\/wp-json\/wp\/v2\/product\/71567\/revisions"}],"predecessor-version":[{"id":100108,"href":"https:\/\/diamant-strass-dmc.com\/pl\/wp-json\/wp\/v2\/product\/71567\/revisions\/100108"}],"wp:featuredmedia":[{"embeddable":true,"href":"https:\/\/diamant-strass-dmc.com\/pl\/wp-json\/wp\/v2\/media\/71328"}],"wp:attachment":[{"href":"https:\/\/diamant-strass-dmc.com\/pl\/wp-json\/wp\/v2\/media?parent=71567"}],"wp:term":[{"taxonomy":"product_brand","embeddable":true,"href":"https:\/\/diamant-strass-dmc.com\/pl\/wp-json\/wp\/v2\/product_brand?post=71567"},{"taxonomy":"product_cat","embeddable":true,"href":"https:\/\/diamant-strass-dmc.com\/pl\/wp-json\/wp\/v2\/product_cat?post=71567"}],"curies":[{"name":"wp","href":"https:\/\/api.w.org\/{rel}","templated":true}]}}