{"id":71539,"date":"2024-03-01T23:52:23","date_gmt":"2024-03-01T22:52:23","guid":{"rendered":"https:\/\/diamant-strass-dmc.com\/perles-broderie\/lekka-polka-diamond-malowanie\/"},"modified":"2025-10-31T04:11:52","modified_gmt":"2025-10-31T03:11:52","slug":"lekka-polka-diamond-malowanie","status":"publish","type":"product","link":"https:\/\/diamant-strass-dmc.com\/pl\/perles-broderie\/lekka-polka-diamond-malowanie\/","title":{"rendered":"P\u00f3\u0142ka o\u015bwietleniowa A4 + uchwyt i klipsy"},"content":{"rendered":"<ul>\n<li><strong>Format A4<\/strong> (pod\u015bwietlana powierzchnia 31 x 23,5 cm) ;<\/li>\n<li>Stojak, kabel USB i 4 klipsy <strong>w zestawie<\/strong>;<\/li>\n<li>Tylko <strong>3 mm<\/strong> grubo\u015bci;<\/li>\n<li><strong>3 poziomy<\/strong> jasno\u015bci;<\/li>\n<li>Jednolite o\u015bwietlenie bez migotania.<\/li>\n<\/ul>\n<p>Kabel USB (w zestawie) mo\u017cna pod\u0142\u0105czy\u0107 do standardowej \u0142adowarki telefonu (brak w zestawie) lub innych standardowych port\u00f3w USB (komputer, niekt\u00f3re listwy zasilaj\u0105ce itp.).<\/p>\n<p>Ten produkt mo\u017ce by\u0107 wys\u0142any tylko w paczce (nie w kopercie b\u0105belkowej). Koszty wysy\u0142ki s\u0105 obliczane odpowiednio.<\/p>\n","protected":false},"excerpt":{"rendered":"<p style=\"font-size: 14px; line-height: 1.2em;text-align:justify;padding-right:10px;\">\u26a0\ufe0f <strong>Ten przedmiot mo\u017ce by\u0107 wys\u0142any tylko na terenie Unii Europejskiej<\/strong> (Austria, Belgia, Bu\u0142garia, Chorwacja, Cypr, Czechy, Dania, Estonia, Finlandia, Francja, Niemcy, Grecja, W\u0119gry, Irlandia, W\u0142ochy, \u0141otwa, Litwa, Luksemburg, Malta, Holandia, Polska, Portugalia, Rumunia, S\u0142owacja, S\u0142owenia, Hiszpania i Szwecja).<\/p>\n","protected":false},"featured_media":69207,"template":"","meta":{"footnotes":""},"product_brand":[],"product_cat":[7184],"class_list":{"0":"post-71539","1":"product","2":"type-product","3":"status-publish","4":"has-post-thumbnail","6":"product_cat-akcesoria","7":"product_shipping_class-colissimo","9":"first","10":"instock","11":"sale","12":"taxable","13":"shipping-taxable","14":"purchasable","15":"product-type-simple"},"aioseo_notices":[],"_links":{"self":[{"href":"https:\/\/diamant-strass-dmc.com\/pl\/wp-json\/wp\/v2\/product\/71539","targetHints":{"allow":["GET"]}}],"collection":[{"href":"https:\/\/diamant-strass-dmc.com\/pl\/wp-json\/wp\/v2\/product"}],"about":[{"href":"https:\/\/diamant-strass-dmc.com\/pl\/wp-json\/wp\/v2\/types\/product"}],"version-history":[{"count":1,"href":"https:\/\/diamant-strass-dmc.com\/pl\/wp-json\/wp\/v2\/product\/71539\/revisions"}],"predecessor-version":[{"id":71549,"href":"https:\/\/diamant-strass-dmc.com\/pl\/wp-json\/wp\/v2\/product\/71539\/revisions\/71549"}],"wp:featuredmedia":[{"embeddable":true,"href":"https:\/\/diamant-strass-dmc.com\/pl\/wp-json\/wp\/v2\/media\/69207"}],"wp:attachment":[{"href":"https:\/\/diamant-strass-dmc.com\/pl\/wp-json\/wp\/v2\/media?parent=71539"}],"wp:term":[{"taxonomy":"product_brand","embeddable":true,"href":"https:\/\/diamant-strass-dmc.com\/pl\/wp-json\/wp\/v2\/product_brand?post=71539"},{"taxonomy":"product_cat","embeddable":true,"href":"https:\/\/diamant-strass-dmc.com\/pl\/wp-json\/wp\/v2\/product_cat?post=71539"}],"curies":[{"name":"wp","href":"https:\/\/api.w.org\/{rel}","templated":true}]}}