{"id":71506,"date":"2022-07-28T17:39:30","date_gmt":"2022-07-28T15:39:30","guid":{"rendered":"https:\/\/diamant-strass-dmc.com\/perles-broderie\/valisette-box-range-beads-embroidery-diamond\/"},"modified":"2025-10-31T04:11:40","modified_gmt":"2025-10-31T03:11:40","slug":"valisette-box-range-beads-embroidery-diamond","status":"publish","type":"product","link":"https:\/\/diamant-strass-dmc.com\/pl\/perles-broderie\/valisette-box-range-beads-embroidery-diamond\/","title":{"rendered":"Walizka do przechowywania koralik\u00f3w (64 pude\u0142ka)"},"content":{"rendered":"<p>Diamenty nie s\u0105 dostarczane.<\/p>\n<p><strong>Zawarto\u015b\u0107 opakowania:<\/strong><br \/>\n&#8211; 1 pude\u0142ko do przechowywania<br \/>\n&#8211; 64 pude\u0142ka na koraliki<br \/>\n&#8211; 64 prostok\u0105tne etykiety<\/p>\n<p>Zabierz ze sob\u0105 do 64 referencji kolor\u00f3w diament\u00f3w!<br \/>\nTen ultrakompaktowy futera\u0142 ma dwa solidne zapi\u0119cia.<\/p>\n<ul>\n<li><strong>Wymiary obudowy<\/strong>: 22 x 13 x 5,4 cm (wysoko\u015b\u0107);<\/li>\n<li><strong>Wymiary pude\u0142ka<\/strong>: 2,5 x 5,1 x 1,1 cm (g\u0142\u0119boko\u015b\u0107);<\/li>\n<li><strong>Rozmiar etykiety<\/strong>: 2 x 1 cm.<\/li>\n<\/ul>\n<div class=\"woocommerce-tabs wc-tabs-wrapper\">\n<div id=\"tab-description\" class=\"woocommerce-Tabs-panel woocommerce-Tabs-panel--description panel entry-content wc-tab\" role=\"tabpanel\" aria-labelledby=\"tab-title-description\">\n<p>Ten produkt mo\u017ce by\u0107 wys\u0142any tylko w paczce (nie w kopercie b\u0105belkowej). Koszty wysy\u0142ki s\u0105 obliczane odpowiednio.<\/p>\n<\/div>\n<\/div>\n","protected":false},"excerpt":{"rendered":"<p style=\"font-size: 14px; line-height: 1.2em;text-align:justify;padding-right:10px;\">\u26a0\ufe0f <strong>Ten przedmiot mo\u017ce by\u0107 wys\u0142any tylko na terenie Unii Europejskiej<\/strong> (Austria, Belgia, Bu\u0142garia, Chorwacja, Cypr, Czechy, Dania, Estonia, Finlandia, Francja, Niemcy, Grecja, W\u0119gry, Irlandia, W\u0142ochy, \u0141otwa, Litwa, Luksemburg, Malta, Holandia, Polska, Portugalia, Rumunia, S\u0142owacja, S\u0142owenia, Hiszpania i Szwecja).<\/p>\n","protected":false},"featured_media":44514,"template":"","meta":{"footnotes":""},"product_brand":[],"product_cat":[7184],"class_list":{"0":"post-71506","1":"product","2":"type-product","3":"status-publish","4":"has-post-thumbnail","6":"product_cat-akcesoria","7":"product_shipping_class-colissimo","9":"first","10":"instock","11":"sale","12":"taxable","13":"shipping-taxable","14":"purchasable","15":"product-type-simple"},"aioseo_notices":[],"_links":{"self":[{"href":"https:\/\/diamant-strass-dmc.com\/pl\/wp-json\/wp\/v2\/product\/71506","targetHints":{"allow":["GET"]}}],"collection":[{"href":"https:\/\/diamant-strass-dmc.com\/pl\/wp-json\/wp\/v2\/product"}],"about":[{"href":"https:\/\/diamant-strass-dmc.com\/pl\/wp-json\/wp\/v2\/types\/product"}],"version-history":[{"count":2,"href":"https:\/\/diamant-strass-dmc.com\/pl\/wp-json\/wp\/v2\/product\/71506\/revisions"}],"predecessor-version":[{"id":100097,"href":"https:\/\/diamant-strass-dmc.com\/pl\/wp-json\/wp\/v2\/product\/71506\/revisions\/100097"}],"wp:featuredmedia":[{"embeddable":true,"href":"https:\/\/diamant-strass-dmc.com\/pl\/wp-json\/wp\/v2\/media\/44514"}],"wp:attachment":[{"href":"https:\/\/diamant-strass-dmc.com\/pl\/wp-json\/wp\/v2\/media?parent=71506"}],"wp:term":[{"taxonomy":"product_brand","embeddable":true,"href":"https:\/\/diamant-strass-dmc.com\/pl\/wp-json\/wp\/v2\/product_brand?post=71506"},{"taxonomy":"product_cat","embeddable":true,"href":"https:\/\/diamant-strass-dmc.com\/pl\/wp-json\/wp\/v2\/product_cat?post=71506"}],"curies":[{"name":"wp","href":"https:\/\/api.w.org\/{rel}","templated":true}]}}