{"id":71256,"date":"2024-03-17T02:22:39","date_gmt":"2024-03-17T22:12:06","guid":{"rendered":"https:\/\/diamant-strass-dmc.com\/perles-broderie\/katalog-book-dmc-diamond-painting\/"},"modified":"2024-03-17T23:14:37","modified_gmt":"2024-03-17T22:14:37","slug":"katalog-book-dmc-diamond-painting","status":"publish","type":"product","link":"https:\/\/diamant-strass-dmc.com\/pl\/perles-broderie\/katalog-book-dmc-diamond-painting\/","title":{"rendered":"Katalog kolor\u00f3w malowania diamentowego (z naklejkami)"},"content":{"rendered":"<p>Losowy kolor plasterka. Laminowana ok\u0142adka. Strony zadrukowane tylko z jednej strony dla optymalnej obs\u0142ugi pere\u0142. Nieprzywieraj\u0105cy pasek chroni pude\u0142ka, w kt\u00f3rych przyklejane s\u0105 diamenty.<\/p>\n","protected":false},"excerpt":{"rendered":"<ul>\n<li><strong>10 stron<\/strong>;<\/li>\n<li style=\"color: blue;\"><strong>Koraliki nie s\u0105 dostarczane;<\/strong><\/li>\n<li><strong>447 kolor\u00f3w<\/strong> z karty kolor\u00f3w DMC;<\/li>\n<li>Gruby <strong>wyt\u0142aczany papier<\/strong>;<\/li>\n<li>Samoprzylepna kolumna <strong>do przyklejania koralik\u00f3w<\/strong>.<\/li>\n<\/ul>\n","protected":false},"featured_media":71097,"template":"","meta":{"footnotes":""},"product_brand":[],"product_cat":[7184,7288],"class_list":{"0":"post-71256","1":"product","2":"type-product","3":"status-publish","4":"has-post-thumbnail","6":"product_cat-akcesoria","7":"product_cat-promo-pl","9":"first","10":"instock","11":"sale","12":"taxable","13":"shipping-taxable","14":"purchasable","15":"product-type-simple"},"aioseo_notices":[],"_links":{"self":[{"href":"https:\/\/diamant-strass-dmc.com\/pl\/wp-json\/wp\/v2\/product\/71256","targetHints":{"allow":["GET"]}}],"collection":[{"href":"https:\/\/diamant-strass-dmc.com\/pl\/wp-json\/wp\/v2\/product"}],"about":[{"href":"https:\/\/diamant-strass-dmc.com\/pl\/wp-json\/wp\/v2\/types\/product"}],"version-history":[{"count":1,"href":"https:\/\/diamant-strass-dmc.com\/pl\/wp-json\/wp\/v2\/product\/71256\/revisions"}],"predecessor-version":[{"id":71259,"href":"https:\/\/diamant-strass-dmc.com\/pl\/wp-json\/wp\/v2\/product\/71256\/revisions\/71259"}],"wp:featuredmedia":[{"embeddable":true,"href":"https:\/\/diamant-strass-dmc.com\/pl\/wp-json\/wp\/v2\/media\/71097"}],"wp:attachment":[{"href":"https:\/\/diamant-strass-dmc.com\/pl\/wp-json\/wp\/v2\/media?parent=71256"}],"wp:term":[{"taxonomy":"product_brand","embeddable":true,"href":"https:\/\/diamant-strass-dmc.com\/pl\/wp-json\/wp\/v2\/product_brand?post=71256"},{"taxonomy":"product_cat","embeddable":true,"href":"https:\/\/diamant-strass-dmc.com\/pl\/wp-json\/wp\/v2\/product_cat?post=71256"}],"curies":[{"name":"wp","href":"https:\/\/api.w.org\/{rel}","templated":true}]}}