{"id":68114,"date":"2022-01-18T20:08:30","date_gmt":"2024-02-12T17:43:44","guid":{"rendered":"https:\/\/diamant-strass-dmc.com\/perles-broderie\/torba-diamenty-ab-741\/"},"modified":"2024-02-12T18:43:44","modified_gmt":"2024-02-12T17:43:44","slug":"torba-diamenty-ab-741","status":"publish","type":"product","link":"https:\/\/diamant-strass-dmc.com\/pl\/perles-broderie\/torba-diamenty-ab-741\/","title":{"rendered":"Diamonds AB 741 (mandary\u0144ski)"},"content":{"rendered":"<div class=\"abdiams\"><strong><span style=\"text-decoration: underline;\"><a href=\"\/diamants-ab-crystal\/\">&#8222;Dowiedz si\u0119 wi\u0119cej o diamentach AB<\/a><\/span><\/strong><\/div>\n<p>Specjalne diamenty AB (iskrz\u0105cy, brokatowy efekt).<\/p>\n<p><span style=\"color:blue;\">Kwadratowe diamenty: 200 pere\u0142 w woreczku.<br \/>Okr\u0105g\u0142e diamenty: 300 pere\u0142 w woreczku.<\/span><\/p>\n<p>Zestaw <strong>okr\u0105g\u0142ych lub kwadratowych<\/strong> diament\u00f3w <strong>AB 741<\/strong> (kod DMC) do <strong>malowania diament\u00f3w<\/strong> (haft diamentowy).  <\/p>\n<p><strong>Standardowy rozmiar<\/strong>: koraliki pasuj\u0105ce do wszystkich marek (kwadratowe: 2,5 mm, okr\u0105g\u0142e: 2,8 mm).<\/p>\n<p>Kolor: <strong>mandary\u0144ski<\/strong><br \/>\nCyrkonie \u017cywiczne (wy\u017csza jako\u015b\u0107 ni\u017c akryl).<\/p>\n<p>Standardowy rozmiar <strong>kompatybilny ze wszystkimi tkaninami<\/strong><br \/><strong>Ekspresowa dostawa<\/strong><\/p>\n","protected":false},"excerpt":{"rendered":"<p>&#8222;Dowiedz si\u0119 wi\u0119cej o diamentach AB Specjalne diamenty AB (iskrz\u0105cy, brokatowy efekt). Kwadratowe diamenty: 200 pere\u0142 w woreczku.Okr\u0105g\u0142e diamenty: 300 pere\u0142 w woreczku. Zestaw okr\u0105g\u0142ych lub kwadratowych diament\u00f3w AB 741 (kod DMC) do malowania diament\u00f3w (haft diamentowy). Standardowy rozmiar: koraliki pasuj\u0105ce do wszystkich marek (kwadratowe: 2,5 mm, okr\u0105g\u0142e: 2,8 mm). Kolor: mandary\u0144ski Cyrkonie \u017cywiczne (wy\u017csza [&hellip;]<\/p>\n","protected":false},"featured_media":91474,"template":"","meta":{"footnotes":""},"product_brand":[],"product_cat":[7267],"class_list":{"0":"post-68114","1":"product","2":"type-product","3":"status-publish","4":"has-post-thumbnail","6":"product_cat-specjalne-diamenty-ab-i-crystal-ab","8":"first","9":"instock","10":"sale","11":"taxable","12":"shipping-taxable","13":"purchasable","14":"product-type-variable"},"aioseo_notices":[],"_links":{"self":[{"href":"https:\/\/diamant-strass-dmc.com\/pl\/wp-json\/wp\/v2\/product\/68114","targetHints":{"allow":["GET"]}}],"collection":[{"href":"https:\/\/diamant-strass-dmc.com\/pl\/wp-json\/wp\/v2\/product"}],"about":[{"href":"https:\/\/diamant-strass-dmc.com\/pl\/wp-json\/wp\/v2\/types\/product"}],"version-history":[{"count":0,"href":"https:\/\/diamant-strass-dmc.com\/pl\/wp-json\/wp\/v2\/product\/68114\/revisions"}],"wp:featuredmedia":[{"embeddable":true,"href":"https:\/\/diamant-strass-dmc.com\/pl\/wp-json\/wp\/v2\/media\/91474"}],"wp:attachment":[{"href":"https:\/\/diamant-strass-dmc.com\/pl\/wp-json\/wp\/v2\/media?parent=68114"}],"wp:term":[{"taxonomy":"product_brand","embeddable":true,"href":"https:\/\/diamant-strass-dmc.com\/pl\/wp-json\/wp\/v2\/product_brand?post=68114"},{"taxonomy":"product_cat","embeddable":true,"href":"https:\/\/diamant-strass-dmc.com\/pl\/wp-json\/wp\/v2\/product_cat?post=68114"}],"curies":[{"name":"wp","href":"https:\/\/api.w.org\/{rel}","templated":true}]}}