{"id":67784,"date":"2021-08-17T00:22:53","date_gmt":"2024-02-02T08:37:29","guid":{"rendered":"https:\/\/diamant-strass-dmc.com\/perles-broderie\/all-sachets-strass-diamonds-dmc-broderie-diamond-painting\/"},"modified":"2024-02-02T09:37:31","modified_gmt":"2024-02-02T08:37:31","slug":"all-sachets-strass-diamonds-dmc-broderie-diamond-painting","status":"publish","type":"product","link":"https:\/\/diamant-strass-dmc.com\/pl\/perles-broderie\/all-sachets-strass-diamonds-dmc-broderie-diamond-painting\/","title":{"rendered":"Zintegrowane opakowanie (wszystkie kolory DMC)"},"content":{"rendered":"<p>Chcesz mie\u0107 dost\u0119p do wszystkich kolor\u00f3w dost\u0119pnych w hafcie diamentowym?<\/p>\n<p>Oferujemy &#8222;pe\u0142ne opakowanie&#8221;, tj. <strong>torebk\u0119 ka\u017cdego z 447 kolor\u00f3w<\/strong> dost\u0119pnych w oficjalnej tabeli kolor\u00f3w DMC do malowania diamentami (kolory wymienione <a style=\"font-weight: bold; text-decoration: underline;\" href=\"\/code-couleur-nuancier-dmc\/\" target=\"_blank\" rel=\"noopener\">na tej<\/a> stronie).<\/p>\n<p>Z pe\u0142nym opakowaniem, skorzystaj z <strong>55% zni\u017cki<\/strong> z cen\u0105 za saszetk\u0119 <strong>0,45 \u20ac zamiast 0,99 \u20ac<\/strong> lub<strong> 199 \u20ac zamiast 442 \u20ac<\/strong>! Plus <strong>darmowa dostawa<\/strong>.<\/p>\n<p><em>Je\u015bli chcesz mie\u0107 kilka torebek w ka\u017cdym kolorze, zam\u00f3w kilka pe\u0142nych opakowa\u0144. Na przyk\u0142ad, je\u015bli dodasz do koszyka 3 pe\u0142ne opakowania &#8222;Okr\u0105g\u0142ych diament\u00f3w&#8221;, otrzymasz 3 okr\u0105g\u0142e opakowania ka\u017cdego koloru.  <\/em><em>Podobnie, je\u015bli chcesz otrzyma\u0107 torebk\u0119 ka\u017cdego koloru w ka\u017cdym kszta\u0142cie (okr\u0105g\u0142e i kwadratowe diamenty), po prostu zam\u00f3w pe\u0142ne opakowanie &#8222;Okr\u0105g\u0142ych diament\u00f3w&#8221; i pe\u0142ne opakowanie &#8222;Kwadratowych diament\u00f3w&#8221;.<\/em><\/p>\n<style><!-- .enkar2div { display:none; } --><\/style>\n","protected":false},"excerpt":{"rendered":"<p>Chcesz mie\u0107 dost\u0119p do wszystkich kolor\u00f3w dost\u0119pnych w hafcie diamentowym? Oferujemy &#8222;pe\u0142ne opakowanie&#8221;, tj. torebk\u0119 ka\u017cdego z 447 kolor\u00f3w dost\u0119pnych w oficjalnej tabeli kolor\u00f3w DMC do malowania diamentami (kolory wymienione na tej stronie). Z pe\u0142nym opakowaniem, skorzystaj z 55% zni\u017cki z cen\u0105 za saszetk\u0119 0,45 \u20ac zamiast 0,99 \u20ac lub 199 \u20ac zamiast 442 \u20ac! [&hellip;]<\/p>\n","protected":false},"featured_media":36012,"template":"","meta":{"footnotes":""},"product_brand":[],"product_cat":[7323],"class_list":{"0":"post-67784","1":"product","2":"type-product","3":"status-publish","4":"has-post-thumbnail","6":"product_cat-zintegrowane-opakowanie","8":"first","9":"instock","10":"sale","11":"taxable","12":"shipping-taxable","13":"purchasable","14":"product-type-variable"},"aioseo_notices":[],"_links":{"self":[{"href":"https:\/\/diamant-strass-dmc.com\/pl\/wp-json\/wp\/v2\/product\/67784","targetHints":{"allow":["GET"]}}],"collection":[{"href":"https:\/\/diamant-strass-dmc.com\/pl\/wp-json\/wp\/v2\/product"}],"about":[{"href":"https:\/\/diamant-strass-dmc.com\/pl\/wp-json\/wp\/v2\/types\/product"}],"version-history":[{"count":0,"href":"https:\/\/diamant-strass-dmc.com\/pl\/wp-json\/wp\/v2\/product\/67784\/revisions"}],"wp:featuredmedia":[{"embeddable":true,"href":"https:\/\/diamant-strass-dmc.com\/pl\/wp-json\/wp\/v2\/media\/36012"}],"wp:attachment":[{"href":"https:\/\/diamant-strass-dmc.com\/pl\/wp-json\/wp\/v2\/media?parent=67784"}],"wp:term":[{"taxonomy":"product_brand","embeddable":true,"href":"https:\/\/diamant-strass-dmc.com\/pl\/wp-json\/wp\/v2\/product_brand?post=67784"},{"taxonomy":"product_cat","embeddable":true,"href":"https:\/\/diamant-strass-dmc.com\/pl\/wp-json\/wp\/v2\/product_cat?post=67784"}],"curies":[{"name":"wp","href":"https:\/\/api.w.org\/{rel}","templated":true}]}}